{"id":709704,"date":"2025-08-27T16:28:28","date_gmt":"2025-08-27T13:28:28","guid":{"rendered":"https:\/\/roveyayinevi.com.tr\/index.php\/urun\/wonder-woman-cilt-1-yeni-dunya\/"},"modified":"2026-04-16T02:18:39","modified_gmt":"2026-04-15T23:18:39","slug":"wonder-woman-cilt-1-yeni-dunya","status":"publish","type":"product","link":"https:\/\/roveyayinevi.com.tr\/index.php\/urun\/wonder-woman-cilt-1-yeni-dunya\/","title":{"rendered":"Wonder Woman Cilt 1-Yeni D\u00fcnya"},"content":{"rendered":"<p>Ait Olmay\u0131 Ba\u015faramad\u0131\u011f\u0131 \u0130ki Ayr\u0131 D\u00fcnyan\u0131n Aras\u0131nda S\u0131k\u0131\u015f\u0131p Kalm\u0131\u015ft\u0131Grant Morrison ()F\u0131nal Cr\u0131s\u0131s, The Mult\u0131vers\u0131ty ve Yanick Paquette\u2019in (Swamp Th\u0131ng, Batman Inc.) usta zihinlerinden Wonder Woman hakk\u0131nda \u015fimdiye kadar g\u00f6rd\u00fc\u011f\u00fcn\u00fcz en k\u0131\u015fk\u0131rt\u0131c\u0131 ba\u015flang\u0131\u00e7 hik\u00e2yesi geliyor, onun zengin tarihini onurland\u0131ran m\u00fcthi\u015f, yeni bir anlat\u0131m.Binlerce y\u0131ld\u0131r, Cennet Adas\u0131\u2019n\u0131n Amazonlar\u0131 erkeklerin y\u0131k\u0131m\u0131ndan uzakta, g\u00fc\u00e7l\u00fc bir toplum kurmu\u015flard\u0131. Ama i\u00e7lerinden biri bu izole ya\u015famdan mutsuzdu: Diana, Amazonlar\u0131n Prensesi, adan\u0131n \u00f6tesinde \u00e7ok daha b\u00fcy\u00fck bir d\u00fcnya oldu\u011funu biliyor ve onu ke\u015ffetmek istiyordu; ancak korumac\u0131 annesi taraf\u0131ndan engelleniyordu. Diana ka\u00e7ma f\u0131rsat\u0131n\u0131 hayat\u0131nda g\u00f6rd\u00fc\u011f\u00fc ilk adam, Hava Kuvvetleri pilotu Steve Trevor ada sahiline \u00e7ak\u0131ld\u0131\u011f\u0131nda buldu. Pilotun durumu kritikti ve Diana onun hayat\u0131n\u0131 kurtarmak i\u00e7in \u00e7ok uzun zamand\u0131r Amazonlara yasak olan Erkeklerin D\u00fcnyas\u0131\u2019na cesaretle ad\u0131m att\u0131. Amazonlar ise pe\u015finden gelecek ve onu Cennet Adas\u0131\u2019na zincirlere vurarak geri g\u00f6t\u00fcreceklerdi \u00e7\u00fcnk\u00fc Diana onlara zulmeden d\u00fcnyadan uzak durmay\u0131 emreden en eski kanunlar\u0131n\u0131 \u00e7i\u011fnedi\u011fi i\u00e7in yarg\u0131lanmal\u0131yd\u0131.K\u0131\u015fk\u0131rt\u0131c\u0131 ama sayg\u0131l\u0131, ba\u015ftan sona modern ama belli bir zamana ait olmayan bu hik\u00e2yede, Cennet Adas\u0131\u2019n\u0131n en b\u00fcy\u00fck \u015fampiyonu Wonder Woman\u2019\u0131n g\u00fcc\u00fc ve cesareti DC Comics\u2019in New York Times \u00e7ok satan Yeni D\u00fcnya serisinin yeni \u00e7izgi roman\u0131yla okuyuculara sunuluyor!\u201cGrant Morrison \u00e7izgi romanlar\u0131n y\u00fcce \u015faman\u0131d\u0131r.\u201d-Wash\u0131ngton Post-&gt;\/p&gt;\u201cBir \u00e7izgi roman efsanesi.\u201d-Roll\u0131ng Stone-\u201cGrant Morrison, g\u00fcn\u00fcm\u00fcz\u00fcn en yetenekli \u00e7izgi roman yazarlar\u0131ndan biri.\u201d-New York T\u0131mes Book Rev\u0131ew- <\/p>\n","protected":false},"excerpt":{"rendered":"<p>Ait Olmay\u0131 Ba\u015faramad\u0131\u011f\u0131 \u0130ki Ayr\u0131 D\u00fcnyan\u0131n Aras\u0131nda S\u0131k\u0131\u015f\u0131p Kalm\u0131\u015ft\u0131Grant Morrison ()F\u0131nal Cr\u0131s\u0131s, The Mult\u0131vers\u0131ty ve Yanick Paquette\u2019in (Swamp Th\u0131ng, Batman Inc.) usta zihinlerinden Wonder Woman hakk\u0131nda<span class=\"excerpt-hellip\"> [\u2026]<\/span><\/p>\n","protected":false},"featured_media":0,"template":"","meta":{"_monsterinsights_skip_tracking":false,"_monsterinsights_sitenote_active":false,"_monsterinsights_sitenote_note":"","_monsterinsights_sitenote_category":0},"product_brand":[],"product_cat":[12689,12274],"product_tag":[],"class_list":{"0":"post-709704","1":"product","2":"type-product","3":"status-publish","5":"product_cat-cizgi-roman-cocuk-ve-genclik-kitaplari","6":"product_cat-cocuk-ve-genclik-kitaplari","7":"pa_cilt-ciltsiz","8":"pa_tur-kitap","9":"pa_yayinevi-yapi-kredi-yayinlari","10":"pa_yazar-grant-morrison","11":"pa_yazar-nathan-fairbairn","12":"pa_yazar-yanick-paquette","14":"first","15":"instock","16":"sale","17":"shipping-taxable","18":"purchasable","19":"product-type-simple"},"_links":{"self":[{"href":"https:\/\/roveyayinevi.com.tr\/index.php\/wp-json\/wp\/v2\/product\/709704","targetHints":{"allow":["GET"]}}],"collection":[{"href":"https:\/\/roveyayinevi.com.tr\/index.php\/wp-json\/wp\/v2\/product"}],"about":[{"href":"https:\/\/roveyayinevi.com.tr\/index.php\/wp-json\/wp\/v2\/types\/product"}],"wp:attachment":[{"href":"https:\/\/roveyayinevi.com.tr\/index.php\/wp-json\/wp\/v2\/media?parent=709704"}],"wp:term":[{"taxonomy":"product_brand","embeddable":true,"href":"https:\/\/roveyayinevi.com.tr\/index.php\/wp-json\/wp\/v2\/product_brand?post=709704"},{"taxonomy":"product_cat","embeddable":true,"href":"https:\/\/roveyayinevi.com.tr\/index.php\/wp-json\/wp\/v2\/product_cat?post=709704"},{"taxonomy":"product_tag","embeddable":true,"href":"https:\/\/roveyayinevi.com.tr\/index.php\/wp-json\/wp\/v2\/product_tag?post=709704"}],"curies":[{"name":"wp","href":"https:\/\/api.w.org\/{rel}","templated":true}]}}