{"id":709701,"date":"2025-08-27T16:28:26","date_gmt":"2025-08-27T13:28:26","guid":{"rendered":"https:\/\/roveyayinevi.com.tr\/index.php\/urun\/turk-un-aynasi\/"},"modified":"2026-04-16T02:18:39","modified_gmt":"2026-04-15T23:18:39","slug":"turk-un-aynasi","status":"publish","type":"product","link":"https:\/\/roveyayinevi.com.tr\/index.php\/urun\/turk-un-aynasi\/","title":{"rendered":"T\u00fcrk\u2019 \u00fcn Aynas\u0131"},"content":{"rendered":"<p>Avrupa Birli\u011fi Edebiyat \u00d6du\u0308lu\u0308\u2019ne lay\u0131k g\u00f6ru\u0308len Tu\u0308rk\u2019u\u0308n Aynas\u0131okuyucuyu, Muhte\u015fem Sultan Su\u0308leyman\u2019\u0131n yeni fethetti\u011fimu\u0308lku\u0308ne, 16. yu\u0308zy\u0131l Macaristan\u2019\u0131na zaman yolculu\u011funa \u00e7a\u011f\u0131r\u0131yor.\u0130ki bu\u0308yu\u0308k imparatorlu\u011fun belirsiz s\u0131n\u0131r boylar\u0131n\u0131, takvimlerin,vergi sistemlerinin, lisanlar\u0131n, elyazmalar\u0131n\u0131n, kutsal metinlerin,paralar\u0131n ve geleneklerin reng\u00e2renk panay\u0131r\u0131n\u0131, dizginlenemeyenbir Tu\u0308rk yeniyetmenin g\u00f6zu\u0308nden g\u00f6ru\u0308yoruz; krallarla,imparatorlarla, bu\u0308yu\u0308k sultanlarla, Macar efendileriyle, Osmanl\u0131beyleriyle, tu\u0308ccarlarla, vatanda\u015flarla, k\u00f6y muhtarlar\u0131yla, hatta bazenmeleklerle ve cinlerle, tuhaf u\u00e7an aletlerle de kar\u015f\u0131la\u015f\u0131yoruz.Binbir Gece masal du\u0308nyas\u0131n\u0131n P\u00e9cs \u015fehrini fethedi\u015fini izliyoruz;sokaklarda develer g\u00f6ru\u0308lmeye ba\u015fl\u0131yor, bah\u00e7elerde kay\u0131s\u0131 ve incir;ormanlarda e\u015fk\u0131ya; ilk cami ve ilk Tu\u0308rk hamam\u0131 in\u015fa oluyor. Buroman gidesi gelenlere hitap ediyor; a\u015fk\u0131 ve sava\u015f\u0131, sadakati veihaneti, maceray\u0131 ve seyahati, tehlikeyi ve s\u0131\u011f\u0131nmay\u0131, g\u00f6zya\u015flar\u0131n\u0131ve bal\u0131 isteyenlere hitap ediyor. Du\u0308nyan\u0131n be\u015f yu\u0308z y\u0131l\u0131 nas\u0131ld\u0131,bunu \u00f6\u011frenmek isteyenlere ve o zamanlar hayat ne daha iyi, nedaha k\u00f6tu\u0308, sadece ba\u015fkayd\u0131 fikrini sevenlere\u2026 <\/p>\n","protected":false},"excerpt":{"rendered":"<p>Avrupa Birli\u011fi Edebiyat \u00d6du\u0308lu\u0308\u2019ne lay\u0131k g\u00f6ru\u0308len Tu\u0308rk\u2019u\u0308n Aynas\u0131okuyucuyu, Muhte\u015fem Sultan Su\u0308leyman\u2019\u0131n yeni fethetti\u011fimu\u0308lku\u0308ne, 16. yu\u0308zy\u0131l Macaristan\u2019\u0131na zaman yolculu\u011funa \u00e7a\u011f\u0131r\u0131yor.\u0130ki bu\u0308yu\u0308k imparatorlu\u011fun belirsiz s\u0131n\u0131r boylar\u0131n\u0131, takvimlerin,vergi sistemlerinin,<span class=\"excerpt-hellip\"> [\u2026]<\/span><\/p>\n","protected":false},"featured_media":0,"template":"","meta":{"_monsterinsights_skip_tracking":false,"_monsterinsights_sitenote_active":false,"_monsterinsights_sitenote_note":"","_monsterinsights_sitenote_category":0},"product_brand":[],"product_cat":[12291,12745],"product_tag":[],"class_list":{"0":"post-709701","1":"product","2":"type-product","3":"status-publish","5":"product_cat-edebiyat","6":"product_cat-tarihi-roman","7":"pa_cilt-ciltsiz","8":"pa_tur-kitap","9":"pa_yayinevi-epsilon-yayinlari","10":"pa_yazar-viktor-horvath","12":"first","13":"instock","14":"sale","15":"shipping-taxable","16":"purchasable","17":"product-type-simple"},"_links":{"self":[{"href":"https:\/\/roveyayinevi.com.tr\/index.php\/wp-json\/wp\/v2\/product\/709701","targetHints":{"allow":["GET"]}}],"collection":[{"href":"https:\/\/roveyayinevi.com.tr\/index.php\/wp-json\/wp\/v2\/product"}],"about":[{"href":"https:\/\/roveyayinevi.com.tr\/index.php\/wp-json\/wp\/v2\/types\/product"}],"wp:attachment":[{"href":"https:\/\/roveyayinevi.com.tr\/index.php\/wp-json\/wp\/v2\/media?parent=709701"}],"wp:term":[{"taxonomy":"product_brand","embeddable":true,"href":"https:\/\/roveyayinevi.com.tr\/index.php\/wp-json\/wp\/v2\/product_brand?post=709701"},{"taxonomy":"product_cat","embeddable":true,"href":"https:\/\/roveyayinevi.com.tr\/index.php\/wp-json\/wp\/v2\/product_cat?post=709701"},{"taxonomy":"product_tag","embeddable":true,"href":"https:\/\/roveyayinevi.com.tr\/index.php\/wp-json\/wp\/v2\/product_tag?post=709701"}],"curies":[{"name":"wp","href":"https:\/\/api.w.org\/{rel}","templated":true}]}}