{"id":709700,"date":"2025-08-27T16:28:26","date_gmt":"2025-08-27T13:28:26","guid":{"rendered":"https:\/\/roveyayinevi.com.tr\/index.php\/urun\/astroloji-101\/"},"modified":"2026-04-16T02:18:39","modified_gmt":"2026-04-15T23:18:39","slug":"astroloji-101","status":"publish","type":"product","link":"https:\/\/roveyayinevi.com.tr\/index.php\/urun\/astroloji-101\/","title":{"rendered":"Astroloji 101"},"content":{"rendered":"<p>Kozmosun Gizemlerini Ke\u015ffedelim!Astroloji rehberleri, Zodyak\u2019\u0131n mistik harikalar\u0131n\u0131 evler, a\u00e7\u0131lar, d\u00fc\u011f\u00fcmlerle ilgili s\u0131k\u0131c\u0131 detaylara bo\u011farak karma\u015f\u0131kla\u015ft\u0131r\u0131r.Batlamyus bile b\u00f6yle bir \u015feyi kabul edemez! \u0130\u015fte bu y\u00fczden Astroloji 101 s\u0131k\u0131c\u0131 ve uzun a\u00e7\u0131klamalar yerine, y\u0131ld\u0131zlar\u0131n ve  gezegenlerin hareketlerimizi nas\u0131l etkiledi\u011fini pratik bilgilerle \u00f6\u011fretirken ilgimizi her daim canl\u0131 tutuyor. D\u00f6rt element ve on iki evden astrolojik ki\u015filik t\u00fcrlerine, astrolojiyle ilgili her \u015feyi i\u00e7inde bar\u0131nd\u0131ran bu elkitab\u0131, y\u00fczlerce bur\u00e7  yorumunu, bilgilendirici tablolar\u0131 ve g\u00f6rselleri, \u00fcnl\u00fc astrologlar\u0131n hik\u00e2yelerini sizlere e\u011flenceli bir dille sunuyor. \u0130ster Merk\u00fcr gerilemesinin sizi nas\u0131l etkiledi\u011fini \u00f6\u011frenmeyi, ister burcunuz hakk\u0131nda daha fazla bilgi edinmeyi ama\u00e7lay\u0131n, b\u00fct\u00fcn sorular\u0131n\u0131z\u0131n cevab\u0131 Astroloji 101\u2019de; hatta fark\u0131nda olmadan yan\u0131t\u0131n\u0131 arad\u0131\u011f\u0131n\u0131z sorular\u0131n bile&#8230;  <\/p>\n","protected":false},"excerpt":{"rendered":"<p>Kozmosun Gizemlerini Ke\u015ffedelim!Astroloji rehberleri, Zodyak\u2019\u0131n mistik harikalar\u0131n\u0131 evler, a\u00e7\u0131lar, d\u00fc\u011f\u00fcmlerle ilgili s\u0131k\u0131c\u0131 detaylara bo\u011farak karma\u015f\u0131kla\u015ft\u0131r\u0131r.Batlamyus bile b\u00f6yle bir \u015feyi kabul edemez! \u0130\u015fte bu y\u00fczden Astroloji 101<span class=\"excerpt-hellip\"> [\u2026]<\/span><\/p>\n","protected":false},"featured_media":0,"template":"","meta":{"_monsterinsights_skip_tracking":false,"_monsterinsights_sitenote_active":false,"_monsterinsights_sitenote_note":"","_monsterinsights_sitenote_category":0},"product_brand":[],"product_cat":[19840,12364],"product_tag":[],"class_list":{"0":"post-709700","1":"product","2":"type-product","3":"status-publish","5":"product_cat-astroloji","6":"product_cat-genel-konular","7":"pa_cilt-ciltsiz","8":"pa_tur-kitap","9":"pa_yayinevi-say-yayinlari","10":"pa_yazar-kathleen-sears","12":"first","13":"instock","14":"sale","15":"shipping-taxable","16":"purchasable","17":"product-type-simple"},"_links":{"self":[{"href":"https:\/\/roveyayinevi.com.tr\/index.php\/wp-json\/wp\/v2\/product\/709700","targetHints":{"allow":["GET"]}}],"collection":[{"href":"https:\/\/roveyayinevi.com.tr\/index.php\/wp-json\/wp\/v2\/product"}],"about":[{"href":"https:\/\/roveyayinevi.com.tr\/index.php\/wp-json\/wp\/v2\/types\/product"}],"wp:attachment":[{"href":"https:\/\/roveyayinevi.com.tr\/index.php\/wp-json\/wp\/v2\/media?parent=709700"}],"wp:term":[{"taxonomy":"product_brand","embeddable":true,"href":"https:\/\/roveyayinevi.com.tr\/index.php\/wp-json\/wp\/v2\/product_brand?post=709700"},{"taxonomy":"product_cat","embeddable":true,"href":"https:\/\/roveyayinevi.com.tr\/index.php\/wp-json\/wp\/v2\/product_cat?post=709700"},{"taxonomy":"product_tag","embeddable":true,"href":"https:\/\/roveyayinevi.com.tr\/index.php\/wp-json\/wp\/v2\/product_tag?post=709700"}],"curies":[{"name":"wp","href":"https:\/\/api.w.org\/{rel}","templated":true}]}}