{"id":709699,"date":"2025-08-27T16:28:25","date_gmt":"2025-08-27T13:28:25","guid":{"rendered":"https:\/\/roveyayinevi.com.tr\/index.php\/urun\/kendi-sozleriyle-einstein\/"},"modified":"2026-04-16T02:18:39","modified_gmt":"2026-04-15T23:18:39","slug":"kendi-sozleriyle-einstein","status":"publish","type":"product","link":"https:\/\/roveyayinevi.com.tr\/index.php\/urun\/kendi-sozleriyle-einstein\/","title":{"rendered":"Kendi S\u00f6zleriyle Einstein"},"content":{"rendered":"<p>Kendi S\u00f6zleriyle Einstein\u201cNeden beni kimse anlam\u0131yor ama herkes benden ho\u015flan\u0131yor?\u201dEinstein\u2019\u0131n \u00fcnl\u00fc E=mc2 denklemini bilmeyen yoktur. Fakat kendisinin de belirtti\u011fi gibi denklemin \u00f6nemini vedevrimci niteli\u011fini; ve Einstein\u2019\u0131n bilime yapt\u0131\u011f\u0131 katk\u0131lar\u0131 tam olarak anlayanlar\u0131n say\u0131s\u0131 da olduk\u00e7a azd\u0131r.Kendi S\u00f6zleriyle Einstein, muhte\u015fem \u00e7izimler ve resimleriyle Einstein\u2019\u0131n \u00e7al\u0131\u015fmalar\u0131n\u0131 ve bu \u00e7al\u0131\u015fmalar\u0131nd\u00fcnyam\u0131z a\u00e7\u0131s\u0131ndan \u00f6nemini Einstein\u2019\u0131n kendi s\u00f6zleriyle ortaya koyuyor. Kitap, Einstein\u2019\u0131n \u0131\u015f\u0131\u011f\u0131n do\u011fas\u0131, \u0131\u015f\u0131\u011f\u0131nh\u0131z\u0131, \u00f6zel g\u00f6relilik kuram\u0131, Brown hareketi \u00fczerine yapm\u0131\u015f oldu\u011fu \u00e7\u0131\u011f\u0131r a\u00e7\u0131c\u0131 \u00e7al\u0131\u015fmalardan al\u0131nt\u0131lanan metinlerive bilim, din, politika ve felsefe hakk\u0131ndaki g\u00f6r\u00fc\u015flerini i\u00e7eriyor.Kendi S\u00f6zleriyle Einstein, renkli ki\u015fili\u011fi ve ko\u015fulsuz insan sevgisiyle t\u00fcm zamanlar\u0131n en zeki ve b\u00fcy\u00fckd\u00fc\u015f\u00fcn\u00fcrlerinden biri olan Albert Einstein\u2019\u0131 tan\u0131mak ve onun izinden gitmek isteyenler i\u00e7in m\u00fckemmel bir kitap. <\/p>\n","protected":false},"excerpt":{"rendered":"<p>Kendi S\u00f6zleriyle Einstein\u201cNeden beni kimse anlam\u0131yor ama herkes benden ho\u015flan\u0131yor?\u201dEinstein\u2019\u0131n \u00fcnl\u00fc E=mc2 denklemini bilmeyen yoktur. Fakat kendisinin de belirtti\u011fi gibi denklemin \u00f6nemini vedevrimci niteli\u011fini; ve Einstein\u2019\u0131n<span class=\"excerpt-hellip\"> [\u2026]<\/span><\/p>\n","protected":false},"featured_media":0,"template":"","meta":{"_monsterinsights_skip_tracking":false,"_monsterinsights_sitenote_active":false,"_monsterinsights_sitenote_note":"","_monsterinsights_sitenote_category":0},"product_brand":[],"product_cat":[13005,13006],"product_tag":[],"class_list":{"0":"post-709699","1":"product","2":"type-product","3":"status-publish","5":"product_cat-bilim-muhendislik","6":"product_cat-populer-bilim","7":"pa_cilt-ciltsiz","8":"pa_tur-kitap","9":"pa_yayinevi-akil-celen-kitaplar","10":"pa_yazar-anne-rooney","12":"first","13":"instock","14":"sale","15":"shipping-taxable","16":"purchasable","17":"product-type-simple"},"_links":{"self":[{"href":"https:\/\/roveyayinevi.com.tr\/index.php\/wp-json\/wp\/v2\/product\/709699","targetHints":{"allow":["GET"]}}],"collection":[{"href":"https:\/\/roveyayinevi.com.tr\/index.php\/wp-json\/wp\/v2\/product"}],"about":[{"href":"https:\/\/roveyayinevi.com.tr\/index.php\/wp-json\/wp\/v2\/types\/product"}],"wp:attachment":[{"href":"https:\/\/roveyayinevi.com.tr\/index.php\/wp-json\/wp\/v2\/media?parent=709699"}],"wp:term":[{"taxonomy":"product_brand","embeddable":true,"href":"https:\/\/roveyayinevi.com.tr\/index.php\/wp-json\/wp\/v2\/product_brand?post=709699"},{"taxonomy":"product_cat","embeddable":true,"href":"https:\/\/roveyayinevi.com.tr\/index.php\/wp-json\/wp\/v2\/product_cat?post=709699"},{"taxonomy":"product_tag","embeddable":true,"href":"https:\/\/roveyayinevi.com.tr\/index.php\/wp-json\/wp\/v2\/product_tag?post=709699"}],"curies":[{"name":"wp","href":"https:\/\/api.w.org\/{rel}","templated":true}]}}