{"id":709698,"date":"2025-08-27T16:28:25","date_gmt":"2025-08-27T13:28:25","guid":{"rendered":"https:\/\/roveyayinevi.com.tr\/index.php\/urun\/anne-ben-kimim\/"},"modified":"2026-04-16T02:18:39","modified_gmt":"2026-04-15T23:18:39","slug":"anne-ben-kimim","status":"publish","type":"product","link":"https:\/\/roveyayinevi.com.tr\/index.php\/urun\/anne-ben-kimim\/","title":{"rendered":"Anne Ben Kimim?"},"content":{"rendered":"<p>\u201cToprak-Hava-Ate\u015f-Su\u201d\u2026Kainat\u0131 ve hayat\u0131 olu\u015fturan d\u00f6rt ana unsur\u2026Peki ya,bu d\u00f6rt yap\u0131ta\u015f\u0131,\u00e7ocu\u011funuzun karakterinin olu\u015fumunda da etkiliyse?&#8230;\u00c7ocu\u011funuzun davran\u0131\u015flar\u0131n\u0131 \u00e7\u00f6z\u00fcmlemede ba\u015far\u0131ya ve do\u011fru ad\u0131mlara ula\u015fmak i\u00e7in ilk \u00f6nce onun f\u0131trat\u0131n\u0131 anlamak ve tan\u0131mak durumundas\u0131n\u0131z.Kendi \u00e7ocu\u011funuzu,\u00fczerine titredi\u011finiz,sa\u00e7\u0131n\u0131n teline k\u0131yamad\u0131\u011f\u0131n\u0131z yavrunuzu,ne kadar tan\u0131yorsunuz?&#8230;Her insan,bir kitap\u2026Her insan,zarf\u0131n\u0131n a\u00e7\u0131lmas\u0131n\u0131 bekleyen bir mektup\u2026Peki siz,\u00e7ocu\u011funuzu hi\u00e7 okudunuz mu?&#8230;\u201cAnne ben kimim\u201dsize \u00e7ocu\u011funuzla yeniden tan\u0131\u015fman\u0131n f\u0131rsat\u0131n\u0131 sunuyor.\u201dAnne Ben Kimim\u201d?&#8230;\u00c7ocu\u011funuzu b\u00fct\u00fcn g\u00fczelliklerle dopdolu yeti\u015ftirmenin ve ba\u015far\u0131l\u0131 bir aile e\u011fitiminin yolu,bu sorunun cevab\u0131n\u0131 bilmekten ge\u00e7iyor.Vee \u00e7ocu\u011funuza dair arad\u0131\u011f\u0131n\u0131z t\u00fcm cevaplar,elinizdeki kitapta\u2026 <\/p>\n","protected":false},"excerpt":{"rendered":"<p>\u201cToprak-Hava-Ate\u015f-Su\u201d\u2026Kainat\u0131 ve hayat\u0131 olu\u015fturan d\u00f6rt ana unsur\u2026Peki ya,bu d\u00f6rt yap\u0131ta\u015f\u0131,\u00e7ocu\u011funuzun karakterinin olu\u015fumunda da etkiliyse?&#8230;\u00c7ocu\u011funuzun davran\u0131\u015flar\u0131n\u0131 \u00e7\u00f6z\u00fcmlemede ba\u015far\u0131ya ve do\u011fru ad\u0131mlara ula\u015fmak i\u00e7in ilk \u00f6nce onun f\u0131trat\u0131n\u0131<span class=\"excerpt-hellip\"> [\u2026]<\/span><\/p>\n","protected":false},"featured_media":0,"template":"","meta":{"_monsterinsights_skip_tracking":false,"_monsterinsights_sitenote_active":false,"_monsterinsights_sitenote_note":"","_monsterinsights_sitenote_category":0},"product_brand":[],"product_cat":[12831,12324],"product_tag":[],"class_list":{"0":"post-709698","1":"product","2":"type-product","3":"status-publish","5":"product_cat-aile-ve-cocuk","6":"product_cat-sosyoloji","7":"pa_cilt-ciltsiz","8":"pa_tur-kitap","9":"pa_yayinevi-cinaralti-yayinlari","10":"pa_yazar-sahnaz-aras","12":"first","13":"instock","14":"sale","15":"shipping-taxable","16":"purchasable","17":"product-type-simple"},"_links":{"self":[{"href":"https:\/\/roveyayinevi.com.tr\/index.php\/wp-json\/wp\/v2\/product\/709698","targetHints":{"allow":["GET"]}}],"collection":[{"href":"https:\/\/roveyayinevi.com.tr\/index.php\/wp-json\/wp\/v2\/product"}],"about":[{"href":"https:\/\/roveyayinevi.com.tr\/index.php\/wp-json\/wp\/v2\/types\/product"}],"wp:attachment":[{"href":"https:\/\/roveyayinevi.com.tr\/index.php\/wp-json\/wp\/v2\/media?parent=709698"}],"wp:term":[{"taxonomy":"product_brand","embeddable":true,"href":"https:\/\/roveyayinevi.com.tr\/index.php\/wp-json\/wp\/v2\/product_brand?post=709698"},{"taxonomy":"product_cat","embeddable":true,"href":"https:\/\/roveyayinevi.com.tr\/index.php\/wp-json\/wp\/v2\/product_cat?post=709698"},{"taxonomy":"product_tag","embeddable":true,"href":"https:\/\/roveyayinevi.com.tr\/index.php\/wp-json\/wp\/v2\/product_tag?post=709698"}],"curies":[{"name":"wp","href":"https:\/\/api.w.org\/{rel}","templated":true}]}}