{"id":709697,"date":"2025-08-27T16:28:24","date_gmt":"2025-08-27T13:28:24","guid":{"rendered":"https:\/\/roveyayinevi.com.tr\/index.php\/urun\/kaostan-duzene\/"},"modified":"2026-04-16T02:18:39","modified_gmt":"2026-04-15T23:18:39","slug":"kaostan-duzene","status":"publish","type":"product","link":"https:\/\/roveyayinevi.com.tr\/index.php\/urun\/kaostan-duzene\/","title":{"rendered":"Kaostan D\u00fczene"},"content":{"rendered":"<p>K\u0131ymetli okurlar,Uzun y\u0131llar s\u00fcren s\u00f6m\u00fcrgecilik ara\u015ft\u0131rmalar\u0131n\u0131n bilimsel temelleri \u00fczerinde \u015fekillenen ve be\u015f y\u0131l s\u00fcren 27 May\u0131s \u00e7al\u0131\u015fmalar\u0131n\u0131n meyvesi olan bu kitap,bu g\u00fcne kadar hi\u00e7bir \u00e7al\u0131\u015fmada masaya yat\u0131r\u0131lmam\u0131\u015f ve cevaplanmam\u0131\u015f sorular\u0131 ve bu sorular\u0131n tarihsel ve bilimsel s\u00fczge\u00e7ten ge\u00e7irilmi\u015f cevaplar\u0131n\u0131 g\u00f6zler \u00f6n\u00fcne seriyor.\u00c7\u0131naralt\u0131 Yay\u0131nlar\u0131n\u0131n de\u011ferli katk\u0131lar\u0131yla sizlere sunulan bu kitap \u201cYak\u0131n tarihimizin kara kutusu\u201d niteli\u011fini ta\u015f\u0131yor.\u0130\u015fte \u201cKaostan D\u00fczene\u201dadl\u0131 eserde ,ilk defa cevaplanan sorulardan sadece bir ka\u00e7\u0131:- Adnan Menderes\u2019in idam\u0131n\u0131 isteyen\/karar veren kad\u0131n h\u00fck\u00fcmdar kimdi?- Demokrat Parti kurucular\u0131n\u0131n CHP i\u00e7inden \u00e7\u0131kmas\u0131 ne anlama geliyordu?- DP y\u0131k\u0131lmak i\u00e7in mi kuruldu?- Menderes di\u011fer DP kurucular\u0131ndan neden farkl\u0131yd\u0131?- \u0130n\u00f6n\u00fc demokrasiye nas\u0131l ikna edildi?- Menderes Osmanl\u0131 Hanedan\u0131n\u0131n kad\u0131n \u00fcyelerini neden getirtti?- Subaylar nas\u0131l huzursuz edilerek isyana raz\u0131 edildi?- Darbeci yeti\u015ftiren kulu\u00e7ka makinas\u0131 neresiydi?- T\u00fcrk bas\u0131n\u0131 neden bir cunta gibi davran\u0131yordu?- \u0130stihbarat te\u015fkilatlar\u0131n\u0131n 27 May\u0131s\u2019taki rol\u00fc neydi?- Kod ad\u0131 \u201cperdeci\u201d olan \u00fcnl\u00fc istihbarat\u00e7\u0131 kimdi?- 6 Eyl\u00fcl 1955 g\u00fcn\u00fc \u0130stanbul neden talan edildi?- Ordu ve baz\u0131 27 May\u0131s\u00e7\u0131lar,BAAS rejimini nas\u0131l \u00f6nledi?- 3 \u00fcnl\u00fc ismin Erzincan\u2019da yolu nas\u0131l kesi\u015fti?- 27 May\u0131s hangi suikast\u0131n tarihine denk getirildi?- 27 May\u0131s \u00f6ncesi ve sonras\u0131nda izlenen stratejiler nelerdir?- Erdo\u011fan\u2019\u0131n etraf\u0131n\u0131 ku\u015fatan 27 May\u0131s\u00e7\u0131lar kimlerdi? <\/p>\n","protected":false},"excerpt":{"rendered":"<p>K\u0131ymetli okurlar,Uzun y\u0131llar s\u00fcren s\u00f6m\u00fcrgecilik ara\u015ft\u0131rmalar\u0131n\u0131n bilimsel temelleri \u00fczerinde \u015fekillenen ve be\u015f y\u0131l s\u00fcren 27 May\u0131s \u00e7al\u0131\u015fmalar\u0131n\u0131n meyvesi olan bu kitap,bu g\u00fcne kadar hi\u00e7bir \u00e7al\u0131\u015fmada masaya<span class=\"excerpt-hellip\"> [\u2026]<\/span><\/p>\n","protected":false},"featured_media":0,"template":"","meta":{"_monsterinsights_skip_tracking":false,"_monsterinsights_sitenote_active":false,"_monsterinsights_sitenote_note":"","_monsterinsights_sitenote_category":0},"product_brand":[],"product_cat":[12337,14543],"product_tag":[],"class_list":{"0":"post-709697","1":"product","2":"type-product","3":"status-publish","5":"product_cat-politika-siyaset","6":"product_cat-turkiye-siyaseti-ve-politikasi","7":"pa_cilt-ciltsiz","8":"pa_tur-kitap","9":"pa_yayinevi-cinaralti-yayinlari","10":"pa_yazar-yilmaz-donmez","12":"first","13":"instock","14":"sale","15":"shipping-taxable","16":"purchasable","17":"product-type-simple"},"_links":{"self":[{"href":"https:\/\/roveyayinevi.com.tr\/index.php\/wp-json\/wp\/v2\/product\/709697","targetHints":{"allow":["GET"]}}],"collection":[{"href":"https:\/\/roveyayinevi.com.tr\/index.php\/wp-json\/wp\/v2\/product"}],"about":[{"href":"https:\/\/roveyayinevi.com.tr\/index.php\/wp-json\/wp\/v2\/types\/product"}],"wp:attachment":[{"href":"https:\/\/roveyayinevi.com.tr\/index.php\/wp-json\/wp\/v2\/media?parent=709697"}],"wp:term":[{"taxonomy":"product_brand","embeddable":true,"href":"https:\/\/roveyayinevi.com.tr\/index.php\/wp-json\/wp\/v2\/product_brand?post=709697"},{"taxonomy":"product_cat","embeddable":true,"href":"https:\/\/roveyayinevi.com.tr\/index.php\/wp-json\/wp\/v2\/product_cat?post=709697"},{"taxonomy":"product_tag","embeddable":true,"href":"https:\/\/roveyayinevi.com.tr\/index.php\/wp-json\/wp\/v2\/product_tag?post=709697"}],"curies":[{"name":"wp","href":"https:\/\/api.w.org\/{rel}","templated":true}]}}