{"id":709695,"date":"2025-08-27T16:28:23","date_gmt":"2025-08-27T13:28:23","guid":{"rendered":"https:\/\/roveyayinevi.com.tr\/index.php\/urun\/lovecraftin-kulleri\/"},"modified":"2026-04-16T02:18:39","modified_gmt":"2026-04-15T23:18:39","slug":"lovecraftin-kulleri","status":"publish","type":"product","link":"https:\/\/roveyayinevi.com.tr\/index.php\/urun\/lovecraftin-kulleri\/","title":{"rendered":"Lovecraft&#8217;\u0131n K\u00fclleri"},"content":{"rendered":"<p>Ba\u015fka bir hafta sonu olsa, bedenim \u00e7ok daha \u00e7abuk bulunurdu. Etrafa yay\u0131lan koku bile tek ba\u015f\u0131na bir otel \u00e7al\u0131\u015fan\u0131n\u0131 harekete ge\u00e7irirdi fakat Summer Tentacular en yo\u011fun d\u00f6nemindeydi. Providence\u2019\u0131n tuhaf ve \u0131rk\u00e7\u0131 pulp-yazar\u0131 Howard Phillips Lovecraft\u2019la ilgili edebiyat konferans\u0131 galas\u0131 i\u00e7in gelen kat\u0131l\u0131mc\u0131lar, bir araya geldikleri her k\u00f6\u015fede toplu halde dedikodu yapmaya pek bir merakl\u0131yd\u0131lar. E\u011fer Summer Tentacular konusundaki s\u00f6zlerim kula\u011fa biraz asabi geliyorsa, \u015fu an bir maktul oldu\u011fumu, kongredeki birinin beni \u00f6ld\u00fcrm\u00fc\u015f bulundu\u011funu belirtmek isterim. Ne oldu\u011funu g\u00f6remedim ama hissetmedim diyemem; \u00f6l\u00fcm\u00fcm\u00fcn ger\u00e7ekle\u015fmesinden \u00f6nceki birka\u00e7 \u00fcmitsiz saniye boyunca hissetti\u011fim \u015fey\u2026 \u015fey, asl\u0131nda hen\u00fcz bir yere gitmedim, h\u00e2l\u00e2 buraday\u0131m; fakat \u00f6ncesinde oldu\u011fum \u015fekilde de\u011fil.  \u00d6l\u00fcm b\u00f6yle bir \u015fey mi? V\u00fccudun bir yerlerinde y\u00fczen bilincin, ki\u015finin kulaklar\u0131 \u00e7\u00fcr\u00fcy\u00fcp yok olana kadar her \u015feyi duymas\u0131, fakat buna kar\u015f\u0131n g\u00f6rememe, konu\u015famama veya hareket edememe hali mi? \u015eu an mezarl\u0131kta g\u00f6m\u00fcl\u00fc olan her \u00f6l\u00fc, d\u00fcnyay\u0131 bu \u015fekilde mi deneyimliyor? Beni her kim \u00f6ld\u00fcrd\u00fcyse, bunu yeteri kadar becerememi\u015f olmal\u0131. \u0130yi de, \u00f6l\u00fcmden sonra buna ne kadar s\u00fcre boyunca katlan\u0131yoruz? Bedenim so\u011fudu\u011funda beynim de duracak m\u0131, yoksa ben t\u00fcm sinir u\u00e7lar\u0131m \u00e7\u00fcr\u00fcyene kadar sonunun ne olaca\u011f\u0131n\u0131 bilmedi\u011fim bu durumda \u015fuurumla birlikte bekleyecek miyim? Son c\u00fcmlemdeki ben, bo\u015f bir evrene mi, yoksa ba\u015far\u0131s\u0131zl\u0131\u011fa m\u0131 g\u00f6nderme yapmakta? Cinayetime kap\u0131 a\u00e7an olaylar\u0131 yeniden yap\u0131land\u0131rmam akademik bir al\u0131\u015ft\u0131rma benim i\u00e7in. Ne adalet, ne de intikam ar\u0131yorum. Sonu\u00e7 olarak \u00f6ld\u00fc\u011f\u00fcm\u00fczde ne oldu\u011funu biliyorum. \u00c7ok ge\u00e7meden sorumlular da buraya gelecek; sen de geleceksin. Bekliyorum. <\/p>\n","protected":false},"excerpt":{"rendered":"<p>Ba\u015fka bir hafta sonu olsa, bedenim \u00e7ok daha \u00e7abuk bulunurdu. Etrafa yay\u0131lan koku bile tek ba\u015f\u0131na bir otel \u00e7al\u0131\u015fan\u0131n\u0131 harekete ge\u00e7irirdi fakat Summer Tentacular en yo\u011fun<span class=\"excerpt-hellip\"> [\u2026]<\/span><\/p>\n","protected":false},"featured_media":0,"template":"","meta":{"_monsterinsights_skip_tracking":false,"_monsterinsights_sitenote_active":false,"_monsterinsights_sitenote_note":"","_monsterinsights_sitenote_category":0},"product_brand":[],"product_cat":[12291,12711],"product_tag":[],"class_list":{"0":"post-709695","1":"product","2":"type-product","3":"status-publish","5":"product_cat-edebiyat","6":"product_cat-roman-oyku","7":"pa_cilt-ciltsiz","8":"pa_tur-kitap","9":"pa_yayinevi-nemesis-kitap","10":"pa_yazar-nick-mamatas","12":"first","13":"instock","14":"sale","15":"shipping-taxable","16":"purchasable","17":"product-type-simple"},"_links":{"self":[{"href":"https:\/\/roveyayinevi.com.tr\/index.php\/wp-json\/wp\/v2\/product\/709695","targetHints":{"allow":["GET"]}}],"collection":[{"href":"https:\/\/roveyayinevi.com.tr\/index.php\/wp-json\/wp\/v2\/product"}],"about":[{"href":"https:\/\/roveyayinevi.com.tr\/index.php\/wp-json\/wp\/v2\/types\/product"}],"wp:attachment":[{"href":"https:\/\/roveyayinevi.com.tr\/index.php\/wp-json\/wp\/v2\/media?parent=709695"}],"wp:term":[{"taxonomy":"product_brand","embeddable":true,"href":"https:\/\/roveyayinevi.com.tr\/index.php\/wp-json\/wp\/v2\/product_brand?post=709695"},{"taxonomy":"product_cat","embeddable":true,"href":"https:\/\/roveyayinevi.com.tr\/index.php\/wp-json\/wp\/v2\/product_cat?post=709695"},{"taxonomy":"product_tag","embeddable":true,"href":"https:\/\/roveyayinevi.com.tr\/index.php\/wp-json\/wp\/v2\/product_tag?post=709695"}],"curies":[{"name":"wp","href":"https:\/\/api.w.org\/{rel}","templated":true}]}}