{"id":709692,"date":"2025-08-27T16:28:22","date_gmt":"2025-08-27T13:28:22","guid":{"rendered":"https:\/\/roveyayinevi.com.tr\/index.php\/urun\/paganizm-1\/"},"modified":"2026-04-16T02:18:39","modified_gmt":"2026-04-15T23:18:39","slug":"paganizm-1","status":"publish","type":"product","link":"https:\/\/roveyayinevi.com.tr\/index.php\/urun\/paganizm-1\/","title":{"rendered":"Paganizm-1"},"content":{"rendered":"<p>T\u00fcrkiye\u2019de paganizme olan ilgi giderek artmaktad\u0131r. Bunun tabii ki bir\u00e7ok nedeni var. \u00d6zellikle de internet ve bilgisayar oyunlar\u0131&#8230;Bilgisayar oyunlar\u0131ndaki pagan ki\u015filiklerin yaratt\u0131\u011f\u0131 etkiyle birlikte internet \u00fczerinden pagan gruplara kolayca ula\u015f\u0131labilmesi, paganizme duyulan ilgiyi de yo\u011funla\u015ft\u0131r\u0131yor.Bunun d\u0131\u015f\u0131nda, Anadolu\u2019dan mayalanan k\u00fclt\u00fcr\u00fcm\u00fczdeki pagan motiflerin \u00e7oklu\u011fu insan\u0131m\u0131z\u0131 paganizme yak\u0131n k\u0131l\u0131yor. Bu miras, g\u00fcn\u00fcm\u00fcz kapitalizmi taraf\u0131ndan yok edilemeden anla\u015f\u0131lmaya ba\u015flanm\u0131\u015ft\u0131r. Yak\u0131 zamandaki siyasi geli\u015fmeler ve ezoterizme olan ilgi, paganizme kar\u015f\u0131 b\u00fcy\u00fck bir merak uyand\u0131rmaktad\u0131r.Paganizmi \u00f6\u011frenmek asl\u0131nda insan do\u011fas\u0131n\u0131, f\u0131trat\u0131n\u0131 ve onun ola\u011fan\u00fcst\u00fc d\u00fc\u015f\u00fcnsel tarihini de \u00f6\u011frenmek demektir.Pagan d\u00fc\u015f\u00fcnce ilk zamanlardan beri ki\u015finin sa\u011fl\u0131kl\u0131 bir \u201cbirey\u201d olarak toplum i\u00e7inde var olmas\u0131n\u0131 \u00f6ng\u00f6rd\u00fc\u011f\u00fcnden ve sembolik anlat\u0131mlar\u0131n bir\u00e7o\u011fu da bu amaca hizmet etti\u011finden, pagan inan\u00e7lar\u0131n\u0131 bu ama\u00e7tan soyutlamak imk\u00e2ns\u0131zd\u0131r.G\u00fcn\u00fcm\u00fcz\u00fcn ekonomik, siyasi ve toplumsal kodlar\u0131n\u0131 do\u011fru okuyabilmek i\u00e7in paganizme ve pagan sembolizmine h\u00e2kim olmak \u00f6nemlidir.Kitab\u0131n bu yeni bask\u0131s\u0131na eklenen \u201cPagan Sembolleri\u201d b\u00f6l\u00fcm\u00fc, sembolizme giri\u015f a\u00e7\u0131s\u0131ndan faydal\u0131 olacakt\u0131r.G\u00fcnl\u00fck hayat\u0131m\u0131zda yediklerimizden i\u00e7tiklerimize, okuduklar\u0131m\u0131zdan izlediklerimize kadar ku\u015fat\u0131ld\u0131\u011f\u0131m\u0131z g\u00f6rsel d\u00fcnyan\u0131n ihti\u015fam\u0131na g\u00f6m\u00fclm\u00fc\u015f pagan sembollerini g\u00f6r\u00fcp alg\u0131lad\u0131k\u00e7a, tarihi de do\u011fru okumak m\u00fcmk\u00fcn olacakt\u0131r. <\/p>\n","protected":false},"excerpt":{"rendered":"<p>T\u00fcrkiye\u2019de paganizme olan ilgi giderek artmaktad\u0131r. Bunun tabii ki bir\u00e7ok nedeni var. \u00d6zellikle de internet ve bilgisayar oyunlar\u0131&#8230;Bilgisayar oyunlar\u0131ndaki pagan ki\u015filiklerin yaratt\u0131\u011f\u0131 etkiyle birlikte internet \u00fczerinden<span class=\"excerpt-hellip\"> [\u2026]<\/span><\/p>\n","protected":false},"featured_media":0,"template":"","meta":{"_monsterinsights_skip_tracking":false,"_monsterinsights_sitenote_active":false,"_monsterinsights_sitenote_note":"","_monsterinsights_sitenote_category":0},"product_brand":[],"product_cat":[12718,12858],"product_tag":[],"class_list":{"0":"post-709692","1":"product","2":"type-product","3":"status-publish","5":"product_cat-din","6":"product_cat-mitolojiler","7":"pa_cilt-ciltsiz","8":"pa_tur-kitap","9":"pa_yayinevi-destek-yayinlari","10":"pa_yazar-erhan-altunay","12":"first","13":"instock","14":"sale","15":"shipping-taxable","16":"purchasable","17":"product-type-simple"},"_links":{"self":[{"href":"https:\/\/roveyayinevi.com.tr\/index.php\/wp-json\/wp\/v2\/product\/709692","targetHints":{"allow":["GET"]}}],"collection":[{"href":"https:\/\/roveyayinevi.com.tr\/index.php\/wp-json\/wp\/v2\/product"}],"about":[{"href":"https:\/\/roveyayinevi.com.tr\/index.php\/wp-json\/wp\/v2\/types\/product"}],"wp:attachment":[{"href":"https:\/\/roveyayinevi.com.tr\/index.php\/wp-json\/wp\/v2\/media?parent=709692"}],"wp:term":[{"taxonomy":"product_brand","embeddable":true,"href":"https:\/\/roveyayinevi.com.tr\/index.php\/wp-json\/wp\/v2\/product_brand?post=709692"},{"taxonomy":"product_cat","embeddable":true,"href":"https:\/\/roveyayinevi.com.tr\/index.php\/wp-json\/wp\/v2\/product_cat?post=709692"},{"taxonomy":"product_tag","embeddable":true,"href":"https:\/\/roveyayinevi.com.tr\/index.php\/wp-json\/wp\/v2\/product_tag?post=709692"}],"curies":[{"name":"wp","href":"https:\/\/api.w.org\/{rel}","templated":true}]}}