{"id":709691,"date":"2025-08-27T16:28:21","date_gmt":"2025-08-27T13:28:21","guid":{"rendered":"https:\/\/roveyayinevi.com.tr\/index.php\/urun\/eskisehir-ili-dil-atlasi\/"},"modified":"2026-04-16T02:18:39","modified_gmt":"2026-04-15T23:18:39","slug":"eskisehir-ili-dil-atlasi","status":"publish","type":"product","link":"https:\/\/roveyayinevi.com.tr\/index.php\/urun\/eskisehir-ili-dil-atlasi\/","title":{"rendered":"Eski\u015fehir \u0130li Dil Atlas\u0131"},"content":{"rendered":"<p>Eski\u015fehir \u0130li Dil Atlas\u0131, T\u00fcrkiye\u2019nin ilk dil atlas\u0131d\u0131r. Prof. Dr.Erdo\u011fan Boz ve Prof. Dr. Semra G\u00fcnay Akta\u015f\u2019\u0131n birlikteger\u00e7ekle\u015ftirdikleri bu \u00e7al\u0131\u015fma, 112K405 numaral\u0131 T\u00dcB\u0130TAKprojesinin bir \u00e7\u0131kt\u0131s\u0131 olarak yay\u0131mland\u0131. Eserde toplam 123harita bulunmaktad\u0131r. Bunun 24\u2019\u00fc b\u00fct\u00fcn etnik unsurlar\u0131nyerle\u015fim yerleri ve alt a\u011f\u0131z b\u00f6lgelerini g\u00f6sterir haritalar; 81\u2019ias\u0131l yap\u0131y\u0131 te\u015fkil eden Manav, Y\u00f6r\u00fck, T\u00fcrkmen veBalkanlardan gelip bu yap\u0131ya dahil olan BalkanMuhacirlerden derlenen metinlerin dilbilgisel \u00e7\u00f6z\u00fcmlemesineba\u011fl\u0131 olarak 21\u2019i \u00fcnl\u00fcler, 26\u2019s\u0131 \u00fcns\u00fczler, 15\u2019i bi\u00e7imbilgisi ve16\u2019s\u0131 s\u00f6zvarl\u0131\u011f\u0131 ile ilgili tematik haritalar; 16\u2019s\u0131 \u00e7e\u015fitli tematikharitalar\u0131n bir araya getirilerek \u00e7ak\u0131\u015ft\u0131r\u0131lmas\u0131yla olu\u015fturulmu\u015fizoglos haritalar\u0131; 2\u2019si ise leh\u00e7e (K\u0131r\u0131m, Kazan, Nogay,Kara\u00e7ay, Terekeme, Acem, Gacal ve \u00c7\u0131tak) ve dil (\u00c7erkezce&#8221;Abaza, Besleney, Bjeduh, Kabardey ve \u015eaps\u0131\u011f, Bo\u015fnak\u00e7a,Arnavut\u00e7a, Pomak\u00e7a, Torbe\u015f\u00e7e, Romanca, Arap\u00e7a, K\u00fcrt\u00e7eve Zazaca ) haritalar\u0131d\u0131r. Bunlardan ba\u015fka eserde T\u00fcrkiye\u2019deilk kez yap\u0131lan (damaks\u0131l \/n\/, a\u00e7\u0131k \/e\/ ve damaks\u0131l \/h\/sesleri i\u00e7in) mek\u00e2nsal k\u00fcme analizi bulunmaktad\u0131r. <\/p>\n","protected":false},"excerpt":{"rendered":"<p>Eski\u015fehir \u0130li Dil Atlas\u0131, T\u00fcrkiye\u2019nin ilk dil atlas\u0131d\u0131r. Prof. Dr.Erdo\u011fan Boz ve Prof. Dr. Semra G\u00fcnay Akta\u015f\u2019\u0131n birlikteger\u00e7ekle\u015ftirdikleri bu \u00e7al\u0131\u015fma, 112K405 numaral\u0131 T\u00dcB\u0130TAKprojesinin bir \u00e7\u0131kt\u0131s\u0131 olarak<span class=\"excerpt-hellip\"> [\u2026]<\/span><\/p>\n","protected":false},"featured_media":0,"template":"","meta":{"_monsterinsights_skip_tracking":false,"_monsterinsights_sitenote_active":false,"_monsterinsights_sitenote_note":"","_monsterinsights_sitenote_category":0},"product_brand":[],"product_cat":[12573,12566],"product_tag":[],"class_list":{"0":"post-709691","1":"product","2":"type-product","3":"status-publish","5":"product_cat-akademik-kitaplar","6":"product_cat-egitim","7":"pa_cilt-ciltsiz","8":"pa_tur-kitap","9":"pa_yayinevi-gazi-kitabevi","10":"pa_yazar-erdogan-boz-semra-gunay-aktas","12":"first","13":"instock","14":"sale","15":"shipping-taxable","16":"purchasable","17":"product-type-simple"},"_links":{"self":[{"href":"https:\/\/roveyayinevi.com.tr\/index.php\/wp-json\/wp\/v2\/product\/709691","targetHints":{"allow":["GET"]}}],"collection":[{"href":"https:\/\/roveyayinevi.com.tr\/index.php\/wp-json\/wp\/v2\/product"}],"about":[{"href":"https:\/\/roveyayinevi.com.tr\/index.php\/wp-json\/wp\/v2\/types\/product"}],"wp:attachment":[{"href":"https:\/\/roveyayinevi.com.tr\/index.php\/wp-json\/wp\/v2\/media?parent=709691"}],"wp:term":[{"taxonomy":"product_brand","embeddable":true,"href":"https:\/\/roveyayinevi.com.tr\/index.php\/wp-json\/wp\/v2\/product_brand?post=709691"},{"taxonomy":"product_cat","embeddable":true,"href":"https:\/\/roveyayinevi.com.tr\/index.php\/wp-json\/wp\/v2\/product_cat?post=709691"},{"taxonomy":"product_tag","embeddable":true,"href":"https:\/\/roveyayinevi.com.tr\/index.php\/wp-json\/wp\/v2\/product_tag?post=709691"}],"curies":[{"name":"wp","href":"https:\/\/api.w.org\/{rel}","templated":true}]}}