{"id":709690,"date":"2025-08-27T16:28:21","date_gmt":"2025-08-27T13:28:21","guid":{"rendered":"https:\/\/roveyayinevi.com.tr\/index.php\/urun\/kardan-adam-akp-eski-milletvekili-emin-sirin-anlatiyor\/"},"modified":"2026-04-16T02:18:39","modified_gmt":"2026-04-15T23:18:39","slug":"kardan-adam-akp-eski-milletvekili-emin-sirin-anlatiyor","status":"publish","type":"product","link":"https:\/\/roveyayinevi.com.tr\/index.php\/urun\/kardan-adam-akp-eski-milletvekili-emin-sirin-anlatiyor\/","title":{"rendered":"Kardan Adam &#8211; AKP Eski Milletvekili Emin \u015eirin Anlat\u0131yor"},"content":{"rendered":"<p>AKP eski milletvekili Emin \u015eirin, kendisinin de imzas\u0131z ihbar mektuplar\u0131yla dahil edildi\u011fi Ergenekon komplosunu, d\u00f6nem T\u00fcrkiyesi\u2019nin r\u00f6ntgenini \u00e7ekerek sergiliyor.\u0130ktidar partisine mensup bir politikac\u0131 olarak, Meclis\u2019te verdi\u011fi soru \u00f6nergeleriyle adeta muhalefet milletvekili gibi \u00e7al\u0131\u015fmas\u0131yla tan\u0131nan \u015eirin, kimleri neden ve nas\u0131l rahats\u0131z etti\u011fini, neden hedef se\u00e7ildi\u011fini anlat\u0131yor.\u2022 F. G\u00fclen\u2019i ilk kez nerede g\u00f6rd\u00fc, G\u00fclen\u2019den ald\u0131\u011f\u0131 hediye neydi?\u2022 G\u00fclen\u2019le ilgili soru \u00f6nergelerinden sonra neler ya\u015fand\u0131?\u2022 AKP\u2019den neden istifa etti?\u2022 Mehmet A\u011far\u2019a yaz\u0131lan \u201cCemaat mektubu\u201dnda ne deniyordu?\u2022 \u015eirin\u2019i sorgulayan Zekeriya \u00d6z, G\u00fclen\u2019le ilgili ne s\u00f6yledi?\u2022 ABD B\u00fcy\u00fckel\u00e7isi Pearson\u2019dan nas\u0131l tehdit ald\u0131?\u2022 ABD, \u201cErgenekon\u201dun neresindeydi?\u2022 \u201cHayalet\u201d mektuplar\u0131 kimler postalad\u0131?\u2022 \u201cKardanadam111\u201d adl\u0131 e-postay\u0131 kim yollad\u0131?\u2022 15 Temmuz\u2019da neler ya\u015fad\u0131?\u2022 AKP\u2019de \u201cm\u0131nt\u0131ka temizli\u011fi\u201d ba\u015flayacak m\u0131?\u2022 Ve Nazl\u0131 Il\u0131cak&#8230;Emin \u015eirin, son 15 y\u0131l\u0131n i\u00e7 ve d\u0131\u015f politika olaylar\u0131na, operasyonlara, davalara, yolsuzluklara, su\u00e7lamalara ve ger\u00e7eklere \u0131\u015f\u0131k tutuyor. <\/p>\n","protected":false},"excerpt":{"rendered":"<p>AKP eski milletvekili Emin \u015eirin, kendisinin de imzas\u0131z ihbar mektuplar\u0131yla dahil edildi\u011fi Ergenekon komplosunu, d\u00f6nem T\u00fcrkiyesi\u2019nin r\u00f6ntgenini \u00e7ekerek sergiliyor.\u0130ktidar partisine mensup bir politikac\u0131 olarak, Meclis\u2019te verdi\u011fi<span class=\"excerpt-hellip\"> [\u2026]<\/span><\/p>\n","protected":false},"featured_media":0,"template":"","meta":{"_monsterinsights_skip_tracking":false,"_monsterinsights_sitenote_active":false,"_monsterinsights_sitenote_note":"","_monsterinsights_sitenote_category":0},"product_brand":[],"product_cat":[13590,12337],"product_tag":[],"class_list":{"0":"post-709690","1":"product","2":"type-product","3":"status-publish","5":"product_cat-arastirma-inceleme-politika-siyaset","6":"product_cat-politika-siyaset","7":"pa_cilt-ciltsiz","8":"pa_tur-kitap","9":"pa_yayinevi-kirmizi-kedi-yayinevi","10":"pa_yazar-aytunc-erkin","12":"first","13":"instock","14":"sale","15":"shipping-taxable","16":"purchasable","17":"product-type-simple"},"_links":{"self":[{"href":"https:\/\/roveyayinevi.com.tr\/index.php\/wp-json\/wp\/v2\/product\/709690","targetHints":{"allow":["GET"]}}],"collection":[{"href":"https:\/\/roveyayinevi.com.tr\/index.php\/wp-json\/wp\/v2\/product"}],"about":[{"href":"https:\/\/roveyayinevi.com.tr\/index.php\/wp-json\/wp\/v2\/types\/product"}],"wp:attachment":[{"href":"https:\/\/roveyayinevi.com.tr\/index.php\/wp-json\/wp\/v2\/media?parent=709690"}],"wp:term":[{"taxonomy":"product_brand","embeddable":true,"href":"https:\/\/roveyayinevi.com.tr\/index.php\/wp-json\/wp\/v2\/product_brand?post=709690"},{"taxonomy":"product_cat","embeddable":true,"href":"https:\/\/roveyayinevi.com.tr\/index.php\/wp-json\/wp\/v2\/product_cat?post=709690"},{"taxonomy":"product_tag","embeddable":true,"href":"https:\/\/roveyayinevi.com.tr\/index.php\/wp-json\/wp\/v2\/product_tag?post=709690"}],"curies":[{"name":"wp","href":"https:\/\/api.w.org\/{rel}","templated":true}]}}