{"id":709684,"date":"2025-08-27T16:28:17","date_gmt":"2025-08-27T13:28:17","guid":{"rendered":"https:\/\/roveyayinevi.com.tr\/index.php\/urun\/kilitli-oda-new-york-uclemesi-serisi-3\/"},"modified":"2026-04-16T02:18:39","modified_gmt":"2026-04-15T23:18:39","slug":"kilitli-oda-new-york-uclemesi-serisi-3","status":"publish","type":"product","link":"https:\/\/roveyayinevi.com.tr\/index.php\/urun\/kilitli-oda-new-york-uclemesi-serisi-3\/","title":{"rendered":"Kilitli Oda &#8211; New York \u00dc\u00e7lemesi Serisi 3"},"content":{"rendered":"<p>Paul Auster Kilitli Oda\u2019da kahramanlar\u0131n\u0131 soyut ya da somut kilitli odalara sokarak, \u00f6zg\u00fcrl\u00fcklerini ancak oradan ka\u00e7makla elde edebilecekleri bir d\u00fcnya kuruyor. Roman\u0131n kahraman\u0131, romanc\u0131 olmay\u0131 isteyen ama o yarat\u0131c\u0131 yetene\u011fe sahip olmayan biri. Umutsuzlu\u011funun son noktasIna geldi\u011fi s\u0131rada \u00e7ocukluk arkada\u015f\u0131 olan ama uzun zamand\u0131r g\u00f6rmedi\u011fi bir yazar, geride kar\u0131s\u0131n\u0131, \u00e7ocu\u011funu ve kilit alt\u0131nda saklad\u0131\u011f\u0131 roman, oyun ve \u015fiir dosyalar\u0131n\u0131 b\u0131rakarak ortadan kayboluyor. Romanc\u0131 olmaya heveslenen kahraman\u0131m\u0131z kaybolan ki\u015finin kimli\u011fiyle \u00f6zledi\u011fi \u015fan ve \u015f\u00f6hrete kavu\u015fabilir mi? yoksa kendi kurdu\u011fu bir tuza\u011f\u0131n tutsa\u011f\u0131 m\u0131 olur? Paul Auster polisiye tad\u0131ndaki bu roman\u0131nda benli\u011fin kilitli kap\u0131lar\u0131n\u0131 zorluyor. \ufffcTan\u0131t\u0131m Metni<\/p>\n","protected":false},"excerpt":{"rendered":"<p>Paul Auster Kilitli Oda\u2019da kahramanlar\u0131n\u0131 soyut ya da somut kilitli odalara sokarak, \u00f6zg\u00fcrl\u00fcklerini ancak oradan ka\u00e7makla elde edebilecekleri bir d\u00fcnya kuruyor. Roman\u0131n kahraman\u0131, romanc\u0131 olmay\u0131 isteyen<span class=\"excerpt-hellip\"> [\u2026]<\/span><\/p>\n","protected":false},"featured_media":0,"template":"","meta":{"_monsterinsights_skip_tracking":false,"_monsterinsights_sitenote_active":false,"_monsterinsights_sitenote_note":"","_monsterinsights_sitenote_category":0},"product_brand":[],"product_cat":[12291,12711],"product_tag":[],"class_list":{"0":"post-709684","1":"product","2":"type-product","3":"status-publish","5":"product_cat-edebiyat","6":"product_cat-roman-oyku","7":"pa_cilt-ciltsiz","8":"pa_tur-kitap","9":"pa_yayinevi-can-yayinlari","10":"pa_yazar-paul-auster","12":"first","13":"instock","14":"sale","15":"shipping-taxable","16":"purchasable","17":"product-type-simple"},"_links":{"self":[{"href":"https:\/\/roveyayinevi.com.tr\/index.php\/wp-json\/wp\/v2\/product\/709684","targetHints":{"allow":["GET"]}}],"collection":[{"href":"https:\/\/roveyayinevi.com.tr\/index.php\/wp-json\/wp\/v2\/product"}],"about":[{"href":"https:\/\/roveyayinevi.com.tr\/index.php\/wp-json\/wp\/v2\/types\/product"}],"wp:attachment":[{"href":"https:\/\/roveyayinevi.com.tr\/index.php\/wp-json\/wp\/v2\/media?parent=709684"}],"wp:term":[{"taxonomy":"product_brand","embeddable":true,"href":"https:\/\/roveyayinevi.com.tr\/index.php\/wp-json\/wp\/v2\/product_brand?post=709684"},{"taxonomy":"product_cat","embeddable":true,"href":"https:\/\/roveyayinevi.com.tr\/index.php\/wp-json\/wp\/v2\/product_cat?post=709684"},{"taxonomy":"product_tag","embeddable":true,"href":"https:\/\/roveyayinevi.com.tr\/index.php\/wp-json\/wp\/v2\/product_tag?post=709684"}],"curies":[{"name":"wp","href":"https:\/\/api.w.org\/{rel}","templated":true}]}}