{"id":709680,"date":"2025-08-27T16:28:15","date_gmt":"2025-08-27T13:28:15","guid":{"rendered":"https:\/\/roveyayinevi.com.tr\/index.php\/urun\/etkili-ailelerin-7-aliskanligi\/"},"modified":"2025-12-30T10:07:44","modified_gmt":"2025-12-30T07:07:44","slug":"etkili-ailelerin-7-aliskanligi","status":"publish","type":"product","link":"https:\/\/roveyayinevi.com.tr\/index.php\/urun\/etkili-ailelerin-7-aliskanligi\/","title":{"rendered":"Etkili Ailelerin 7 Al\u0131\u015fkanl\u0131\u011f\u0131"},"content":{"rendered":"<p>&#8220;Etkili \u0130nsanlar\u0131n 7 Al\u0131\u015fkanl\u0131\u011f\u0131&#8221; ve &#8220;8&#8217;inci Al\u0131\u015fkanl\u0131k&#8221; gibi b\u00fct\u00fcn d\u00fcnyada milyonlarca ki\u015fiyi etkileyen Stephen R. Covey bu kitab\u0131nda, anne baba ve \u00e7ocuklar, hatta di\u011fer akrabalar ve ya\u015fl\u0131 ku\u015fak aras\u0131nda nas\u0131l g\u00fczel, ne\u015feli ve geli\u015ftirici bir aile ortam\u0131 yarat\u0131labilece\u011finin en isabetli ipu\u00e7lar\u0131n\u0131 sunuyor&#8230; <\/p>\n","protected":false},"excerpt":{"rendered":"<p>&#8220;Etkili \u0130nsanlar\u0131n 7 Al\u0131\u015fkanl\u0131\u011f\u0131&#8221; ve &#8220;8&#8217;inci Al\u0131\u015fkanl\u0131k&#8221; gibi b\u00fct\u00fcn d\u00fcnyada milyonlarca ki\u015fiyi etkileyen Stephen R. Covey bu kitab\u0131nda, anne baba ve \u00e7ocuklar, hatta di\u011fer akrabalar ve<span class=\"excerpt-hellip\"> [\u2026]<\/span><\/p>\n","protected":false},"featured_media":0,"template":"","meta":{"_monsterinsights_skip_tracking":false,"_monsterinsights_sitenote_active":false,"_monsterinsights_sitenote_note":"","_monsterinsights_sitenote_category":0},"product_brand":[],"product_cat":[24520,13365],"product_tag":[],"class_list":{"0":"post-709680","1":"product","2":"type-product","3":"status-publish","5":"product_cat-aile-sagligi","6":"product_cat-saglik","7":"pa_cilt-ciltsiz","8":"pa_tur-kitap","9":"pa_yayinevi-aura-kitaplari","10":"pa_yazar-stephen-r-covey","12":"first","13":"instock","14":"sale","15":"shipping-taxable","16":"purchasable","17":"product-type-simple"},"_links":{"self":[{"href":"https:\/\/roveyayinevi.com.tr\/index.php\/wp-json\/wp\/v2\/product\/709680","targetHints":{"allow":["GET"]}}],"collection":[{"href":"https:\/\/roveyayinevi.com.tr\/index.php\/wp-json\/wp\/v2\/product"}],"about":[{"href":"https:\/\/roveyayinevi.com.tr\/index.php\/wp-json\/wp\/v2\/types\/product"}],"wp:attachment":[{"href":"https:\/\/roveyayinevi.com.tr\/index.php\/wp-json\/wp\/v2\/media?parent=709680"}],"wp:term":[{"taxonomy":"product_brand","embeddable":true,"href":"https:\/\/roveyayinevi.com.tr\/index.php\/wp-json\/wp\/v2\/product_brand?post=709680"},{"taxonomy":"product_cat","embeddable":true,"href":"https:\/\/roveyayinevi.com.tr\/index.php\/wp-json\/wp\/v2\/product_cat?post=709680"},{"taxonomy":"product_tag","embeddable":true,"href":"https:\/\/roveyayinevi.com.tr\/index.php\/wp-json\/wp\/v2\/product_tag?post=709680"}],"curies":[{"name":"wp","href":"https:\/\/api.w.org\/{rel}","templated":true}]}}