{"id":709679,"date":"2025-08-27T16:28:15","date_gmt":"2025-08-27T13:28:15","guid":{"rendered":"https:\/\/roveyayinevi.com.tr\/index.php\/urun\/sinema-ve-tarih\/"},"modified":"2026-04-16T02:18:39","modified_gmt":"2026-04-15T23:18:39","slug":"sinema-ve-tarih","status":"publish","type":"product","link":"https:\/\/roveyayinevi.com.tr\/index.php\/urun\/sinema-ve-tarih\/","title":{"rendered":"Sinema ve Tarih"},"content":{"rendered":"<p>Toplum ve tarihle olan ili\u015fkisi d\u00fc\u015f\u00fcn\u00fcld\u00fc\u011f\u00fcnde, sineman\u0131n pay\u0131na d\u00fc\u015fen \u00e7o\u011fu zaman bir takdir ve tahmin y\u00fcr\u00fctme meselesi olmaktan \u00f6teye gitmez. Ne var ki, ayn\u0131 zamanda Tarih\u2019in bir temsilcisi ve \u00fcr\u00fcn\u00fc de olan sinemay\u0131, kendisine kaynakl\u0131k eden k\u00fclt\u00fcrlerden ve al\u0131c\u0131s\u0131 konumundaki toplumlardan ayr\u0131 d\u00fc\u015f\u00fcnmek olanaks\u0131zd\u0131r. Sinema ve Tarih kitab\u0131nda Marc Ferro, \u201ctoplum kar\u015f\u0131-\u00e7\u00f6z\u00fcmlemesi\u201d \u015feklinde \u00f6zetledi\u011fi teori ve prati\u011fini, Yeni Tarih miras\u0131n\u0131 eklektik bak\u0131\u015f a\u00e7\u0131s\u0131yla harmanlayan bir yakla\u015f\u0131m\u0131n izinden giderek geli\u015ftirip derinle\u015ftiriyor. Potemkin Z\u0131rhl\u0131s\u0131\u2019ndan Yahudi S\u00fcss\u2019e, Zafer Yollar\u0131\u2019ndan \u00dc\u00e7\u00fcnc\u00fc Adam\u2019a bir\u00e7ok film arac\u0131l\u0131\u011f\u0131yla Tarih ve sinema aras\u0131ndaki dirsek temaslar\u0131na i\u015faret eden tarih\u00e7i, g\u00fcn\u00fcm\u00fcz toplumlar\u0131n\u0131 tarihsel ba\u011flamlar\u0131 i\u00e7erisinde anlamam\u0131za yard\u0131mc\u0131 oluyor&#8230; <\/p>\n","protected":false},"excerpt":{"rendered":"<p>Toplum ve tarihle olan ili\u015fkisi d\u00fc\u015f\u00fcn\u00fcld\u00fc\u011f\u00fcnde, sineman\u0131n pay\u0131na d\u00fc\u015fen \u00e7o\u011fu zaman bir takdir ve tahmin y\u00fcr\u00fctme meselesi olmaktan \u00f6teye gitmez. Ne var ki, ayn\u0131 zamanda Tarih\u2019in<span class=\"excerpt-hellip\"> [\u2026]<\/span><\/p>\n","protected":false},"featured_media":0,"template":"","meta":{"_monsterinsights_skip_tracking":false,"_monsterinsights_sitenote_active":false,"_monsterinsights_sitenote_note":"","_monsterinsights_sitenote_category":0},"product_brand":[],"product_cat":[12409,12408],"product_tag":[],"class_list":{"0":"post-709679","1":"product","2":"type-product","3":"status-publish","5":"product_cat-fotograf-sinema-tiyatro","6":"product_cat-sanat","7":"pa_cilt-ciltsiz","8":"pa_tur-kitap","9":"pa_yayinevi-ayrinti-yayinlari","10":"pa_yazar-marc-ferro","12":"first","13":"instock","14":"sale","15":"shipping-taxable","16":"purchasable","17":"product-type-simple"},"_links":{"self":[{"href":"https:\/\/roveyayinevi.com.tr\/index.php\/wp-json\/wp\/v2\/product\/709679","targetHints":{"allow":["GET"]}}],"collection":[{"href":"https:\/\/roveyayinevi.com.tr\/index.php\/wp-json\/wp\/v2\/product"}],"about":[{"href":"https:\/\/roveyayinevi.com.tr\/index.php\/wp-json\/wp\/v2\/types\/product"}],"wp:attachment":[{"href":"https:\/\/roveyayinevi.com.tr\/index.php\/wp-json\/wp\/v2\/media?parent=709679"}],"wp:term":[{"taxonomy":"product_brand","embeddable":true,"href":"https:\/\/roveyayinevi.com.tr\/index.php\/wp-json\/wp\/v2\/product_brand?post=709679"},{"taxonomy":"product_cat","embeddable":true,"href":"https:\/\/roveyayinevi.com.tr\/index.php\/wp-json\/wp\/v2\/product_cat?post=709679"},{"taxonomy":"product_tag","embeddable":true,"href":"https:\/\/roveyayinevi.com.tr\/index.php\/wp-json\/wp\/v2\/product_tag?post=709679"}],"curies":[{"name":"wp","href":"https:\/\/api.w.org\/{rel}","templated":true}]}}