{"id":709678,"date":"2025-08-27T16:28:14","date_gmt":"2025-08-27T13:28:14","guid":{"rendered":"https:\/\/roveyayinevi.com.tr\/index.php\/urun\/kelebekler-zamani\/"},"modified":"2026-04-16T02:18:39","modified_gmt":"2026-04-15T23:18:39","slug":"kelebekler-zamani","status":"publish","type":"product","link":"https:\/\/roveyayinevi.com.tr\/index.php\/urun\/kelebekler-zamani\/","title":{"rendered":"Kelebekler Zaman\u0131"},"content":{"rendered":"<p>\u201c\u00c7ocukken Karanl\u0131k Ge\u00e7it diye bir oyunumuz vard\u0131. Geceleyin bah\u00e7eye \u00e7\u0131k\u0131p kim en uza\u011fa y\u00fcr\u00fcyebilecek diye birbirimizle yar\u0131\u015f\u0131rd\u0131k. Ben bu korkulu\u011fu ya bir ya iki kez ge\u00e7mi\u015fimdir. Ama Minerva al\u0131r ba\u015f\u0131n\u0131 giderdi; arkas\u0131ndan seslenir, geri d\u00f6ns\u00fcn diye yalvar\u0131rd\u0131k. Yine de, hat\u0131rl\u0131yorum, o da bir anl\u0131\u011f\u0131na tam burada durur, omuzlar\u0131n\u0131 dikle\u015ftirir, kendini haz\u0131rlard\u0131. Onun i\u00e7in de o kadar kolay olmad\u0131\u011f\u0131n\u0131 bilirdim.\u201dHi\u00e7biri i\u00e7in kolay de\u011fildi; ne ailesine d\u00fc\u015fk\u00fcn \u00f6rnek Katolik Patria, ne idealist Minerva, ne de en b\u00fcy\u00fck s\u0131rda\u015f\u0131 olan tatl\u0131, gen\u00e7 Mate i\u00e7in. Bunlar onlara uygun g\u00f6r\u00fclm\u00fc\u015f s\u0131fatlar, birbirlerinden b\u00f6yle ay\u0131rt ediliyorlar. Ortak y\u00f6nleriyse cesaretleri. Peki nereden gelir bu cesaretleri? Eh, \u00e7ivi \u00e7ak\u0131lana kadar \u00e7ekice inanmaz derler&#8230;Julia Alvarez, bize efsanevi Mirabal karde\u015fleri anlatm\u0131yor. Kalemi bir f\u0131r\u00e7a misali d\u00f6rt hayat\u0131n d\u00f6rt resmini \u00e7iziyor, y\u00fcceltmeye, \u00f6c\u00fcle\u015ftirmeye f\u0131rsat vermiyor. \u201cTiran\u0131m\u0131z\u0131 da ayn\u0131 tanr\u0131la\u015ft\u0131rma hevesi yaratm\u0131\u015ft\u0131r\u201d diyor Alvarez. \u0130\u015fte bu y\u00fczden onun kelebekleri \u00e7orbas\u0131ndaki \u015fehriyeden korkuyor, yast\u0131\u011f\u0131n\u0131n alt\u0131nda Trujillo resmi sakl\u0131yor, geceleyin utand\u0131\u011f\u0131 elleri me\u015fgul olsun diye ha\u00e7\u0131yla uyuyor. Bu hik\u00e2ye, kahramanlar\u0131n nas\u0131l kahraman oldu\u011funun hik\u00e2yesi&#8230; <\/p>\n","protected":false},"excerpt":{"rendered":"<p>\u201c\u00c7ocukken Karanl\u0131k Ge\u00e7it diye bir oyunumuz vard\u0131. Geceleyin bah\u00e7eye \u00e7\u0131k\u0131p kim en uza\u011fa y\u00fcr\u00fcyebilecek diye birbirimizle yar\u0131\u015f\u0131rd\u0131k. Ben bu korkulu\u011fu ya bir ya iki kez ge\u00e7mi\u015fimdir.<span class=\"excerpt-hellip\"> [\u2026]<\/span><\/p>\n","protected":false},"featured_media":0,"template":"","meta":{"_monsterinsights_skip_tracking":false,"_monsterinsights_sitenote_active":false,"_monsterinsights_sitenote_note":"","_monsterinsights_sitenote_category":0},"product_brand":[],"product_cat":[12291,12711],"product_tag":[],"class_list":{"0":"post-709678","1":"product","2":"type-product","3":"status-publish","5":"product_cat-edebiyat","6":"product_cat-roman-oyku","7":"pa_cilt-ciltsiz","8":"pa_tur-kitap","9":"pa_yayinevi-ayrinti-yayinlari","10":"pa_yazar-julia-alvarez","12":"first","13":"instock","14":"sale","15":"shipping-taxable","16":"purchasable","17":"product-type-simple"},"_links":{"self":[{"href":"https:\/\/roveyayinevi.com.tr\/index.php\/wp-json\/wp\/v2\/product\/709678","targetHints":{"allow":["GET"]}}],"collection":[{"href":"https:\/\/roveyayinevi.com.tr\/index.php\/wp-json\/wp\/v2\/product"}],"about":[{"href":"https:\/\/roveyayinevi.com.tr\/index.php\/wp-json\/wp\/v2\/types\/product"}],"wp:attachment":[{"href":"https:\/\/roveyayinevi.com.tr\/index.php\/wp-json\/wp\/v2\/media?parent=709678"}],"wp:term":[{"taxonomy":"product_brand","embeddable":true,"href":"https:\/\/roveyayinevi.com.tr\/index.php\/wp-json\/wp\/v2\/product_brand?post=709678"},{"taxonomy":"product_cat","embeddable":true,"href":"https:\/\/roveyayinevi.com.tr\/index.php\/wp-json\/wp\/v2\/product_cat?post=709678"},{"taxonomy":"product_tag","embeddable":true,"href":"https:\/\/roveyayinevi.com.tr\/index.php\/wp-json\/wp\/v2\/product_tag?post=709678"}],"curies":[{"name":"wp","href":"https:\/\/api.w.org\/{rel}","templated":true}]}}