{"id":709676,"date":"2025-08-27T16:28:13","date_gmt":"2025-08-27T13:28:13","guid":{"rendered":"https:\/\/roveyayinevi.com.tr\/index.php\/urun\/andersen-masallari-7\/"},"modified":"2026-04-16T02:18:39","modified_gmt":"2026-04-15T23:18:39","slug":"andersen-masallari-7","status":"publish","type":"product","link":"https:\/\/roveyayinevi.com.tr\/index.php\/urun\/andersen-masallari-7\/","title":{"rendered":"Andersen Masallar\u0131"},"content":{"rendered":"<p>Masallar ba\u015fka bir d\u00fcnyan\u0131n kap\u0131lar\u0131n\u0131 aralamak, hayal g\u00fcc\u00fcn\u00fc geli\u015ftirmek ve hayatla ilgili bir mesaj almak i\u00e7in varlar. H. C. Andersen de kendi hayat\u0131ndan ve ya\u015fad\u0131\u011f\u0131 d\u00f6nemden yola \u00e7\u0131karak yazd\u0131\u011f\u0131 masallarda, hem \u00e7ocuklara hem de yeti\u015fkinlere hitap ediyor. Ger\u00e7ekler ve hayaller; \u00e7ocuklar, hayvanlar, periler ve cad\u0131larla varl\u0131k buluyor. Andersen\u2019in en bilinen masallar\u0131n\u0131n topland\u0131\u011f\u0131 bu kitap, \u00f6zg\u00fcn \u00e7izimlerle masal gelene\u011fini evinize ta\u015f\u0131yor. \ufffcTan\u0131t\u0131m Metni<\/p>\n","protected":false},"excerpt":{"rendered":"<p>Masallar ba\u015fka bir d\u00fcnyan\u0131n kap\u0131lar\u0131n\u0131 aralamak, hayal g\u00fcc\u00fcn\u00fc geli\u015ftirmek ve hayatla ilgili bir mesaj almak i\u00e7in varlar. H. C. Andersen de kendi hayat\u0131ndan ve ya\u015fad\u0131\u011f\u0131 d\u00f6nemden<span class=\"excerpt-hellip\"> [\u2026]<\/span><\/p>\n","protected":false},"featured_media":0,"template":"","meta":{"_monsterinsights_skip_tracking":false,"_monsterinsights_sitenote_active":false,"_monsterinsights_sitenote_note":"","_monsterinsights_sitenote_category":0},"product_brand":[],"product_cat":[12274,12523],"product_tag":[],"class_list":{"0":"post-709676","1":"product","2":"type-product","3":"status-publish","5":"product_cat-cocuk-ve-genclik-kitaplari","6":"product_cat-masallar","7":"pa_cilt-ciltsiz","8":"pa_tur-kitap","9":"pa_yayinevi-dinozor-cocuk","10":"pa_yazar-hans-christian-andersen","12":"first","13":"instock","14":"sale","15":"shipping-taxable","16":"purchasable","17":"product-type-simple"},"_links":{"self":[{"href":"https:\/\/roveyayinevi.com.tr\/index.php\/wp-json\/wp\/v2\/product\/709676","targetHints":{"allow":["GET"]}}],"collection":[{"href":"https:\/\/roveyayinevi.com.tr\/index.php\/wp-json\/wp\/v2\/product"}],"about":[{"href":"https:\/\/roveyayinevi.com.tr\/index.php\/wp-json\/wp\/v2\/types\/product"}],"wp:attachment":[{"href":"https:\/\/roveyayinevi.com.tr\/index.php\/wp-json\/wp\/v2\/media?parent=709676"}],"wp:term":[{"taxonomy":"product_brand","embeddable":true,"href":"https:\/\/roveyayinevi.com.tr\/index.php\/wp-json\/wp\/v2\/product_brand?post=709676"},{"taxonomy":"product_cat","embeddable":true,"href":"https:\/\/roveyayinevi.com.tr\/index.php\/wp-json\/wp\/v2\/product_cat?post=709676"},{"taxonomy":"product_tag","embeddable":true,"href":"https:\/\/roveyayinevi.com.tr\/index.php\/wp-json\/wp\/v2\/product_tag?post=709676"}],"curies":[{"name":"wp","href":"https:\/\/api.w.org\/{rel}","templated":true}]}}