{"id":709674,"date":"2025-08-27T16:28:12","date_gmt":"2025-08-27T13:28:12","guid":{"rendered":"https:\/\/roveyayinevi.com.tr\/index.php\/urun\/evrenin-sonundaki-restoran-otostopcunun-galaksi-rehberi-serisi-2\/"},"modified":"2026-03-23T02:22:57","modified_gmt":"2026-03-22T23:22:57","slug":"evrenin-sonundaki-restoran-otostopcunun-galaksi-rehberi-serisi-2","status":"publish","type":"product","link":"https:\/\/roveyayinevi.com.tr\/index.php\/urun\/evrenin-sonundaki-restoran-otostopcunun-galaksi-rehberi-serisi-2\/","title":{"rendered":"Evrenin Sonundaki Restoran &#8211; Otostop\u00e7unun Galaksi Rehberi Serisi 2"},"content":{"rendered":"<p>Milliways \u00d6\u011flen Men\u00fcs\u00fc, edit\u00f6r\u00fcn\u00fcn iznini alarak, Otostop\u00e7unun Galaksi Rehberi\u2019nden bir pasaj aktarmaktayd\u0131. Pasaj \u015f\u00f6yleydi: Belli ba\u015fl\u0131 her galaktik uygarl\u0131\u011f\u0131n tarihi \u00fc\u00e7 ayr\u0131 ve fark edilebilir a\u015famadan ge\u00e7me e\u011filimindedir. Bu a\u015famalar Hayatta Kalma, Sorgulama ve \u0130ncelikli D\u00fc\u015f\u00fcnmedir; bir ba\u015fka deyi\u015fle Nas\u0131l, Neden ve Nerede a\u015famalar\u0131 olarak da bilinirler. \u00d6rne\u011fin, ilk a\u015fama Nas\u0131l Yiyebiliriz? sorusuyla, ikinci a\u015fama Neden Yiyoruz? sorusuyla, \u00fc\u00e7\u00fcnc\u00fc a\u015famaysa \u00d6\u011fle Yeme\u011fini Nerede Yiyelim? sorusuyla tan\u0131mlanmaktad\u0131r. Men\u00fc daha sonra Milliways\u2019in, Evrenin Sonundaki Restoran\u2019\u0131n bu \u00fc\u00e7\u00fcnc\u00fc soruya \u00e7ok uygun ve se\u00e7kin bir cevap oldu\u011funu s\u00f6yl\u00fcyordu. Alt\u0131n Kalp\u2019in yolcular\u0131 sabahtan itibaren alt\u0131 tamamen imk\u00e2ns\u0131z i\u015fi ba\u015farm\u0131\u015fken, g\u00fcn\u00fc ger\u00e7ekten lay\u0131k oldu\u011fu bir \u015fekilde ta\u00e7land\u0131rmaya karar vermi\u015flerdi: Gidilebilecek en iyi restoranda, seyredilebilecek en iyi manzaraya kar\u015f\u0131 m\u00fckellef bir yemek. Bu arada gidiyoruz, ama aran\u0131zda rezervasyon yapt\u0131ran oldu mu? \ufffc<\/p>\n","protected":false},"excerpt":{"rendered":"<p>Milliways \u00d6\u011flen Men\u00fcs\u00fc, edit\u00f6r\u00fcn\u00fcn iznini alarak, Otostop\u00e7unun Galaksi Rehberi\u2019nden bir pasaj aktarmaktayd\u0131. Pasaj \u015f\u00f6yleydi: Belli ba\u015fl\u0131 her galaktik uygarl\u0131\u011f\u0131n tarihi \u00fc\u00e7 ayr\u0131 ve fark edilebilir a\u015famadan<span class=\"excerpt-hellip\"> [\u2026]<\/span><\/p>\n","protected":false},"featured_media":0,"template":"","meta":{"_monsterinsights_skip_tracking":false,"_monsterinsights_sitenote_active":false,"_monsterinsights_sitenote_note":"","_monsterinsights_sitenote_category":0},"product_brand":[],"product_cat":[12540,12291],"product_tag":[],"class_list":{"0":"post-709674","1":"product","2":"type-product","3":"status-publish","5":"product_cat-bilim-kurgu","6":"product_cat-edebiyat","7":"pa_cilt-ciltsiz","8":"pa_tur-kitap","9":"pa_yayinevi-alfa-yayinlari","10":"pa_yazar-douglas-adams","12":"first","13":"instock","14":"sale","15":"shipping-taxable","16":"purchasable","17":"product-type-simple"},"_links":{"self":[{"href":"https:\/\/roveyayinevi.com.tr\/index.php\/wp-json\/wp\/v2\/product\/709674","targetHints":{"allow":["GET"]}}],"collection":[{"href":"https:\/\/roveyayinevi.com.tr\/index.php\/wp-json\/wp\/v2\/product"}],"about":[{"href":"https:\/\/roveyayinevi.com.tr\/index.php\/wp-json\/wp\/v2\/types\/product"}],"wp:attachment":[{"href":"https:\/\/roveyayinevi.com.tr\/index.php\/wp-json\/wp\/v2\/media?parent=709674"}],"wp:term":[{"taxonomy":"product_brand","embeddable":true,"href":"https:\/\/roveyayinevi.com.tr\/index.php\/wp-json\/wp\/v2\/product_brand?post=709674"},{"taxonomy":"product_cat","embeddable":true,"href":"https:\/\/roveyayinevi.com.tr\/index.php\/wp-json\/wp\/v2\/product_cat?post=709674"},{"taxonomy":"product_tag","embeddable":true,"href":"https:\/\/roveyayinevi.com.tr\/index.php\/wp-json\/wp\/v2\/product_tag?post=709674"}],"curies":[{"name":"wp","href":"https:\/\/api.w.org\/{rel}","templated":true}]}}