{"id":709672,"date":"2025-08-27T16:28:11","date_gmt":"2025-08-27T13:28:11","guid":{"rendered":"https:\/\/roveyayinevi.com.tr\/index.php\/urun\/rimbaud-ben-bir-baskasidir\/"},"modified":"2026-04-16T02:18:10","modified_gmt":"2026-04-15T23:18:10","slug":"rimbaud-ben-bir-baskasidir","status":"publish","type":"product","link":"https:\/\/roveyayinevi.com.tr\/index.php\/urun\/rimbaud-ben-bir-baskasidir\/","title":{"rendered":"Rimbaud &#8211; Ben Bir Ba\u015fkas\u0131d\u0131r"},"content":{"rendered":"<p>Bir \u015fairden bir macerapereste&#8230; Arthur Rimbaud \u015fiir d\u00fcnyas\u0131nda \u00f6zel bir yer i\u015fgal eder. Onun dahil oldu\u011fu her \u015fey bizi b\u00fcy\u00fcler: \u00e7ok gen\u00e7 ya\u015fta yazmaya ba\u015flam\u0131\u015ft\u0131r, burjuva d\u00fczeni onu allak bullak eder. Birka\u00e7 y\u0131l u\u00e7larda \u00f6zg\u00fcrl\u00fck ve sefalet i\u00e7inde ya\u015fad\u0131ktan sonra \u015fiirle ba\u011flar\u0131n\u0131 kopar\u0131r ve ticaret yapmak \u00fczere Afrika\u2019ya gider. Bir anlamda o bizim olamad\u0131\u011f\u0131m\u0131z her \u015feydi: d\u00e2hi, taviz vermeksizin \u00f6zg\u00fcr, \u00f6l\u00fcm konusunda cesaretli.\u2013Le Magazine Litt\u00e9raire \u201cArthur Rimbaud, edebiyattan sanata, \u015fark\u0131dan g\u00fczel sanatlara kadar bir\u00e7ok alanda kara bir g\u00fcne\u015f gibi par\u0131ldam\u0131\u015ft\u0131r. \u015eiir kariyeri k\u0131sa s\u00fcrse de eserleri c\u00fcretk\u00e2rd\u0131r. 20. y\u00fczy\u0131l edebiyat\u0131nda d\u00e2hi bir ergen olarak y\u00fckselir.\u201d\u2013Le Monde \u201cK\u00fc\u00e7\u00fck Shakespeare.\u201d\u2013Victor Hugo <\/p>\n","protected":false},"excerpt":{"rendered":"<p>Bir \u015fairden bir macerapereste&#8230; Arthur Rimbaud \u015fiir d\u00fcnyas\u0131nda \u00f6zel bir yer i\u015fgal eder. Onun dahil oldu\u011fu her \u015fey bizi b\u00fcy\u00fcler: \u00e7ok gen\u00e7 ya\u015fta yazmaya ba\u015flam\u0131\u015ft\u0131r, burjuva<span class=\"excerpt-hellip\"> [\u2026]<\/span><\/p>\n","protected":false},"featured_media":0,"template":"","meta":{"_monsterinsights_skip_tracking":false,"_monsterinsights_sitenote_active":false,"_monsterinsights_sitenote_note":"","_monsterinsights_sitenote_category":0},"product_brand":[],"product_cat":[13946,12304],"product_tag":[],"class_list":{"0":"post-709672","1":"product","2":"type-product","3":"status-publish","5":"product_cat-biyografi-otobiyografi","6":"product_cat-tarih","7":"pa_cilt-ciltsiz","8":"pa_tur-kitap","9":"pa_yayinevi-alfa-yayinlari","10":"pa_yazar-yves-bonnefoy","12":"first","13":"instock","14":"sale","15":"shipping-taxable","16":"purchasable","17":"product-type-simple"},"_links":{"self":[{"href":"https:\/\/roveyayinevi.com.tr\/index.php\/wp-json\/wp\/v2\/product\/709672","targetHints":{"allow":["GET"]}}],"collection":[{"href":"https:\/\/roveyayinevi.com.tr\/index.php\/wp-json\/wp\/v2\/product"}],"about":[{"href":"https:\/\/roveyayinevi.com.tr\/index.php\/wp-json\/wp\/v2\/types\/product"}],"wp:attachment":[{"href":"https:\/\/roveyayinevi.com.tr\/index.php\/wp-json\/wp\/v2\/media?parent=709672"}],"wp:term":[{"taxonomy":"product_brand","embeddable":true,"href":"https:\/\/roveyayinevi.com.tr\/index.php\/wp-json\/wp\/v2\/product_brand?post=709672"},{"taxonomy":"product_cat","embeddable":true,"href":"https:\/\/roveyayinevi.com.tr\/index.php\/wp-json\/wp\/v2\/product_cat?post=709672"},{"taxonomy":"product_tag","embeddable":true,"href":"https:\/\/roveyayinevi.com.tr\/index.php\/wp-json\/wp\/v2\/product_tag?post=709672"}],"curies":[{"name":"wp","href":"https:\/\/api.w.org\/{rel}","templated":true}]}}