{"id":709669,"date":"2025-08-27T16:28:09","date_gmt":"2025-08-27T13:28:09","guid":{"rendered":"https:\/\/roveyayinevi.com.tr\/index.php\/urun\/ishak\/"},"modified":"2026-04-16T02:18:10","modified_gmt":"2026-04-15T23:18:10","slug":"ishak","status":"publish","type":"product","link":"https:\/\/roveyayinevi.com.tr\/index.php\/urun\/ishak\/","title":{"rendered":"\u0130shak"},"content":{"rendered":"<p>Bir s\u00fcr\u00fc \u00f6lm\u00fc\u015f kedi ile bir arada ya\u015famay\u0131 seven o eski dostumuzu uzun uzun hat\u0131rlamakta ne yarar var. \u015eimdi onun sa\u00e7lar\u0131 uzam\u0131yor. Hi\u00e7bir \u015feyden haberi yok. Belki de uzun bir uykuya yatm\u0131\u015ft\u0131r. \u00d6yleyse rahat\u00e7a giyinebilir, soka\u011fa \u00e7\u0131kabilirim.&#8221;O&#8217;nun art\u0131k sa\u00e7lar\u0131 uzam\u0131yor. Ama okuyan\u0131n i\u00e7inde bir b\u0131\u00e7ak yaras\u0131 gibi derin izler b\u0131rakan \u00f6yk\u00fcleri, ge\u00e7mi\u015f y\u0131llardan gelip gelecek y\u0131llara uzan\u0131yor. Y\u0131llar\u0131n kap\u0131lar\u0131 \u0130shak&#8217;a hep a\u00e7\u0131k kalacak. <\/p>\n","protected":false},"excerpt":{"rendered":"<p>Bir s\u00fcr\u00fc \u00f6lm\u00fc\u015f kedi ile bir arada ya\u015famay\u0131 seven o eski dostumuzu uzun uzun hat\u0131rlamakta ne yarar var. \u015eimdi onun sa\u00e7lar\u0131 uzam\u0131yor. Hi\u00e7bir \u015feyden haberi yok.<span class=\"excerpt-hellip\"> [\u2026]<\/span><\/p>\n","protected":false},"featured_media":0,"template":"","meta":{"_monsterinsights_skip_tracking":false,"_monsterinsights_sitenote_active":false,"_monsterinsights_sitenote_note":"","_monsterinsights_sitenote_category":0},"product_brand":[],"product_cat":[12291,12711],"product_tag":[],"class_list":{"0":"post-709669","1":"product","2":"type-product","3":"status-publish","5":"product_cat-edebiyat","6":"product_cat-roman-oyku","7":"pa_cilt-ciltsiz","8":"pa_tur-kitap","9":"pa_yayinevi-yapi-kredi-yayinlari","10":"pa_yazar-onat-kutlar","12":"first","13":"instock","14":"sale","15":"shipping-taxable","16":"purchasable","17":"product-type-simple"},"_links":{"self":[{"href":"https:\/\/roveyayinevi.com.tr\/index.php\/wp-json\/wp\/v2\/product\/709669","targetHints":{"allow":["GET"]}}],"collection":[{"href":"https:\/\/roveyayinevi.com.tr\/index.php\/wp-json\/wp\/v2\/product"}],"about":[{"href":"https:\/\/roveyayinevi.com.tr\/index.php\/wp-json\/wp\/v2\/types\/product"}],"wp:attachment":[{"href":"https:\/\/roveyayinevi.com.tr\/index.php\/wp-json\/wp\/v2\/media?parent=709669"}],"wp:term":[{"taxonomy":"product_brand","embeddable":true,"href":"https:\/\/roveyayinevi.com.tr\/index.php\/wp-json\/wp\/v2\/product_brand?post=709669"},{"taxonomy":"product_cat","embeddable":true,"href":"https:\/\/roveyayinevi.com.tr\/index.php\/wp-json\/wp\/v2\/product_cat?post=709669"},{"taxonomy":"product_tag","embeddable":true,"href":"https:\/\/roveyayinevi.com.tr\/index.php\/wp-json\/wp\/v2\/product_tag?post=709669"}],"curies":[{"name":"wp","href":"https:\/\/api.w.org\/{rel}","templated":true}]}}