{"id":709666,"date":"2025-08-27T16:28:08","date_gmt":"2025-08-27T13:28:08","guid":{"rendered":"https:\/\/roveyayinevi.com.tr\/index.php\/urun\/babam-hz-muhammed\/"},"modified":"2026-04-16T02:18:10","modified_gmt":"2026-04-15T23:18:10","slug":"babam-hz-muhammed","status":"publish","type":"product","link":"https:\/\/roveyayinevi.com.tr\/index.php\/urun\/babam-hz-muhammed\/","title":{"rendered":"Babam Hz. Muhammed"},"content":{"rendered":"<p>&#8220;\u00dcz\u00fcnt\u00fcye u\u011frayan beni hat\u0131rlas\u0131n!\u201d buyurmu\u015ftu Babam. \u00dcz\u00fcnt\u00fcde Muhammed\u00ee (asm) s\u0131r vard\u0131. \u0130nsana en \u00e7ok \u00fcz\u00fcnt\u00fc an\u0131nda uzan\u0131rd\u0131 Muhammed\u2019in (asm) eli&#8230;Babam\u0131n par\u00e7as\u0131y\u0131m&#8230;Hayat\u0131m\u0131n hepsine vuran \u00fcz\u00fcnt\u00fc beni onunla ba\u011flam\u0131\u015f. Ac\u0131n\u0131n ba\u011f\u0131 kopmaz. Babamla ba\u011f\u0131m onun i\u00e7in anla\u015f\u0131lmaz.Ben F\u00e2t\u0131ma&#8230;Elim, onun tuttu\u011fu el.Benim elim Allah Res\u00fbl\u00fc\u2019n\u00fcn eli.Benim elim Babam Muhammed\u2019in (asm) elinden tutma vesilesi&#8230;Elimden tutan ondan tutar.Elimde t\u00fcm esman\u0131n s\u0131rr\u0131 var.Babam elleriyle koydu ellerime velayeti.Y\u00fcz yirmi d\u00f6rt milyon evliya elimde sakl\u0131. Onun i\u00e7in elim kerametli, elim bahtl\u0131&#8230;Gidiyorum, Babam Hz. Muhammed\u2019e (asm).Elim \u00fcst\u00fcn\u00fczde&#8230; A\u015fk, \u201cMim!\u201d dedi.T\u00fcm varl\u0131k a\u015fkla \u201cMim\u201dlendi.Esman\u0131n bilinme seyri \u201cKenz-i A\u015fk\u201da y\u00fcklendi.\u201cKenz-i A\u015fk\u201d, \u00c2lemlerin Efendisi olarak yarat\u0131lan Hz. Muhammed&#8217;i (asm) anlatma gayesiyle kaleme al\u0131nm\u0131\u015f bir dizi. Her kitapta Fahr-i K\u00e2inat Efendimizin (asm) en yak\u0131nlar\u0131ndan birinin diliyle a\u015fk hazinesinin kap\u0131s\u0131 aralanmaya \u00e7al\u0131\u015f\u0131l\u0131yor.Babam Hazreti Muhammed (asm), Peygamberimizin \u201cbenim par\u00e7amd\u0131r\u201d dedi\u011fi, risalet denizinin velayet nehriyle bulu\u015fmas\u0131n\u0131n kendisinde v\u00fccut buldu\u011fu Hz. Fat\u0131ma (ra) annemizin dilinden ak\u0131yor. Nuriye \u00c7ele\u011fen\u2019in incelikli kaleminden\u2026 <\/p>\n","protected":false},"excerpt":{"rendered":"<p>&#8220;\u00dcz\u00fcnt\u00fcye u\u011frayan beni hat\u0131rlas\u0131n!\u201d buyurmu\u015ftu Babam. \u00dcz\u00fcnt\u00fcde Muhammed\u00ee (asm) s\u0131r vard\u0131. \u0130nsana en \u00e7ok \u00fcz\u00fcnt\u00fc an\u0131nda uzan\u0131rd\u0131 Muhammed\u2019in (asm) eli&#8230;Babam\u0131n par\u00e7as\u0131y\u0131m&#8230;Hayat\u0131m\u0131n hepsine vuran \u00fcz\u00fcnt\u00fc beni onunla<span class=\"excerpt-hellip\"> [\u2026]<\/span><\/p>\n","protected":false},"featured_media":0,"template":"","meta":{"_monsterinsights_skip_tracking":false,"_monsterinsights_sitenote_active":false,"_monsterinsights_sitenote_note":"","_monsterinsights_sitenote_category":0},"product_brand":[],"product_cat":[12718,12719],"product_tag":[],"class_list":{"0":"post-709666","1":"product","2":"type-product","3":"status-publish","5":"product_cat-din","6":"product_cat-islam","7":"pa_cilt-ciltsiz","8":"pa_tur-kitap","9":"pa_yayinevi-timas-yayinlari","10":"pa_yazar-nuriye-celegen","12":"first","13":"instock","14":"sale","15":"shipping-taxable","16":"purchasable","17":"product-type-simple"},"_links":{"self":[{"href":"https:\/\/roveyayinevi.com.tr\/index.php\/wp-json\/wp\/v2\/product\/709666","targetHints":{"allow":["GET"]}}],"collection":[{"href":"https:\/\/roveyayinevi.com.tr\/index.php\/wp-json\/wp\/v2\/product"}],"about":[{"href":"https:\/\/roveyayinevi.com.tr\/index.php\/wp-json\/wp\/v2\/types\/product"}],"wp:attachment":[{"href":"https:\/\/roveyayinevi.com.tr\/index.php\/wp-json\/wp\/v2\/media?parent=709666"}],"wp:term":[{"taxonomy":"product_brand","embeddable":true,"href":"https:\/\/roveyayinevi.com.tr\/index.php\/wp-json\/wp\/v2\/product_brand?post=709666"},{"taxonomy":"product_cat","embeddable":true,"href":"https:\/\/roveyayinevi.com.tr\/index.php\/wp-json\/wp\/v2\/product_cat?post=709666"},{"taxonomy":"product_tag","embeddable":true,"href":"https:\/\/roveyayinevi.com.tr\/index.php\/wp-json\/wp\/v2\/product_tag?post=709666"}],"curies":[{"name":"wp","href":"https:\/\/api.w.org\/{rel}","templated":true}]}}