{"id":709665,"date":"2025-08-27T16:28:07","date_gmt":"2025-08-27T13:28:07","guid":{"rendered":"https:\/\/roveyayinevi.com.tr\/index.php\/urun\/hayatta-kalma-kilavuzu-2\/"},"modified":"2026-04-08T02:23:26","modified_gmt":"2026-04-07T23:23:26","slug":"hayatta-kalma-kilavuzu-2","status":"publish","type":"product","link":"https:\/\/roveyayinevi.com.tr\/index.php\/urun\/hayatta-kalma-kilavuzu-2\/","title":{"rendered":"Hayatta Kalma K\u0131lavuzu"},"content":{"rendered":"<p>&#8220;Hepimizin kendine has bir Everest&#8217;i var. Onun \u00e7a\u011fr\u0131s\u0131na kulak verirsek, hayat i\u015fte o zaman ger\u00e7ek bir macera olur.&#8221; \u00dcnl\u00fc maceraperest, d\u00fcnyan\u0131n vah\u015fi k\u00f6\u015felerinden \u00f6\u011frendi\u011fi bilgeli\u011fi ve dersleri ortaya koyuyor!Vah\u015fi hayat bize \u00e7ok de\u011ferli dersler verir. Kendimizi zor ko\u015fullarda f\u0131rsatlar\u0131 yakalamaya, tehlikelere kar\u015f\u0131 koymaya, \u201cs\u0131n\u0131rlar\u0131m\u0131z\u0131 zorlamaya\u201d ve i\u00e7g\u00fcd\u00fclerimize g\u00fcvenmeye zorlar\u0131z. Fakat en \u00f6nemli maceralar\u0131m\u0131z her zaman do\u011fan\u0131n en u\u00e7 noktalar\u0131nda olmaz. Bazen \u201ckendimize ra\u011fmen\u201d hedeflerimize ula\u015ft\u0131\u011f\u0131m\u0131z bir hayat ya\u015famak daha da zor olabilir.Peki ya b\u00fct\u00fcn ihtimaller sana kar\u015f\u0131 oldu\u011funda nas\u0131l devam edeceksin?  Maceraperestli\u011fiyle me\u015fhur Bear Grylls\u2019in ki\u015fisel derslerinden ilham alarak ya\u015fam\u0131 daha cesurca ya\u015fayabilir, zaman\u0131 geldi\u011finde kendi hayat\u0131nla ilgili en \u00f6nemli kararlarda cesaretini toplayabilir ve hedeflerine giden zorlu yolculu\u011fu daha e\u011flenceli h\u00e2le getirebilirsin. \u0130\u015fte senin b\u00fcy\u00fck maceran \u015fimdi ba\u015fl\u0131yor! Hayatta Kalma K\u0131lavuzu\u2019nda Bear Grylls, d\u00fcnyadaki zorlu ko\u015fullarda kazand\u0131\u011f\u0131 bu \u00e7ok \u00f6nemli dersleri seninle payla\u015f\u0131yor. <\/p>\n","protected":false},"excerpt":{"rendered":"<p>&#8220;Hepimizin kendine has bir Everest&#8217;i var. Onun \u00e7a\u011fr\u0131s\u0131na kulak verirsek, hayat i\u015fte o zaman ger\u00e7ek bir macera olur.&#8221; \u00dcnl\u00fc maceraperest, d\u00fcnyan\u0131n vah\u015fi k\u00f6\u015felerinden \u00f6\u011frendi\u011fi bilgeli\u011fi ve<span class=\"excerpt-hellip\"> [\u2026]<\/span><\/p>\n","protected":false},"featured_media":0,"template":"","meta":{"_monsterinsights_skip_tracking":false,"_monsterinsights_sitenote_active":false,"_monsterinsights_sitenote_note":"","_monsterinsights_sitenote_category":0},"product_brand":[],"product_cat":[12364,12376],"product_tag":[],"class_list":{"0":"post-709665","1":"product","2":"type-product","3":"status-publish","5":"product_cat-genel-konular","6":"product_cat-kisisel-gelisim","7":"pa_cilt-ciltsiz","8":"pa_tur-kitap","9":"pa_yayinevi-portakal-kitap","10":"pa_yazar-bear-grylls","12":"first","13":"instock","14":"sale","15":"shipping-taxable","16":"purchasable","17":"product-type-simple"},"_links":{"self":[{"href":"https:\/\/roveyayinevi.com.tr\/index.php\/wp-json\/wp\/v2\/product\/709665","targetHints":{"allow":["GET"]}}],"collection":[{"href":"https:\/\/roveyayinevi.com.tr\/index.php\/wp-json\/wp\/v2\/product"}],"about":[{"href":"https:\/\/roveyayinevi.com.tr\/index.php\/wp-json\/wp\/v2\/types\/product"}],"wp:attachment":[{"href":"https:\/\/roveyayinevi.com.tr\/index.php\/wp-json\/wp\/v2\/media?parent=709665"}],"wp:term":[{"taxonomy":"product_brand","embeddable":true,"href":"https:\/\/roveyayinevi.com.tr\/index.php\/wp-json\/wp\/v2\/product_brand?post=709665"},{"taxonomy":"product_cat","embeddable":true,"href":"https:\/\/roveyayinevi.com.tr\/index.php\/wp-json\/wp\/v2\/product_cat?post=709665"},{"taxonomy":"product_tag","embeddable":true,"href":"https:\/\/roveyayinevi.com.tr\/index.php\/wp-json\/wp\/v2\/product_tag?post=709665"}],"curies":[{"name":"wp","href":"https:\/\/api.w.org\/{rel}","templated":true}]}}