{"id":709662,"date":"2025-08-27T16:28:06","date_gmt":"2025-08-27T13:28:06","guid":{"rendered":"https:\/\/roveyayinevi.com.tr\/index.php\/urun\/aci-ceken-bilim-adamlari\/"},"modified":"2026-04-16T02:18:10","modified_gmt":"2026-04-15T23:18:10","slug":"aci-ceken-bilim-adamlari","status":"publish","type":"product","link":"https:\/\/roveyayinevi.com.tr\/index.php\/urun\/aci-ceken-bilim-adamlari\/","title":{"rendered":"Ac\u0131 \u00c7eken Bilim Adamlar\u0131"},"content":{"rendered":"<p>&#8220;Ac\u0131 \u00c7eken Bilim Adamlar\u0131&#8221; ilk Yunan bilim insanlar\u0131ndan modern d\u00fcnyan\u0131n dahileri, Newton ve Einstein&#8217;a kadar mucitlerin ac\u0131 dolu ve enteresan hik\u00e2yelerini sunuyor! Bu kitapta zekice bulu\u015flar\u0131, tehlikeli deneyleri ve d\u00fcnyam\u0131z\u0131 de\u011fi\u015ftiren garip hatalar\u0131 bulacaks\u0131n\u0131z&#8230; Ac\u0131 \u00e7eken kimyagerler, biyologlar, g\u00f6kbilimciler, fizik\u00e7iler ve ac\u0131 veren ilk bilimsel metotlar burada! \ufffcTan\u0131t\u0131m Metni<\/p>\n","protected":false},"excerpt":{"rendered":"<p>&#8220;Ac\u0131 \u00c7eken Bilim Adamlar\u0131&#8221; ilk Yunan bilim insanlar\u0131ndan modern d\u00fcnyan\u0131n dahileri, Newton ve Einstein&#8217;a kadar mucitlerin ac\u0131 dolu ve enteresan hik\u00e2yelerini sunuyor! Bu kitapta zekice bulu\u015flar\u0131,<span class=\"excerpt-hellip\"> [\u2026]<\/span><\/p>\n","protected":false},"featured_media":0,"template":"","meta":{"_monsterinsights_skip_tracking":false,"_monsterinsights_sitenote_active":false,"_monsterinsights_sitenote_note":"","_monsterinsights_sitenote_category":0},"product_brand":[],"product_cat":[12274,12284],"product_tag":[],"class_list":{"0":"post-709662","1":"product","2":"type-product","3":"status-publish","5":"product_cat-cocuk-ve-genclik-kitaplari","6":"product_cat-hikayeler","7":"pa_cilt-ciltsiz","8":"pa_tur-kitap","9":"pa_yayinevi-timas-cocuk","10":"pa_yazar-nick-arnold","12":"first","13":"instock","14":"sale","15":"shipping-taxable","16":"purchasable","17":"product-type-simple"},"_links":{"self":[{"href":"https:\/\/roveyayinevi.com.tr\/index.php\/wp-json\/wp\/v2\/product\/709662","targetHints":{"allow":["GET"]}}],"collection":[{"href":"https:\/\/roveyayinevi.com.tr\/index.php\/wp-json\/wp\/v2\/product"}],"about":[{"href":"https:\/\/roveyayinevi.com.tr\/index.php\/wp-json\/wp\/v2\/types\/product"}],"wp:attachment":[{"href":"https:\/\/roveyayinevi.com.tr\/index.php\/wp-json\/wp\/v2\/media?parent=709662"}],"wp:term":[{"taxonomy":"product_brand","embeddable":true,"href":"https:\/\/roveyayinevi.com.tr\/index.php\/wp-json\/wp\/v2\/product_brand?post=709662"},{"taxonomy":"product_cat","embeddable":true,"href":"https:\/\/roveyayinevi.com.tr\/index.php\/wp-json\/wp\/v2\/product_cat?post=709662"},{"taxonomy":"product_tag","embeddable":true,"href":"https:\/\/roveyayinevi.com.tr\/index.php\/wp-json\/wp\/v2\/product_tag?post=709662"}],"curies":[{"name":"wp","href":"https:\/\/api.w.org\/{rel}","templated":true}]}}