{"id":709660,"date":"2025-08-27T16:28:04","date_gmt":"2025-08-27T13:28:04","guid":{"rendered":"https:\/\/roveyayinevi.com.tr\/index.php\/urun\/4-sinif-tek-yaz-eglence-seti\/"},"modified":"2026-04-16T02:18:10","modified_gmt":"2026-04-15T23:18:10","slug":"4-sinif-tek-yaz-eglence-seti","status":"publish","type":"product","link":"https:\/\/roveyayinevi.com.tr\/index.php\/urun\/4-sinif-tek-yaz-eglence-seti\/","title":{"rendered":"4. S\u0131n\u0131f TEK Yaz E\u011flence Seti"},"content":{"rendered":"<p>4. S\u0131n\u0131f TEK Yaz E\u011flence Seti<\/p>\n","protected":false},"excerpt":{"rendered":"<p>4. S\u0131n\u0131f TEK Yaz E\u011flence Seti<\/p>\n","protected":false},"featured_media":0,"template":"","meta":{"_monsterinsights_skip_tracking":false,"_monsterinsights_sitenote_active":false,"_monsterinsights_sitenote_note":"","_monsterinsights_sitenote_category":0},"product_brand":[],"product_cat":[48374,12566,45576,42911,13473],"product_tag":[],"class_list":{"0":"post-709660","1":"product","2":"type-product","3":"status-publish","5":"product_cat-4-sinif-tatil-kitaplari","6":"product_cat-egitim","7":"product_cat-ilkogretim-4-sinif","8":"product_cat-ilkogretim-yardimci-kitaplar","9":"product_cat-sinavlara-hazirlik-okula-yardimci-kaynaklar","10":"pa_cilt-ciltsiz","11":"pa_tur-kitap","12":"pa_yayinevi-palme-yayincilik-hazirlik-kitaplari-bayilik-urunleri","13":"pa_yazar-palme-kolektif","15":"first","16":"instock","17":"sale","18":"shipping-taxable","19":"purchasable","20":"product-type-simple"},"_links":{"self":[{"href":"https:\/\/roveyayinevi.com.tr\/index.php\/wp-json\/wp\/v2\/product\/709660","targetHints":{"allow":["GET"]}}],"collection":[{"href":"https:\/\/roveyayinevi.com.tr\/index.php\/wp-json\/wp\/v2\/product"}],"about":[{"href":"https:\/\/roveyayinevi.com.tr\/index.php\/wp-json\/wp\/v2\/types\/product"}],"wp:attachment":[{"href":"https:\/\/roveyayinevi.com.tr\/index.php\/wp-json\/wp\/v2\/media?parent=709660"}],"wp:term":[{"taxonomy":"product_brand","embeddable":true,"href":"https:\/\/roveyayinevi.com.tr\/index.php\/wp-json\/wp\/v2\/product_brand?post=709660"},{"taxonomy":"product_cat","embeddable":true,"href":"https:\/\/roveyayinevi.com.tr\/index.php\/wp-json\/wp\/v2\/product_cat?post=709660"},{"taxonomy":"product_tag","embeddable":true,"href":"https:\/\/roveyayinevi.com.tr\/index.php\/wp-json\/wp\/v2\/product_tag?post=709660"}],"curies":[{"name":"wp","href":"https:\/\/api.w.org\/{rel}","templated":true}]}}