{"id":709658,"date":"2025-08-27T16:28:03","date_gmt":"2025-08-27T13:28:03","guid":{"rendered":"https:\/\/roveyayinevi.com.tr\/index.php\/urun\/buz-kapani-2\/"},"modified":"2026-04-12T02:21:26","modified_gmt":"2026-04-11T23:21:26","slug":"buz-kapani-2","status":"publish","type":"product","link":"https:\/\/roveyayinevi.com.tr\/index.php\/urun\/buz-kapani-2\/","title":{"rendered":"Buz Kapan\u0131"},"content":{"rendered":"<p>Y\u00fcz y\u0131l \u00f6nce, ka\u015fif Ernest Shackleton ve adamlar\u0131, Antartika\u2019ya do\u011fru yola \u00e7\u0131kt\u0131lar. Ama oraya asla ula\u015famad\u0131lar. Gemileri, b\u00fcy\u00fck bir buz k\u00fctlesinde s\u0131k\u0131\u015f\u0131p kald\u0131 ve etraflar\u0131ndaki deniz dondu ! Kurtulma umutlar\u0131 yok denecek kadar azd\u0131. Shackleton, kendisini ve adamlar\u0131n\u0131 kurtarman\u0131n bir yolunu bulmak zorundayd\u0131 ama nas\u0131l ? <\/p>\n","protected":false},"excerpt":{"rendered":"<p>Y\u00fcz y\u0131l \u00f6nce, ka\u015fif Ernest Shackleton ve adamlar\u0131, Antartika\u2019ya do\u011fru yola \u00e7\u0131kt\u0131lar. Ama oraya asla ula\u015famad\u0131lar. Gemileri, b\u00fcy\u00fck bir buz k\u00fctlesinde s\u0131k\u0131\u015f\u0131p kald\u0131 ve etraflar\u0131ndaki deniz<span class=\"excerpt-hellip\"> [\u2026]<\/span><\/p>\n","protected":false},"featured_media":0,"template":"","meta":{"_monsterinsights_skip_tracking":false,"_monsterinsights_sitenote_active":false,"_monsterinsights_sitenote_note":"","_monsterinsights_sitenote_category":0},"product_brand":[],"product_cat":[12275,12274],"product_tag":[],"class_list":{"0":"post-709658","1":"product","2":"type-product","3":"status-publish","5":"product_cat-6-12-yas-kitaplari","6":"product_cat-cocuk-ve-genclik-kitaplari","7":"pa_cilt-ciltsiz","8":"pa_tur-kitap","9":"pa_yayinevi-beyaz-balina-yayinlari","10":"pa_yazar-lucille-recht-penner","12":"first","13":"instock","14":"sale","15":"shipping-taxable","16":"purchasable","17":"product-type-simple"},"_links":{"self":[{"href":"https:\/\/roveyayinevi.com.tr\/index.php\/wp-json\/wp\/v2\/product\/709658","targetHints":{"allow":["GET"]}}],"collection":[{"href":"https:\/\/roveyayinevi.com.tr\/index.php\/wp-json\/wp\/v2\/product"}],"about":[{"href":"https:\/\/roveyayinevi.com.tr\/index.php\/wp-json\/wp\/v2\/types\/product"}],"wp:attachment":[{"href":"https:\/\/roveyayinevi.com.tr\/index.php\/wp-json\/wp\/v2\/media?parent=709658"}],"wp:term":[{"taxonomy":"product_brand","embeddable":true,"href":"https:\/\/roveyayinevi.com.tr\/index.php\/wp-json\/wp\/v2\/product_brand?post=709658"},{"taxonomy":"product_cat","embeddable":true,"href":"https:\/\/roveyayinevi.com.tr\/index.php\/wp-json\/wp\/v2\/product_cat?post=709658"},{"taxonomy":"product_tag","embeddable":true,"href":"https:\/\/roveyayinevi.com.tr\/index.php\/wp-json\/wp\/v2\/product_tag?post=709658"}],"curies":[{"name":"wp","href":"https:\/\/api.w.org\/{rel}","templated":true}]}}