{"id":709657,"date":"2025-08-27T16:28:03","date_gmt":"2025-08-27T13:28:03","guid":{"rendered":"https:\/\/roveyayinevi.com.tr\/index.php\/urun\/babamin-ejderhasi-1-ciltli\/"},"modified":"2026-04-16T02:18:10","modified_gmt":"2026-04-15T23:18:10","slug":"babamin-ejderhasi-1-ciltli","status":"publish","type":"product","link":"https:\/\/roveyayinevi.com.tr\/index.php\/urun\/babamin-ejderhasi-1-ciltli\/","title":{"rendered":"Babam\u0131n Ejderhas\u0131 1 (Ciltli)"},"content":{"rendered":"<p>Newbery Onur \u00d6d\u00fcll\u00fc bu klasikle\u015fmi\u015f ejderha hik\u00e2yesine herkes bay\u0131lacak! Elmer Elevator Vah\u015fi Ada\u2019da bir yavru ejderhan\u0131n tutsak edildi\u011fini duydu\u011funda bir an bile teredd\u00fct etmedi. Hemen \u00e7antas\u0131n\u0131 toplay\u0131p i\u00e7ine \u00e7iklet, lolipop ve paket lasti\u011fi gibi \u00f6nemli \u015feyleri koydu. Sonra da adaya giden bir gemiye ka\u00e7ak olarak bindi. Binbir macera ya\u015fayarak adaya vard\u0131\u011f\u0131nda \u00f6n\u00fcnde onu hemen yemek isteyen bir s\u00fcr\u00fc vah\u015fi hayvan ve atlatacak ba\u015fka pek \u00e7ok engel vard\u0131. Ama Elmer da bo\u015f de\u011fildi do\u011frusu\u2026 Macera, Elmer ve Ejderha ile Mavi Diyar\u0131n Ejderhalar\u0131 adl\u0131 iki kitapla daha devam edecek. \ufffcTan\u0131t\u0131m Metni<\/p>\n","protected":false},"excerpt":{"rendered":"<p>Newbery Onur \u00d6d\u00fcll\u00fc bu klasikle\u015fmi\u015f ejderha hik\u00e2yesine herkes bay\u0131lacak! Elmer Elevator Vah\u015fi Ada\u2019da bir yavru ejderhan\u0131n tutsak edildi\u011fini duydu\u011funda bir an bile teredd\u00fct etmedi. Hemen \u00e7antas\u0131n\u0131<span class=\"excerpt-hellip\"> [\u2026]<\/span><\/p>\n","protected":false},"featured_media":0,"template":"","meta":{"_monsterinsights_skip_tracking":false,"_monsterinsights_sitenote_active":false,"_monsterinsights_sitenote_note":"","_monsterinsights_sitenote_category":0},"product_brand":[],"product_cat":[12274,12284],"product_tag":[],"class_list":{"0":"post-709657","1":"product","2":"type-product","3":"status-publish","5":"product_cat-cocuk-ve-genclik-kitaplari","6":"product_cat-hikayeler","7":"pa_cilt-ciltli","8":"pa_tur-kitap","9":"pa_yayinevi-beyaz-balina-yayinlari","10":"pa_yazar-komisyon","12":"first","13":"instock","14":"sale","15":"shipping-taxable","16":"purchasable","17":"product-type-simple"},"_links":{"self":[{"href":"https:\/\/roveyayinevi.com.tr\/index.php\/wp-json\/wp\/v2\/product\/709657","targetHints":{"allow":["GET"]}}],"collection":[{"href":"https:\/\/roveyayinevi.com.tr\/index.php\/wp-json\/wp\/v2\/product"}],"about":[{"href":"https:\/\/roveyayinevi.com.tr\/index.php\/wp-json\/wp\/v2\/types\/product"}],"wp:attachment":[{"href":"https:\/\/roveyayinevi.com.tr\/index.php\/wp-json\/wp\/v2\/media?parent=709657"}],"wp:term":[{"taxonomy":"product_brand","embeddable":true,"href":"https:\/\/roveyayinevi.com.tr\/index.php\/wp-json\/wp\/v2\/product_brand?post=709657"},{"taxonomy":"product_cat","embeddable":true,"href":"https:\/\/roveyayinevi.com.tr\/index.php\/wp-json\/wp\/v2\/product_cat?post=709657"},{"taxonomy":"product_tag","embeddable":true,"href":"https:\/\/roveyayinevi.com.tr\/index.php\/wp-json\/wp\/v2\/product_tag?post=709657"}],"curies":[{"name":"wp","href":"https:\/\/api.w.org\/{rel}","templated":true}]}}