{"id":709651,"date":"2025-08-27T16:28:00","date_gmt":"2025-08-27T13:28:00","guid":{"rendered":"https:\/\/roveyayinevi.com.tr\/index.php\/urun\/bir-pulsuz-dilekce\/"},"modified":"2026-04-16T02:18:10","modified_gmt":"2026-04-15T23:18:10","slug":"bir-pulsuz-dilekce","status":"publish","type":"product","link":"https:\/\/roveyayinevi.com.tr\/index.php\/urun\/bir-pulsuz-dilekce\/","title":{"rendered":"Bir Pulsuz Dilek\u00e7e"},"content":{"rendered":"<p>&#8220;U\u011fur Mumcu&#8217;nun bu kitab\u0131, Su\u00e7lular ve G\u00fc\u00e7l\u00fcler&#8217;de Mumcu, 12 Mart rejiminin sorumlular\u0131yla, genellemeler halinde de\u011fil somut olarak, tek tek, isim isim u\u011fra\u015fm\u0131\u015ft\u0131. Bir Pulsuz Dilek\u00e7e&#8217;de de 12 Mart D\u00f6neminin arkas\u0131ndan gelen ve asl\u0131nda onun uzant\u0131s\u0131 olmaya \u00e7abalayan Milliyet\u00e7i Cephe Rejimi&#8217;nin marifetleriyle u\u011fra\u015f\u0131yordu. Gene tek tek, gene isim isim&#8230;&#8221;-Altan \u00d6ymen<\/p>\n","protected":false},"excerpt":{"rendered":"<p>&#8220;U\u011fur Mumcu&#8217;nun bu kitab\u0131, Su\u00e7lular ve G\u00fc\u00e7l\u00fcler&#8217;de Mumcu, 12 Mart rejiminin sorumlular\u0131yla, genellemeler halinde de\u011fil somut olarak, tek tek, isim isim u\u011fra\u015fm\u0131\u015ft\u0131. Bir Pulsuz Dilek\u00e7e&#8217;de de<span class=\"excerpt-hellip\"> [\u2026]<\/span><\/p>\n","protected":false},"featured_media":0,"template":"","meta":{"_monsterinsights_skip_tracking":false,"_monsterinsights_sitenote_active":false,"_monsterinsights_sitenote_note":"","_monsterinsights_sitenote_category":0},"product_brand":[],"product_cat":[12337,14543],"product_tag":[],"class_list":{"0":"post-709651","1":"product","2":"type-product","3":"status-publish","5":"product_cat-politika-siyaset","6":"product_cat-turkiye-siyaseti-ve-politikasi","7":"pa_cilt-ciltsiz","8":"pa_tur-kitap","9":"pa_yayinevi-umag-yayinevi","10":"pa_yazar-ugur-mumcu","12":"first","13":"instock","14":"sale","15":"shipping-taxable","16":"purchasable","17":"product-type-simple"},"_links":{"self":[{"href":"https:\/\/roveyayinevi.com.tr\/index.php\/wp-json\/wp\/v2\/product\/709651","targetHints":{"allow":["GET"]}}],"collection":[{"href":"https:\/\/roveyayinevi.com.tr\/index.php\/wp-json\/wp\/v2\/product"}],"about":[{"href":"https:\/\/roveyayinevi.com.tr\/index.php\/wp-json\/wp\/v2\/types\/product"}],"wp:attachment":[{"href":"https:\/\/roveyayinevi.com.tr\/index.php\/wp-json\/wp\/v2\/media?parent=709651"}],"wp:term":[{"taxonomy":"product_brand","embeddable":true,"href":"https:\/\/roveyayinevi.com.tr\/index.php\/wp-json\/wp\/v2\/product_brand?post=709651"},{"taxonomy":"product_cat","embeddable":true,"href":"https:\/\/roveyayinevi.com.tr\/index.php\/wp-json\/wp\/v2\/product_cat?post=709651"},{"taxonomy":"product_tag","embeddable":true,"href":"https:\/\/roveyayinevi.com.tr\/index.php\/wp-json\/wp\/v2\/product_tag?post=709651"}],"curies":[{"name":"wp","href":"https:\/\/api.w.org\/{rel}","templated":true}]}}