{"id":709649,"date":"2025-08-27T16:27:59","date_gmt":"2025-08-27T13:27:59","guid":{"rendered":"https:\/\/roveyayinevi.com.tr\/index.php\/urun\/katiller-demokrasisi-hirsizlar-duzeni\/"},"modified":"2026-04-16T02:18:10","modified_gmt":"2026-04-15T23:18:10","slug":"katiller-demokrasisi-hirsizlar-duzeni","status":"publish","type":"product","link":"https:\/\/roveyayinevi.com.tr\/index.php\/urun\/katiller-demokrasisi-hirsizlar-duzeni\/","title":{"rendered":"Katiller Demokrasisi H\u0131rs\u0131zlar D\u00fczeni"},"content":{"rendered":"<p>Yasada, anayasan\u0131n cebir yolu ile de\u011fi\u015ftirilmesi \u015fart\u0131 vard\u0131r. Ama anayasay\u0131 de\u011fi\u015ftirme eylemi siyasal iktidardan geliyorsa, ba\u015fka cebir yolu aramaya gerek yoktur. Ceza Yasas\u0131n\u0131n korudu\u011fu, Anayasa\u2019n\u0131n sadece bi\u00e7imsel kurallar\u0131 de\u011fil, siyasal ve ideolojik karakteridir. Bu karakterin de\u011fi\u015ftirilmesi, anayasay\u0131 ihlal su\u00e7udur. Bu de\u011fi\u015fikli\u011fin devlet kuvvetlerini kullanarak yap\u0131lmas\u0131, su\u00e7 kast\u0131n\u0131n saptanmas\u0131 i\u00e7in ayr\u0131ca bir hukuksal de\u011fere sahiptir.  (\u2018\u2018Anayasay\u0131 \u0130hlal Su\u00e7u\u2019\u2019, Cumhuriyet, 12 Mart 1971)     Anayasa, devletin temel ideolojik felsefesini yans\u0131t\u0131r. Her anayasa, yeni bir devlet anlay\u0131\u015f\u0131 getirir. Toplumun i\u00e7inde ya\u015fad\u0131\u011f\u0131 sosyal d\u00fczen, \u00e7e\u015fitli yollarla de\u011fi\u015ftirilebilir. Anayasalar, bu de\u011fi\u015fikli\u011fin y\u00f6ntemlerini saptar. Sosyal d\u00fczen anayasan\u0131n \u00f6ng\u00f6rd\u00fc\u011f\u00fc yollardan de\u011fi\u015firse, Anayasal kurumlar k\u00f6kl\u00fc bi\u00e7imde yerle\u015firler. Siyasal iktidarlar, anayasan\u0131n uygulanmas\u0131 i\u00e7in \u00e7al\u0131\u015fmaktad\u0131rlar. Anayasan\u0131n sosyal temelleri ile hukuksal temelleri aras\u0131ndaki \u00e7eki\u015fmeyi g\u00f6remeyenler, ne bu Anayasa\u2019y\u0131, ne de ba\u015fka bir anayasay\u0131 uygulayabilirler.   (&#8220;K\u0131s\u0131r D\u00f6ng\u00fc&#8221; 19 Temmuz 1971, Ortam) U\u011fur Mumcu <\/p>\n","protected":false},"excerpt":{"rendered":"<p>Yasada, anayasan\u0131n cebir yolu ile de\u011fi\u015ftirilmesi \u015fart\u0131 vard\u0131r. Ama anayasay\u0131 de\u011fi\u015ftirme eylemi siyasal iktidardan geliyorsa, ba\u015fka cebir yolu aramaya gerek yoktur. Ceza Yasas\u0131n\u0131n korudu\u011fu, Anayasa\u2019n\u0131n sadece<span class=\"excerpt-hellip\"> [\u2026]<\/span><\/p>\n","protected":false},"featured_media":0,"template":"","meta":{"_monsterinsights_skip_tracking":false,"_monsterinsights_sitenote_active":false,"_monsterinsights_sitenote_note":"","_monsterinsights_sitenote_category":0},"product_brand":[],"product_cat":[12337,14543],"product_tag":[],"class_list":{"0":"post-709649","1":"product","2":"type-product","3":"status-publish","5":"product_cat-politika-siyaset","6":"product_cat-turkiye-siyaseti-ve-politikasi","7":"pa_cilt-ciltsiz","8":"pa_tur-kitap","9":"pa_yayinevi-umag-yayinevi","10":"pa_yazar-ugur-mumcu","12":"first","13":"instock","14":"sale","15":"shipping-taxable","16":"purchasable","17":"product-type-simple"},"_links":{"self":[{"href":"https:\/\/roveyayinevi.com.tr\/index.php\/wp-json\/wp\/v2\/product\/709649","targetHints":{"allow":["GET"]}}],"collection":[{"href":"https:\/\/roveyayinevi.com.tr\/index.php\/wp-json\/wp\/v2\/product"}],"about":[{"href":"https:\/\/roveyayinevi.com.tr\/index.php\/wp-json\/wp\/v2\/types\/product"}],"wp:attachment":[{"href":"https:\/\/roveyayinevi.com.tr\/index.php\/wp-json\/wp\/v2\/media?parent=709649"}],"wp:term":[{"taxonomy":"product_brand","embeddable":true,"href":"https:\/\/roveyayinevi.com.tr\/index.php\/wp-json\/wp\/v2\/product_brand?post=709649"},{"taxonomy":"product_cat","embeddable":true,"href":"https:\/\/roveyayinevi.com.tr\/index.php\/wp-json\/wp\/v2\/product_cat?post=709649"},{"taxonomy":"product_tag","embeddable":true,"href":"https:\/\/roveyayinevi.com.tr\/index.php\/wp-json\/wp\/v2\/product_tag?post=709649"}],"curies":[{"name":"wp","href":"https:\/\/api.w.org\/{rel}","templated":true}]}}