{"id":709647,"date":"2025-08-27T16:27:58","date_gmt":"2025-08-27T13:27:58","guid":{"rendered":"https:\/\/roveyayinevi.com.tr\/index.php\/urun\/yolsuzluk-siddet-bagimlilik\/"},"modified":"2026-04-16T02:18:10","modified_gmt":"2026-04-15T23:18:10","slug":"yolsuzluk-siddet-bagimlilik","status":"publish","type":"product","link":"https:\/\/roveyayinevi.com.tr\/index.php\/urun\/yolsuzluk-siddet-bagimlilik\/","title":{"rendered":"Yolsuzluk \u015eiddet Ba\u011f\u0131ml\u0131l\u0131k"},"content":{"rendered":"<p>Baz\u0131 \u00fclkelerde baz\u0131 kimseler, devleti soymak i\u00e7in politikac\u0131 k\u0131l\u0131\u011f\u0131na girerler. Partilerde, parlamentoda boy g\u00f6sterirler. \u0130hracat, ithalat, banka soygunu gibi i\u015fleri siyasal ili\u015fkilerle y\u00fcr\u00fct\u00fcrler. Bunlar da \u00e7etedir. \u00c7etelerin en a\u015fa\u011f\u0131l\u0131\u011f\u0131 da bunlard\u0131r. Bunlar, y\u00fczlerine devlet adam\u0131 maskesi tak\u0131p, halk\u0131 soyarlar. Allah\u2019a \u00e7ok \u015f\u00fck\u00fcr, memleketimizde b\u00f6yle \u00e7eteler yoktur!..   (Cumhuriyet, 22 Mart 1976, \u00c7ete&#8230;)   Bir toplum b\u00f6yle \u00e7\u00f6ker i\u015fte!.. Devletin yerini kaba kuvvet al\u0131r, susulur. Yasan\u0131n yerini Allah al\u0131r, korkulur. Yolsuzluklar, cinayetler birbirini izler, eller kollar ba\u011flan\u0131p g\u00f6t\u00fcr\u00fcl\u00fcr. Vuran vurur, \u00f6ld\u00fcren \u00f6ld\u00fcr\u00fcr ve b\u00fct\u00fcn bunlardan sonra, bir \u00e7ete gelir ve devleti teslim al\u0131r.   (Cumhuriyet, 15 Ocak 1976, Bir \u00d6rnek&#8230;)   Amerikan kapitalizmi, b\u00fct\u00fcn kirlerinden ar\u0131n\u0131p kendini yenileyebilirse, T\u00fcrkiye\u2019de Demirel gibi bir ba\u015fbakan, Feyzio\u011flu, Erbakan ve T\u00fcrke\u015f gibi ba\u015fbakan yard\u0131mc\u0131lar\u0131 istemeyecektir. \u00c7\u00fcnk\u00fc bu liderler, partileri gibi \u00e7a\u011fd\u0131\u015f\u0131d\u0131r.&#8221;   (Cumhuriyet, 12 Mart 1976, Gelece\u011fe Do\u011fru&#8230;) U\u011fur Mumcu <\/p>\n","protected":false},"excerpt":{"rendered":"<p>Baz\u0131 \u00fclkelerde baz\u0131 kimseler, devleti soymak i\u00e7in politikac\u0131 k\u0131l\u0131\u011f\u0131na girerler. Partilerde, parlamentoda boy g\u00f6sterirler. \u0130hracat, ithalat, banka soygunu gibi i\u015fleri siyasal ili\u015fkilerle y\u00fcr\u00fct\u00fcrler. Bunlar da \u00e7etedir.<span class=\"excerpt-hellip\"> [\u2026]<\/span><\/p>\n","protected":false},"featured_media":0,"template":"","meta":{"_monsterinsights_skip_tracking":false,"_monsterinsights_sitenote_active":false,"_monsterinsights_sitenote_note":"","_monsterinsights_sitenote_category":0},"product_brand":[],"product_cat":[13590,12337],"product_tag":[],"class_list":{"0":"post-709647","1":"product","2":"type-product","3":"status-publish","5":"product_cat-arastirma-inceleme-politika-siyaset","6":"product_cat-politika-siyaset","7":"pa_cilt-ciltsiz","8":"pa_tur-kitap","9":"pa_yayinevi-umag-yayinevi","10":"pa_yazar-ugur-mumcu","12":"first","13":"instock","14":"sale","15":"shipping-taxable","16":"purchasable","17":"product-type-simple"},"_links":{"self":[{"href":"https:\/\/roveyayinevi.com.tr\/index.php\/wp-json\/wp\/v2\/product\/709647","targetHints":{"allow":["GET"]}}],"collection":[{"href":"https:\/\/roveyayinevi.com.tr\/index.php\/wp-json\/wp\/v2\/product"}],"about":[{"href":"https:\/\/roveyayinevi.com.tr\/index.php\/wp-json\/wp\/v2\/types\/product"}],"wp:attachment":[{"href":"https:\/\/roveyayinevi.com.tr\/index.php\/wp-json\/wp\/v2\/media?parent=709647"}],"wp:term":[{"taxonomy":"product_brand","embeddable":true,"href":"https:\/\/roveyayinevi.com.tr\/index.php\/wp-json\/wp\/v2\/product_brand?post=709647"},{"taxonomy":"product_cat","embeddable":true,"href":"https:\/\/roveyayinevi.com.tr\/index.php\/wp-json\/wp\/v2\/product_cat?post=709647"},{"taxonomy":"product_tag","embeddable":true,"href":"https:\/\/roveyayinevi.com.tr\/index.php\/wp-json\/wp\/v2\/product_tag?post=709647"}],"curies":[{"name":"wp","href":"https:\/\/api.w.org\/{rel}","templated":true}]}}