{"id":709646,"date":"2025-08-27T16:27:58","date_gmt":"2025-08-27T13:27:58","guid":{"rendered":"https:\/\/roveyayinevi.com.tr\/index.php\/urun\/devrimci-ve-demokrat\/"},"modified":"2026-04-16T02:18:10","modified_gmt":"2026-04-15T23:18:10","slug":"devrimci-ve-demokrat","status":"publish","type":"product","link":"https:\/\/roveyayinevi.com.tr\/index.php\/urun\/devrimci-ve-demokrat\/","title":{"rendered":"Devrimci ve Demokrat"},"content":{"rendered":"<p>&#8221; T\u00fcrkiye&#8217;de devrimci birikim, b\u00f6lgede ulusall\u0131k ve ba\u011f\u0131ms\u0131zl\u0131k ilkelerini yerle\u015ftirecek bir devrimci siyaseti olu\u015fturup geli\u015ftirebilir. O g\u00f6rkemli ulusal kurtulu\u015f tarihine sahip olan T\u00fcrk halk\u0131, bu siyasetin do\u011fal miras\u00e7\u0131s\u0131d\u0131r. Ne Amerikan emperyalizminin i\u015fbirlik\u00e7ili\u011fi, ne Sovyet g\u00fcd\u00fcm\u00fc, ne de Tanzimat bat\u0131c\u0131l\u0131\u011f\u0131&#8230;Ulusall\u0131k i\u00e7inde devrimcilik, \u00f6zg\u00fcrl\u00fck ve ba\u011f\u0131ms\u0131zl\u0131k; devrimci siyaset i\u015fte budur.&#8221;U\u011fur Mumcu<\/p>\n","protected":false},"excerpt":{"rendered":"<p>&#8221; T\u00fcrkiye&#8217;de devrimci birikim, b\u00f6lgede ulusall\u0131k ve ba\u011f\u0131ms\u0131zl\u0131k ilkelerini yerle\u015ftirecek bir devrimci siyaseti olu\u015fturup geli\u015ftirebilir. O g\u00f6rkemli ulusal kurtulu\u015f tarihine sahip olan T\u00fcrk halk\u0131, bu siyasetin<span class=\"excerpt-hellip\"> [\u2026]<\/span><\/p>\n","protected":false},"featured_media":0,"template":"","meta":{"_monsterinsights_skip_tracking":false,"_monsterinsights_sitenote_active":false,"_monsterinsights_sitenote_note":"","_monsterinsights_sitenote_category":0},"product_brand":[],"product_cat":[12337,14543],"product_tag":[],"class_list":{"0":"post-709646","1":"product","2":"type-product","3":"status-publish","5":"product_cat-politika-siyaset","6":"product_cat-turkiye-siyaseti-ve-politikasi","7":"pa_cilt-ciltsiz","8":"pa_tur-kitap","9":"pa_yayinevi-umag-yayinevi","10":"pa_yazar-ugur-mumcu","12":"first","13":"instock","14":"sale","15":"shipping-taxable","16":"purchasable","17":"product-type-simple"},"_links":{"self":[{"href":"https:\/\/roveyayinevi.com.tr\/index.php\/wp-json\/wp\/v2\/product\/709646","targetHints":{"allow":["GET"]}}],"collection":[{"href":"https:\/\/roveyayinevi.com.tr\/index.php\/wp-json\/wp\/v2\/product"}],"about":[{"href":"https:\/\/roveyayinevi.com.tr\/index.php\/wp-json\/wp\/v2\/types\/product"}],"wp:attachment":[{"href":"https:\/\/roveyayinevi.com.tr\/index.php\/wp-json\/wp\/v2\/media?parent=709646"}],"wp:term":[{"taxonomy":"product_brand","embeddable":true,"href":"https:\/\/roveyayinevi.com.tr\/index.php\/wp-json\/wp\/v2\/product_brand?post=709646"},{"taxonomy":"product_cat","embeddable":true,"href":"https:\/\/roveyayinevi.com.tr\/index.php\/wp-json\/wp\/v2\/product_cat?post=709646"},{"taxonomy":"product_tag","embeddable":true,"href":"https:\/\/roveyayinevi.com.tr\/index.php\/wp-json\/wp\/v2\/product_tag?post=709646"}],"curies":[{"name":"wp","href":"https:\/\/api.w.org\/{rel}","templated":true}]}}