{"id":709645,"date":"2025-08-27T16:27:57","date_gmt":"2025-08-27T13:27:57","guid":{"rendered":"https:\/\/roveyayinevi.com.tr\/index.php\/urun\/cikmaz-sokak\/"},"modified":"2026-04-16T02:18:10","modified_gmt":"2026-04-15T23:18:10","slug":"cikmaz-sokak","status":"publish","type":"product","link":"https:\/\/roveyayinevi.com.tr\/index.php\/urun\/cikmaz-sokak\/","title":{"rendered":"\u00c7\u0131kmaz Sokak"},"content":{"rendered":"<p>Sosyalistler i\u00e7in tek yol vard\u0131r. O yol, silahla de\u011fil, mermi \u00e7ekirde\u011fi ile de\u011fil d\u00fc\u015f\u00fcnce ile inan\u00e7la a\u00e7\u0131l\u0131r. Bu yol,d\u00fc\u015f\u00fcncelerle, inan\u00e7larla \u0131\u015f\u0131ldar ve kitlelere ula\u015f\u0131r. Sosyalizme inanmak, i\u015f\u00e7i s\u0131n\u0131f\u0131nda bulunmayan d\u00fc\u015f\u00fcnce ve eylemler ancak ve ancak Blankizm ve Anar\u015fizmin yol ve y\u00f6ntemleri olur.U\u011fur Mumcu<\/p>\n","protected":false},"excerpt":{"rendered":"<p>Sosyalistler i\u00e7in tek yol vard\u0131r. O yol, silahla de\u011fil, mermi \u00e7ekirde\u011fi ile de\u011fil d\u00fc\u015f\u00fcnce ile inan\u00e7la a\u00e7\u0131l\u0131r. Bu yol,d\u00fc\u015f\u00fcncelerle, inan\u00e7larla \u0131\u015f\u0131ldar ve kitlelere ula\u015f\u0131r. Sosyalizme inanmak,<span class=\"excerpt-hellip\"> [\u2026]<\/span><\/p>\n","protected":false},"featured_media":0,"template":"","meta":{"_monsterinsights_skip_tracking":false,"_monsterinsights_sitenote_active":false,"_monsterinsights_sitenote_note":"","_monsterinsights_sitenote_category":0},"product_brand":[],"product_cat":[13059,12337],"product_tag":[],"class_list":{"0":"post-709645","1":"product","2":"type-product","3":"status-publish","5":"product_cat-diger-politika-siyaset","6":"product_cat-politika-siyaset","7":"pa_cilt-ciltsiz","8":"pa_tur-kitap","9":"pa_yayinevi-umag-yayinevi","10":"pa_yazar-ugur-mumcu","12":"first","13":"instock","14":"sale","15":"shipping-taxable","16":"purchasable","17":"product-type-simple"},"_links":{"self":[{"href":"https:\/\/roveyayinevi.com.tr\/index.php\/wp-json\/wp\/v2\/product\/709645","targetHints":{"allow":["GET"]}}],"collection":[{"href":"https:\/\/roveyayinevi.com.tr\/index.php\/wp-json\/wp\/v2\/product"}],"about":[{"href":"https:\/\/roveyayinevi.com.tr\/index.php\/wp-json\/wp\/v2\/types\/product"}],"wp:attachment":[{"href":"https:\/\/roveyayinevi.com.tr\/index.php\/wp-json\/wp\/v2\/media?parent=709645"}],"wp:term":[{"taxonomy":"product_brand","embeddable":true,"href":"https:\/\/roveyayinevi.com.tr\/index.php\/wp-json\/wp\/v2\/product_brand?post=709645"},{"taxonomy":"product_cat","embeddable":true,"href":"https:\/\/roveyayinevi.com.tr\/index.php\/wp-json\/wp\/v2\/product_cat?post=709645"},{"taxonomy":"product_tag","embeddable":true,"href":"https:\/\/roveyayinevi.com.tr\/index.php\/wp-json\/wp\/v2\/product_tag?post=709645"}],"curies":[{"name":"wp","href":"https:\/\/api.w.org\/{rel}","templated":true}]}}