{"id":709644,"date":"2025-08-27T16:27:57","date_gmt":"2025-08-27T13:27:57","guid":{"rendered":"https:\/\/roveyayinevi.com.tr\/index.php\/urun\/milliyetcilik-a-s\/"},"modified":"2026-04-16T02:18:10","modified_gmt":"2026-04-15T23:18:10","slug":"milliyetcilik-a-s","status":"publish","type":"product","link":"https:\/\/roveyayinevi.com.tr\/index.php\/urun\/milliyetcilik-a-s\/","title":{"rendered":"Milliyet\u00e7ilik A.\u015e"},"content":{"rendered":"<p>&#8220;Milliyet\u00e7ili\u011fi ve Atat\u00fcrk\u00e7\u00fcl\u00fc\u011f\u00fc s\u00f6m\u00fcrd\u00fckleri yetmedi, \u015fimdi de \u2018bayrak edebiyat\u0131na\u2019 ba\u015flad\u0131lar. Sanki T\u00fcrk Bayra\u011f\u0131 bu efendilerin tapulu mallar\u0131d\u0131r! &#8230; Hangi onurlu kavgada T\u00fcrk Bayra\u011f\u0131n\u0131 y\u00fcce doruklara \u00e7ektiler? &#8230; Kurtulu\u015f Sava\u015f\u0131\u2019nda Mustafa Kemal\u2019in dalgaland\u0131rd\u0131\u011f\u0131 T\u00fcrk Bayra\u011f\u0131na, siyaset sahnesine, \u00e7ok y\u0131ld\u0131zl\u0131 Amerikan Bayra\u011f\u0131 \u00f6n\u00fcnde Johnson ile kol kola \u00e7ektirdi\u011fi foto\u011fraflar da\u011f\u0131tarak f\u0131rlayan Demirel mi sahip \u00e7\u0131kacak?.. Sen bayra\u011f\u0131n\u0131, T\u00fcrkiye\u2019deki Amerikan \u00fcslerine \u00e7ekebiliyor musun; ondan haber ver!&#8221;   (Cumhuriyet, 28 May\u0131s 1978, Bayrak Ticareti&#8230;) U\u011fur Mumcu <\/p>\n","protected":false},"excerpt":{"rendered":"<p>&#8220;Milliyet\u00e7ili\u011fi ve Atat\u00fcrk\u00e7\u00fcl\u00fc\u011f\u00fc s\u00f6m\u00fcrd\u00fckleri yetmedi, \u015fimdi de \u2018bayrak edebiyat\u0131na\u2019 ba\u015flad\u0131lar. Sanki T\u00fcrk Bayra\u011f\u0131 bu efendilerin tapulu mallar\u0131d\u0131r! &#8230; Hangi onurlu kavgada T\u00fcrk Bayra\u011f\u0131n\u0131 y\u00fcce doruklara \u00e7ektiler?<span class=\"excerpt-hellip\"> [\u2026]<\/span><\/p>\n","protected":false},"featured_media":0,"template":"","meta":{"_monsterinsights_skip_tracking":false,"_monsterinsights_sitenote_active":false,"_monsterinsights_sitenote_note":"","_monsterinsights_sitenote_category":0},"product_brand":[],"product_cat":[12337,14543],"product_tag":[],"class_list":{"0":"post-709644","1":"product","2":"type-product","3":"status-publish","5":"product_cat-politika-siyaset","6":"product_cat-turkiye-siyaseti-ve-politikasi","7":"pa_cilt-ciltsiz","8":"pa_tur-kitap","9":"pa_yayinevi-umag-yayinevi","10":"pa_yazar-ugur-mumcu","12":"first","13":"instock","14":"sale","15":"shipping-taxable","16":"purchasable","17":"product-type-simple"},"_links":{"self":[{"href":"https:\/\/roveyayinevi.com.tr\/index.php\/wp-json\/wp\/v2\/product\/709644","targetHints":{"allow":["GET"]}}],"collection":[{"href":"https:\/\/roveyayinevi.com.tr\/index.php\/wp-json\/wp\/v2\/product"}],"about":[{"href":"https:\/\/roveyayinevi.com.tr\/index.php\/wp-json\/wp\/v2\/types\/product"}],"wp:attachment":[{"href":"https:\/\/roveyayinevi.com.tr\/index.php\/wp-json\/wp\/v2\/media?parent=709644"}],"wp:term":[{"taxonomy":"product_brand","embeddable":true,"href":"https:\/\/roveyayinevi.com.tr\/index.php\/wp-json\/wp\/v2\/product_brand?post=709644"},{"taxonomy":"product_cat","embeddable":true,"href":"https:\/\/roveyayinevi.com.tr\/index.php\/wp-json\/wp\/v2\/product_cat?post=709644"},{"taxonomy":"product_tag","embeddable":true,"href":"https:\/\/roveyayinevi.com.tr\/index.php\/wp-json\/wp\/v2\/product_tag?post=709644"}],"curies":[{"name":"wp","href":"https:\/\/api.w.org\/{rel}","templated":true}]}}