{"id":709643,"date":"2025-08-27T16:27:57","date_gmt":"2025-08-27T13:27:57","guid":{"rendered":"https:\/\/roveyayinevi.com.tr\/index.php\/urun\/namuslu-olma-cesareti\/"},"modified":"2026-04-16T02:18:10","modified_gmt":"2026-04-15T23:18:10","slug":"namuslu-olma-cesareti","status":"publish","type":"product","link":"https:\/\/roveyayinevi.com.tr\/index.php\/urun\/namuslu-olma-cesareti\/","title":{"rendered":"Namuslu Olma Cesareti"},"content":{"rendered":"<p>&#8220;- Bu sat\u0131l\u0131k m\u0131? \u00dcnl\u00fc ressam, f\u0131r\u00e7as\u0131 kadar h\u00fcnerli zekas\u0131yla bu soruyu \u015f\u00f6yle yan\u0131tlad\u0131: &#8211; Evet burada g\u00f6rd\u00fcklerinizin hepsi sat\u0131l\u0131kt\u0131r. Benim d\u0131\u015f\u0131mda&#8230; Uygun \u00e7er\u00e7eve bulsam kendimi de sataca\u011f\u0131m ama, kendime \u00e7er\u00e7eve bulam\u0131yorum! Son y\u0131llarda kulaklar\u0131m\u0131z, paray\u0131 verenin \u00e7ald\u0131\u011f\u0131 d\u00fcd\u00fcklerle sa\u011f\u0131rla\u015fmad\u0131 m\u0131? Paran\u0131n padi\u015fahl\u0131\u011f\u0131n\u0131 g\u00f6rmedik mi? Kara paran\u0131n krall\u0131\u011f\u0131na, toplum olarak hep birlikte tan\u0131k olmad\u0131k m\u0131? Milyonlar, milyarlar, d\u00f6nme dolaplar gibi, insanlar\u0131n vicdanlar\u0131nda d\u00f6n\u00fcp durmad\u0131lar m\u0131? Evet sevgili dostlar&#8230; Bir memlekette namuslu kalmak art\u0131k bir cesaret i\u015fi olmu\u015fsa, vay bizim halimize! Bak\u0131n \u00e7evrenize; dostlar\u0131n\u0131za, arkada\u015flar\u0131n\u0131za bak\u0131n. Bu kurtlar sofras\u0131ndan paylar\u0131n\u0131 almam\u0131\u015f olanlara, e\u015fleri, \u00e7ocuklar\u0131 ve yak\u0131nlar\u0131 ile namuslu olma cesaretini g\u00f6stermi\u015f olanlara&#8230; D\u00fc\u011fmelerinizi ilikleyin, \u015fapkalar\u0131n\u0131z\u0131 \u00e7\u0131kar\u0131n!.. Onlar toplumumuzun ads\u0131z kahramanlar\u0131d\u0131r. Onlar\u0131n \u00e7er\u00e7eveleri namusla, erdemle, \u00f6zveriyle, onurla \u00e7at\u0131lm\u0131\u015ft\u0131r. Onlar\u0131 hep birlikte sayg\u0131yla selamlayal\u0131m dostlar.&#8221; (Cumhuriyet, 4 Ekim 1981, \u00c7er\u00e7eve&#8230;) U\u011fur Mumcu <\/p>\n","protected":false},"excerpt":{"rendered":"<p>&#8220;- Bu sat\u0131l\u0131k m\u0131? \u00dcnl\u00fc ressam, f\u0131r\u00e7as\u0131 kadar h\u00fcnerli zekas\u0131yla bu soruyu \u015f\u00f6yle yan\u0131tlad\u0131: &#8211; Evet burada g\u00f6rd\u00fcklerinizin hepsi sat\u0131l\u0131kt\u0131r. Benim d\u0131\u015f\u0131mda&#8230; Uygun \u00e7er\u00e7eve bulsam kendimi<span class=\"excerpt-hellip\"> [\u2026]<\/span><\/p>\n","protected":false},"featured_media":0,"template":"","meta":{"_monsterinsights_skip_tracking":false,"_monsterinsights_sitenote_active":false,"_monsterinsights_sitenote_note":"","_monsterinsights_sitenote_category":0},"product_brand":[],"product_cat":[13835],"product_tag":[],"class_list":{"0":"post-709643","1":"product","2":"type-product","3":"status-publish","5":"product_cat-cok-satanlar","6":"pa_cilt-ciltsiz","7":"pa_tur-kitap","8":"pa_yayinevi-umag-yayinevi","9":"pa_yazar-ugur-mumcu","11":"first","12":"instock","13":"sale","14":"shipping-taxable","15":"purchasable","16":"product-type-simple"},"_links":{"self":[{"href":"https:\/\/roveyayinevi.com.tr\/index.php\/wp-json\/wp\/v2\/product\/709643","targetHints":{"allow":["GET"]}}],"collection":[{"href":"https:\/\/roveyayinevi.com.tr\/index.php\/wp-json\/wp\/v2\/product"}],"about":[{"href":"https:\/\/roveyayinevi.com.tr\/index.php\/wp-json\/wp\/v2\/types\/product"}],"wp:attachment":[{"href":"https:\/\/roveyayinevi.com.tr\/index.php\/wp-json\/wp\/v2\/media?parent=709643"}],"wp:term":[{"taxonomy":"product_brand","embeddable":true,"href":"https:\/\/roveyayinevi.com.tr\/index.php\/wp-json\/wp\/v2\/product_brand?post=709643"},{"taxonomy":"product_cat","embeddable":true,"href":"https:\/\/roveyayinevi.com.tr\/index.php\/wp-json\/wp\/v2\/product_cat?post=709643"},{"taxonomy":"product_tag","embeddable":true,"href":"https:\/\/roveyayinevi.com.tr\/index.php\/wp-json\/wp\/v2\/product_tag?post=709643"}],"curies":[{"name":"wp","href":"https:\/\/api.w.org\/{rel}","templated":true}]}}