{"id":709641,"date":"2025-08-27T16:27:56","date_gmt":"2025-08-27T13:27:56","guid":{"rendered":"https:\/\/roveyayinevi.com.tr\/index.php\/urun\/gazi-pasaya-suikast\/"},"modified":"2026-04-16T02:18:10","modified_gmt":"2026-04-15T23:18:10","slug":"gazi-pasaya-suikast","status":"publish","type":"product","link":"https:\/\/roveyayinevi.com.tr\/index.php\/urun\/gazi-pasaya-suikast\/","title":{"rendered":"Gazi Pa\u015fa&#8217;ya Suikast"},"content":{"rendered":"<p>&#8220;Atat\u00fcrk d\u00f6nemi ile 2&#8217;nci D\u00fcnya Sava\u015f\u0131 y\u0131llar\u0131n\u0131n da gere\u011fince incelenebilmesi, cumhurba\u015fkanl\u0131\u011f\u0131 ar\u015fivi ile D\u0131\u015fi\u015fleri Bakanl\u0131\u011f\u0131 gizli dosyalar\u0131n\u0131n (\u00e7ift ayl\u0131 k\u0131rm\u0131z\u0131 damgal\u0131) yasaklardan kurtar\u0131l\u0131p ara\u015ft\u0131rmac\u0131lara a\u00e7\u0131lmas\u0131na ba\u011fl\u0131d\u0131r. Amerikan, \u0130ngiliz, Alman ve Frans\u0131z belgeleri \u00fczerindeki yasaklar \u00e7oktan kalkt\u0131; bizde, yasak olmayan yaz\u0131\u015fma ve tutanaklar\u0131 incelemek bile olanaks\u0131zd\u0131r. Yak\u0131n tarihi inceleyemezsek, bug\u00fcn\u00fc nas\u0131l anlayaca\u011f\u0131z?!&#8221; U\u011fur Mumcu Atat\u00fcrk&#8217;e d\u00fczenlenmek istenen suikast, gizlerini yer yer h\u00e2l\u00e2 koruyan, cumhuriyetin ilk y\u0131llar\u0131n\u0131n \u00f6nemli olaylar\u0131ndan biridir. Olay\u0131n san\u0131klar\u0131 aras\u0131nda avamdan baz\u0131 kimseler, benzer her olayda oldu\u011fu gibi yine vard\u0131r. Ama Kaz\u0131m Karabekir gibi Ali Fuat Cebesoy gibi Atat\u00fcrk&#8217;\u00fcn yak\u0131n silah arkada\u015f\u0131, Kurtulu\u015f Sava\u015f\u0131 kahraman\u0131 olarak bilinen insanlar da vard\u0131r. Atat\u00fcrk&#8217;\u00fcn sert tutumu, \u0130smet Pa\u015fan\u0131n yumu\u015fat\u0131c\u0131 tavr\u0131, Kaz\u0131m Karabekir Pa\u015fan\u0131n, b\u00f6yle bir su\u00e7lamadan duydu\u011fu b\u00fcy\u00fck \u00fcz\u00fcnt\u00fc ve d\u00fc\u015f k\u0131r\u0131kl\u0131\u011f\u0131 dikkat \u00e7eker. Asl\u0131nda elbete i\u015fin i\u00e7ine siyaset de girmi\u015ftir. \u0130\u015fin i\u00e7ine \u00fcnl\u00fc Pa\u015falar\u0131n da sokulmas\u0131n\u0131n ba\u015fka anlam\u0131 yoktur. Atat\u00fcrk ile bu Pa\u015falar\u0131n aras\u0131n\u0131 a\u00e7mak isteyenlerin \u00e7abalar\u0131na, Atat\u00fcrk&#8217;\u00fcn duygular\u0131 da eklenebilir. B\u00fcy\u00fck devrimlerden, b\u00fcy\u00fck sava\u015flardan sonra, hareketin \u00f6nde gelenleri aras\u0131nda bu t\u00fcr safla\u015fmalar, \u00e7at\u0131\u015fmalar daima g\u00f6r\u00fcl\u00fcr. Ama U\u011fur Mumcu&#8217;nun dedi\u011fi gibi, ge\u00e7mi\u015fi, hele yak\u0131n ge\u00e7mi\u015fi bilmeden bug\u00fcn\u00fc de\u011ferlendirmeye, anlamaya olanak yoktur.<\/p>\n","protected":false},"excerpt":{"rendered":"<p>&#8220;Atat\u00fcrk d\u00f6nemi ile 2&#8217;nci D\u00fcnya Sava\u015f\u0131 y\u0131llar\u0131n\u0131n da gere\u011fince incelenebilmesi, cumhurba\u015fkanl\u0131\u011f\u0131 ar\u015fivi ile D\u0131\u015fi\u015fleri Bakanl\u0131\u011f\u0131 gizli dosyalar\u0131n\u0131n (\u00e7ift ayl\u0131 k\u0131rm\u0131z\u0131 damgal\u0131) yasaklardan kurtar\u0131l\u0131p ara\u015ft\u0131rmac\u0131lara a\u00e7\u0131lmas\u0131na ba\u011fl\u0131d\u0131r.<span class=\"excerpt-hellip\"> [\u2026]<\/span><\/p>\n","protected":false},"featured_media":0,"template":"","meta":{"_monsterinsights_skip_tracking":false,"_monsterinsights_sitenote_active":false,"_monsterinsights_sitenote_note":"","_monsterinsights_sitenote_category":0},"product_brand":[],"product_cat":[12304,14128],"product_tag":[],"class_list":{"0":"post-709641","1":"product","2":"type-product","3":"status-publish","5":"product_cat-tarih","6":"product_cat-yakin-tarih","7":"pa_cilt-ciltsiz","8":"pa_tur-kitap","9":"pa_yayinevi-umag-yayinevi","10":"pa_yazar-ugur-mumcu","12":"first","13":"instock","14":"sale","15":"shipping-taxable","16":"purchasable","17":"product-type-simple"},"_links":{"self":[{"href":"https:\/\/roveyayinevi.com.tr\/index.php\/wp-json\/wp\/v2\/product\/709641","targetHints":{"allow":["GET"]}}],"collection":[{"href":"https:\/\/roveyayinevi.com.tr\/index.php\/wp-json\/wp\/v2\/product"}],"about":[{"href":"https:\/\/roveyayinevi.com.tr\/index.php\/wp-json\/wp\/v2\/types\/product"}],"wp:attachment":[{"href":"https:\/\/roveyayinevi.com.tr\/index.php\/wp-json\/wp\/v2\/media?parent=709641"}],"wp:term":[{"taxonomy":"product_brand","embeddable":true,"href":"https:\/\/roveyayinevi.com.tr\/index.php\/wp-json\/wp\/v2\/product_brand?post=709641"},{"taxonomy":"product_cat","embeddable":true,"href":"https:\/\/roveyayinevi.com.tr\/index.php\/wp-json\/wp\/v2\/product_cat?post=709641"},{"taxonomy":"product_tag","embeddable":true,"href":"https:\/\/roveyayinevi.com.tr\/index.php\/wp-json\/wp\/v2\/product_tag?post=709641"}],"curies":[{"name":"wp","href":"https:\/\/api.w.org\/{rel}","templated":true}]}}