{"id":709639,"date":"2025-08-27T16:27:55","date_gmt":"2025-08-27T13:27:55","guid":{"rendered":"https:\/\/roveyayinevi.com.tr\/index.php\/urun\/boscombe-vadisinin-esrari\/"},"modified":"2026-04-16T02:18:10","modified_gmt":"2026-04-15T23:18:10","slug":"boscombe-vadisinin-esrari","status":"publish","type":"product","link":"https:\/\/roveyayinevi.com.tr\/index.php\/urun\/boscombe-vadisinin-esrari\/","title":{"rendered":"Boscombe Vadisinin Esrar\u0131"},"content":{"rendered":"<p>\u2018Sherlock Holmes\u2019un Maceralar\u0131\u2019, d\u00fcnyadaki en \u00fcnl\u00fc dedektif Sherlock Holmes\u2019un k\u0131sa \u00f6yk\u00fclerinin ilk serisidir. \u00d6yk\u00fcleri okurken Sir Arthur Conan Doyle\u2019un hayal g\u00fcc\u00fcn\u00fcn tad\u0131n\u0131 \u00e7\u0131kar\u0131n. Sherlock Holmes\u2019un Maceralar\u0131\u2019nda yer alan \u00f6yk\u00fcler, Dr.Wayson taraf\u0131ndan, birinci s\u0131n\u0131f bir anlat\u0131mla anlat\u0131l\u0131yor. Kahramanlar\u0131m\u0131z Sherlock Holmes ve Dr. Watson, Londra\u2019n\u0131n ya\u011fmurlu ve sisli lo\u015flu\u011funda, heyecan verici su\u00e7 \u00f6yk\u00fclerinin karanl\u0131k bulmacalar\u0131n\u0131 \u00e7\u00f6zmeye \u00e7al\u0131\u015f\u0131yorlar. Holmes\u2019un heyecan verici, gizemli maceralar\u0131na kat\u0131lmaya haz\u0131r m\u0131s\u0131n\u0131z ? <\/p>\n","protected":false},"excerpt":{"rendered":"<p>\u2018Sherlock Holmes\u2019un Maceralar\u0131\u2019, d\u00fcnyadaki en \u00fcnl\u00fc dedektif Sherlock Holmes\u2019un k\u0131sa \u00f6yk\u00fclerinin ilk serisidir. \u00d6yk\u00fcleri okurken Sir Arthur Conan Doyle\u2019un hayal g\u00fcc\u00fcn\u00fcn tad\u0131n\u0131 \u00e7\u0131kar\u0131n. Sherlock Holmes\u2019un Maceralar\u0131\u2019nda<span class=\"excerpt-hellip\"> [\u2026]<\/span><\/p>\n","protected":false},"featured_media":0,"template":"","meta":{"_monsterinsights_skip_tracking":false,"_monsterinsights_sitenote_active":false,"_monsterinsights_sitenote_note":"","_monsterinsights_sitenote_category":0},"product_brand":[],"product_cat":[12291,12866],"product_tag":[],"class_list":{"0":"post-709639","1":"product","2":"type-product","3":"status-publish","5":"product_cat-edebiyat","6":"product_cat-ingiliz-edebiyati","7":"pa_cilt-ciltsiz","8":"pa_tur-kitap","9":"pa_yayinevi-oda-yayinlari","10":"pa_yazar-sir-arthur-conan-doyle","12":"first","13":"instock","14":"sale","15":"shipping-taxable","16":"purchasable","17":"product-type-simple"},"_links":{"self":[{"href":"https:\/\/roveyayinevi.com.tr\/index.php\/wp-json\/wp\/v2\/product\/709639","targetHints":{"allow":["GET"]}}],"collection":[{"href":"https:\/\/roveyayinevi.com.tr\/index.php\/wp-json\/wp\/v2\/product"}],"about":[{"href":"https:\/\/roveyayinevi.com.tr\/index.php\/wp-json\/wp\/v2\/types\/product"}],"wp:attachment":[{"href":"https:\/\/roveyayinevi.com.tr\/index.php\/wp-json\/wp\/v2\/media?parent=709639"}],"wp:term":[{"taxonomy":"product_brand","embeddable":true,"href":"https:\/\/roveyayinevi.com.tr\/index.php\/wp-json\/wp\/v2\/product_brand?post=709639"},{"taxonomy":"product_cat","embeddable":true,"href":"https:\/\/roveyayinevi.com.tr\/index.php\/wp-json\/wp\/v2\/product_cat?post=709639"},{"taxonomy":"product_tag","embeddable":true,"href":"https:\/\/roveyayinevi.com.tr\/index.php\/wp-json\/wp\/v2\/product_tag?post=709639"}],"curies":[{"name":"wp","href":"https:\/\/api.w.org\/{rel}","templated":true}]}}