{"id":709638,"date":"2025-08-27T16:27:54","date_gmt":"2025-08-27T13:27:54","guid":{"rendered":"https:\/\/roveyayinevi.com.tr\/index.php\/urun\/brook-sokagi-cinayeti\/"},"modified":"2026-04-16T02:18:09","modified_gmt":"2026-04-15T23:18:09","slug":"brook-sokagi-cinayeti","status":"publish","type":"product","link":"https:\/\/roveyayinevi.com.tr\/index.php\/urun\/brook-sokagi-cinayeti\/","title":{"rendered":"Brook Soka\u011f\u0131 Cinayeti"},"content":{"rendered":"<p>Sir Atrhur Conan Doyle\u2019nin yaratt\u0131\u011f\u0131 ba\u015fkahraman, Britanyal\u0131 hayali dedektif Sherlock Holmes\u2019in maceralar\u0131ndan olu\u015fan kitab\u0131m\u0131z, dizimizin ikinci kitab\u0131d\u0131r. Dedektifimiz, titiz \u00e7al\u0131\u015fmalar\u0131 ve g\u00f6zlemleri sayesinde olaylar\u0131 inan\u0131lmayacak kadar k\u0131sa s\u00fcrede \u00e7\u00f6zmektedir. Ele ald\u0131\u011f\u0131 vakalar \u00fczerinde \u00e7al\u0131\u015f\u0131rken t\u00fcmdengelim y\u00f6netimi en iyi \u015fekilde kullanmaktad\u0131r. Sordu\u011fu sorulara verilen cevaplar\u0131n tutarl\u0131 olmas\u0131na \u00e7ok \u00f6nem verir. \u00d6zel bir ilgi duydu\u011fu laboratuvar\u0131nda yapt\u0131\u011f\u0131 ciddi ara\u015ft\u0131rmalar\u0131, ele ald\u0131\u011f\u0131 davalar\u0131n \u00e7\u00f6z\u00fcm\u00fcnde kendisine \u0131\u015f\u0131k tutmaktad\u0131r. En iyi dostu Dr. Watson\u2019un muhte\u015fem anlat\u0131m\u0131yla, Sherlock Holmes \u2018un s\u0131ra d\u0131\u015f\u0131 su\u00e7 maceralar\u0131n\u0131 okumaya haz\u0131r m\u0131s\u0131n\u0131z ? <\/p>\n","protected":false},"excerpt":{"rendered":"<p>Sir Atrhur Conan Doyle\u2019nin yaratt\u0131\u011f\u0131 ba\u015fkahraman, Britanyal\u0131 hayali dedektif Sherlock Holmes\u2019in maceralar\u0131ndan olu\u015fan kitab\u0131m\u0131z, dizimizin ikinci kitab\u0131d\u0131r. Dedektifimiz, titiz \u00e7al\u0131\u015fmalar\u0131 ve g\u00f6zlemleri sayesinde olaylar\u0131 inan\u0131lmayacak kadar<span class=\"excerpt-hellip\"> [\u2026]<\/span><\/p>\n","protected":false},"featured_media":0,"template":"","meta":{"_monsterinsights_skip_tracking":false,"_monsterinsights_sitenote_active":false,"_monsterinsights_sitenote_note":"","_monsterinsights_sitenote_category":0},"product_brand":[],"product_cat":[12291,12866],"product_tag":[],"class_list":{"0":"post-709638","1":"product","2":"type-product","3":"status-publish","5":"product_cat-edebiyat","6":"product_cat-ingiliz-edebiyati","7":"pa_cilt-ciltsiz","8":"pa_tur-kitap","9":"pa_yayinevi-oda-yayinlari","10":"pa_yazar-sir-arthur-conan-doyle","12":"first","13":"instock","14":"sale","15":"shipping-taxable","16":"purchasable","17":"product-type-simple"},"_links":{"self":[{"href":"https:\/\/roveyayinevi.com.tr\/index.php\/wp-json\/wp\/v2\/product\/709638","targetHints":{"allow":["GET"]}}],"collection":[{"href":"https:\/\/roveyayinevi.com.tr\/index.php\/wp-json\/wp\/v2\/product"}],"about":[{"href":"https:\/\/roveyayinevi.com.tr\/index.php\/wp-json\/wp\/v2\/types\/product"}],"wp:attachment":[{"href":"https:\/\/roveyayinevi.com.tr\/index.php\/wp-json\/wp\/v2\/media?parent=709638"}],"wp:term":[{"taxonomy":"product_brand","embeddable":true,"href":"https:\/\/roveyayinevi.com.tr\/index.php\/wp-json\/wp\/v2\/product_brand?post=709638"},{"taxonomy":"product_cat","embeddable":true,"href":"https:\/\/roveyayinevi.com.tr\/index.php\/wp-json\/wp\/v2\/product_cat?post=709638"},{"taxonomy":"product_tag","embeddable":true,"href":"https:\/\/roveyayinevi.com.tr\/index.php\/wp-json\/wp\/v2\/product_tag?post=709638"}],"curies":[{"name":"wp","href":"https:\/\/api.w.org\/{rel}","templated":true}]}}