{"id":709637,"date":"2025-08-27T16:27:53","date_gmt":"2025-08-27T13:27:53","guid":{"rendered":"https:\/\/roveyayinevi.com.tr\/index.php\/urun\/eglenelim-ogrenelim-7-8-yas\/"},"modified":"2026-04-16T02:18:09","modified_gmt":"2026-04-15T23:18:09","slug":"eglenelim-ogrenelim-7-8-yas","status":"publish","type":"product","link":"https:\/\/roveyayinevi.com.tr\/index.php\/urun\/eglenelim-ogrenelim-7-8-yas\/","title":{"rendered":"E\u011flenelim \u00d6\u011frenelim 7 &#8211; 8 Ya\u015f"},"content":{"rendered":"<p>\u00c7ocuklar\u0131n her zaman severek kat\u0131ld\u0131\u011f\u0131 oyun aktiviteleri, bir\u00e7ok e\u011fitimcinin ve \u00f6\u011fretmenin de \u00f6ne s\u00fcrd\u00fc\u011f\u00fc \u00fczere e\u011fitim ve \u00f6\u011fretimin temelini olu\u015fturmaktad\u0131r. Ezberci e\u011fitimin kar\u015f\u0131s\u0131nda yer alan bu \u00f6\u011fretim tekni\u011fi sayesinde \u00e7ocuklar\u0131n \u00f6zg\u00fcvenleri, problem \u00e7\u00f6zme ve ba\u011f\u0131ms\u0131z d\u00fc\u015f\u00fcnme yetileri artacak, yarat\u0131c\u0131 zek\u00e2lar\u0131 geli\u015fecektir. \ufffcTan\u0131t\u0131m Metni<\/p>\n","protected":false},"excerpt":{"rendered":"<p>\u00c7ocuklar\u0131n her zaman severek kat\u0131ld\u0131\u011f\u0131 oyun aktiviteleri, bir\u00e7ok e\u011fitimcinin ve \u00f6\u011fretmenin de \u00f6ne s\u00fcrd\u00fc\u011f\u00fc \u00fczere e\u011fitim ve \u00f6\u011fretimin temelini olu\u015fturmaktad\u0131r. Ezberci e\u011fitimin kar\u015f\u0131s\u0131nda yer alan bu<span class=\"excerpt-hellip\"> [\u2026]<\/span><\/p>\n","protected":false},"featured_media":0,"template":"","meta":{"_monsterinsights_skip_tracking":false,"_monsterinsights_sitenote_active":false,"_monsterinsights_sitenote_note":"","_monsterinsights_sitenote_category":0},"product_brand":[],"product_cat":[12274,15842],"product_tag":[],"class_list":{"0":"post-709637","1":"product","2":"type-product","3":"status-publish","5":"product_cat-cocuk-ve-genclik-kitaplari","6":"product_cat-egitici-kitaplar","7":"pa_cilt-ciltsiz","8":"pa_tur-kitap","9":"pa_yayinevi-pia-cocuk-yayinlari","10":"pa_yazar-komisyon","12":"first","13":"instock","14":"sale","15":"shipping-taxable","16":"purchasable","17":"product-type-simple"},"_links":{"self":[{"href":"https:\/\/roveyayinevi.com.tr\/index.php\/wp-json\/wp\/v2\/product\/709637","targetHints":{"allow":["GET"]}}],"collection":[{"href":"https:\/\/roveyayinevi.com.tr\/index.php\/wp-json\/wp\/v2\/product"}],"about":[{"href":"https:\/\/roveyayinevi.com.tr\/index.php\/wp-json\/wp\/v2\/types\/product"}],"wp:attachment":[{"href":"https:\/\/roveyayinevi.com.tr\/index.php\/wp-json\/wp\/v2\/media?parent=709637"}],"wp:term":[{"taxonomy":"product_brand","embeddable":true,"href":"https:\/\/roveyayinevi.com.tr\/index.php\/wp-json\/wp\/v2\/product_brand?post=709637"},{"taxonomy":"product_cat","embeddable":true,"href":"https:\/\/roveyayinevi.com.tr\/index.php\/wp-json\/wp\/v2\/product_cat?post=709637"},{"taxonomy":"product_tag","embeddable":true,"href":"https:\/\/roveyayinevi.com.tr\/index.php\/wp-json\/wp\/v2\/product_tag?post=709637"}],"curies":[{"name":"wp","href":"https:\/\/api.w.org\/{rel}","templated":true}]}}