{"id":709636,"date":"2025-08-27T16:27:06","date_gmt":"2025-08-27T13:27:06","guid":{"rendered":"https:\/\/roveyayinevi.com.tr\/index.php\/urun\/yunan-ve-roma-mitolojisi\/"},"modified":"2026-04-16T02:18:09","modified_gmt":"2026-04-15T23:18:09","slug":"yunan-ve-roma-mitolojisi","status":"publish","type":"product","link":"https:\/\/roveyayinevi.com.tr\/index.php\/urun\/yunan-ve-roma-mitolojisi\/","title":{"rendered":"Yunan ve Roma Mitolojisi"},"content":{"rendered":"<p>Troya Sava\u015f\u0131, Oidipus\u2019un yazg\u0131s\u0131ndan ka\u00e7\u0131\u015f\u0131, \u0130ason\u2019un alt\u0131n postu aray\u0131\u015f\u0131, Theseus\u2019un Girit bo\u011fas\u0131n\u0131 \u00f6ld\u00fcr\u00fc\u015f\u00fc, Zeus\u2019un ku\u011fu k\u0131l\u0131\u011f\u0131na girmesi, Aeneas\u2019\u0131n Roma kentini kurmas\u0131&#8230; Bunlar ve di\u011fer klasik mitler genellikle kar\u015f\u0131m\u0131za ayr\u0131 ayr\u0131 \u00f6yk\u00fcler olarak \u00e7\u0131kar, fakat hepsi bir araya gelince, efsanevi sava\u015flar\u0131, garip d\u00f6n\u00fc\u015f\u00fcmleri, \u00f6l\u00fcms\u00fcz kahramanlar\u0131 ve neredeyse her \u015feye g\u00fcc\u00fc yeten tanr\u0131lar\u0131 konu alan tek bir uzun \u00f6yk\u00fc, okura son derece ger\u00e7ek\u00e7i gelen bir fantezi d\u00fcnyas\u0131 olu\u015fturur. Yunan ve Roma Mitolojisi hem klasik mitolojiyi yeni okumaya ba\u015flayanlara hem de bu fantezi d\u00fcnyas\u0131na ait \u00f6yk\u00fcleri okumaya doyamayanlara yeni bak\u0131\u015f a\u00e7\u0131lar\u0131 sunuyor. Mitlere konu olan olaylar\u0131n cereyan etti\u011fi ortamlar\u0131 inceliyor, kozmosun olu\u015fumundan Kahramanl\u0131k \u00c7a\u011f\u0131\u2019n\u0131n biti\u015fine dek t\u00fcm mitolojik s\u00fcreci konu eden mitleri tek tek aktar\u0131yor ve inceliyor. T\u00fcm \u00f6nemli karakterler, yerler, olaylar, nesneler ve kavramlar \u00fczerinde ayr\u0131 ayr\u0131 duruyor. Sadece tek bir miti eksiksiz olarak okuyup \u00f6\u011frenmek isteyenler kadar Yunan ve Roma mitolojisinin tamam\u0131 hakk\u0131nda bilgi sahibi olmak isteyenler i\u00e7in de son derece ideal, giri\u015f niteli\u011finde bir kitap.\ufffcTan\u0131t\u0131m Metni<\/p>\n","protected":false},"excerpt":{"rendered":"<p>Troya Sava\u015f\u0131, Oidipus\u2019un yazg\u0131s\u0131ndan ka\u00e7\u0131\u015f\u0131, \u0130ason\u2019un alt\u0131n postu aray\u0131\u015f\u0131, Theseus\u2019un Girit bo\u011fas\u0131n\u0131 \u00f6ld\u00fcr\u00fc\u015f\u00fc, Zeus\u2019un ku\u011fu k\u0131l\u0131\u011f\u0131na girmesi, Aeneas\u2019\u0131n Roma kentini kurmas\u0131&#8230; Bunlar ve di\u011fer klasik mitler<span class=\"excerpt-hellip\"> [\u2026]<\/span><\/p>\n","protected":false},"featured_media":0,"template":"","meta":{"_monsterinsights_skip_tracking":false,"_monsterinsights_sitenote_active":false,"_monsterinsights_sitenote_note":"","_monsterinsights_sitenote_category":0},"product_brand":[],"product_cat":[12718,12858],"product_tag":[],"class_list":{"0":"post-709636","1":"product","2":"type-product","3":"status-publish","5":"product_cat-din","6":"product_cat-mitolojiler","7":"pa_cilt-ciltsiz","8":"pa_tur-kitap","9":"pa_yayinevi-say-yayinlari","10":"pa_yazar-william-hansen","12":"first","13":"instock","14":"sale","15":"shipping-taxable","16":"purchasable","17":"product-type-simple"},"_links":{"self":[{"href":"https:\/\/roveyayinevi.com.tr\/index.php\/wp-json\/wp\/v2\/product\/709636","targetHints":{"allow":["GET"]}}],"collection":[{"href":"https:\/\/roveyayinevi.com.tr\/index.php\/wp-json\/wp\/v2\/product"}],"about":[{"href":"https:\/\/roveyayinevi.com.tr\/index.php\/wp-json\/wp\/v2\/types\/product"}],"wp:attachment":[{"href":"https:\/\/roveyayinevi.com.tr\/index.php\/wp-json\/wp\/v2\/media?parent=709636"}],"wp:term":[{"taxonomy":"product_brand","embeddable":true,"href":"https:\/\/roveyayinevi.com.tr\/index.php\/wp-json\/wp\/v2\/product_brand?post=709636"},{"taxonomy":"product_cat","embeddable":true,"href":"https:\/\/roveyayinevi.com.tr\/index.php\/wp-json\/wp\/v2\/product_cat?post=709636"},{"taxonomy":"product_tag","embeddable":true,"href":"https:\/\/roveyayinevi.com.tr\/index.php\/wp-json\/wp\/v2\/product_tag?post=709636"}],"curies":[{"name":"wp","href":"https:\/\/api.w.org\/{rel}","templated":true}]}}