{"id":709635,"date":"2025-08-27T16:27:06","date_gmt":"2025-08-27T13:27:06","guid":{"rendered":"https:\/\/roveyayinevi.com.tr\/index.php\/urun\/ozgur-zihin\/"},"modified":"2026-04-12T02:21:26","modified_gmt":"2026-04-11T23:21:26","slug":"ozgur-zihin","status":"publish","type":"product","link":"https:\/\/roveyayinevi.com.tr\/index.php\/urun\/ozgur-zihin\/","title":{"rendered":"\u00d6zg\u00fcr Zihin"},"content":{"rendered":"<p>\u201cSadece ba\u011f\u0131ms\u0131z olan \u2013hi\u00e7 \u015f\u00fcphesiz \u00f6zg\u00fcr ve canl\u0131 olan, \u00f6l\u00fcms\u00fcz olan, ne do\u011fumu ne de \u00f6l\u00fcm\u00fc bilen\u2013 bir zihin ruhu bilme yetisine sahiptir. Zihin ba\u011f\u0131ml\u0131ysa, bedenden ba\u015fka hi\u00e7bir \u015feyi bilemez. Ba\u011f\u0131ml\u0131 bir zihin, ba\u011f\u0131ml\u0131 bir bedenin \u00f6tesini g\u00f6remez. Zihnimiz ba\u011f\u0131ml\u0131 oldu\u011fu m\u00fcddet\u00e7e bedenden ba\u015fka hi\u00e7bir \u015fey olmad\u0131\u011f\u0131m\u0131z\u0131 hissedece\u011fiz. Ama zihin ba\u011f\u0131ms\u0131zsa g\u00f6zlerini kald\u0131r\u0131p \u00f6zg\u00fcr, canl\u0131 olan ruha do\u011fru bakar.\u201d \ufffcTan\u0131t\u0131m Metni<\/p>\n","protected":false},"excerpt":{"rendered":"<p>\u201cSadece ba\u011f\u0131ms\u0131z olan \u2013hi\u00e7 \u015f\u00fcphesiz \u00f6zg\u00fcr ve canl\u0131 olan, \u00f6l\u00fcms\u00fcz olan, ne do\u011fumu ne de \u00f6l\u00fcm\u00fc bilen\u2013 bir zihin ruhu bilme yetisine sahiptir. Zihin ba\u011f\u0131ml\u0131ysa, bedenden<span class=\"excerpt-hellip\"> [\u2026]<\/span><\/p>\n","protected":false},"featured_media":0,"template":"","meta":{"_monsterinsights_skip_tracking":false,"_monsterinsights_sitenote_active":false,"_monsterinsights_sitenote_note":"","_monsterinsights_sitenote_category":0},"product_brand":[],"product_cat":[12364,12376],"product_tag":[],"class_list":{"0":"post-709635","1":"product","2":"type-product","3":"status-publish","5":"product_cat-genel-konular","6":"product_cat-kisisel-gelisim","7":"pa_cilt-ciltsiz","8":"pa_tur-kitap","9":"pa_yayinevi-omega","10":"pa_yazar-osho","12":"first","13":"instock","14":"sale","15":"shipping-taxable","16":"purchasable","17":"product-type-simple"},"_links":{"self":[{"href":"https:\/\/roveyayinevi.com.tr\/index.php\/wp-json\/wp\/v2\/product\/709635","targetHints":{"allow":["GET"]}}],"collection":[{"href":"https:\/\/roveyayinevi.com.tr\/index.php\/wp-json\/wp\/v2\/product"}],"about":[{"href":"https:\/\/roveyayinevi.com.tr\/index.php\/wp-json\/wp\/v2\/types\/product"}],"wp:attachment":[{"href":"https:\/\/roveyayinevi.com.tr\/index.php\/wp-json\/wp\/v2\/media?parent=709635"}],"wp:term":[{"taxonomy":"product_brand","embeddable":true,"href":"https:\/\/roveyayinevi.com.tr\/index.php\/wp-json\/wp\/v2\/product_brand?post=709635"},{"taxonomy":"product_cat","embeddable":true,"href":"https:\/\/roveyayinevi.com.tr\/index.php\/wp-json\/wp\/v2\/product_cat?post=709635"},{"taxonomy":"product_tag","embeddable":true,"href":"https:\/\/roveyayinevi.com.tr\/index.php\/wp-json\/wp\/v2\/product_tag?post=709635"}],"curies":[{"name":"wp","href":"https:\/\/api.w.org\/{rel}","templated":true}]}}