{"id":709634,"date":"2025-08-27T16:27:05","date_gmt":"2025-08-27T13:27:05","guid":{"rendered":"https:\/\/roveyayinevi.com.tr\/index.php\/urun\/alice-harikalar-diyarinda-4\/"},"modified":"2026-04-16T02:18:09","modified_gmt":"2026-04-15T23:18:09","slug":"alice-harikalar-diyarinda-4","status":"publish","type":"product","link":"https:\/\/roveyayinevi.com.tr\/index.php\/urun\/alice-harikalar-diyarinda-4\/","title":{"rendered":"Alice Harikalar Diyar\u0131nda"},"content":{"rendered":"<p>Alice Harikalar Diyar\u0131nda, yaz\u0131ld\u0131\u011f\u0131 tarihten bu yana ge\u00e7en y\u00fcz elli y\u0131l\u0131 a\u015fk\u0131n s\u00fcre boyunca, edebiyat\u0131n e\u015fsiz eserlerinden biri olma \u00f6zelli\u011fini hep korudu. Hem \u00e7ocuk hem de yeti\u015fkin edebiyat\u0131nda \u00f6nemli bir yere sahip olan bu kitap, hayal g\u00fcc\u00fc zenginli\u011fiyle k\u00fc\u00e7\u00fck okurlara b\u00fcy\u00fcl\u00fc bir d\u00fcnya sunarken, yeti\u015fkinler i\u00e7in bu b\u00fcy\u00fcs\u00fcn\u00fc i\u00e7erdi\u011fi sembollerin anlam derinli\u011fiyle g\u00f6sterdi. Ad\u0131n\u0131n edebiyat tarihine alt\u0131n harflerle yaz\u0131lmas\u0131na yol a\u00e7an eserleri kadar, matematik\u00e7i ve mant\u0131k\u00e7\u0131 kimli\u011fiyle de tan\u0131nan Lewis Carroll\u2019un Alice Harikalar Diyar\u0131nda kurgusu, metne serpi\u015ftirilmi\u015f bilmecelerle okuru da kitab\u0131n bir kahraman\u0131 k\u0131lar. Alice Harikalar Diyar\u0131nda hem \u00e7ocuklar hem de macera dolu naif \u00e7ocuklu\u011funu \u00f6zleyen ve y\u0131llara meydan okuyan bir mant\u0131k labirentinde kendine sorular sormaktan \u00e7ekinmeyecek okurlar i\u00e7in Modern Klasikler Dizisi\u2019nde yerini al\u0131yor. \ufffc<\/p>\n","protected":false},"excerpt":{"rendered":"<p>Alice Harikalar Diyar\u0131nda, yaz\u0131ld\u0131\u011f\u0131 tarihten bu yana ge\u00e7en y\u00fcz elli y\u0131l\u0131 a\u015fk\u0131n s\u00fcre boyunca, edebiyat\u0131n e\u015fsiz eserlerinden biri olma \u00f6zelli\u011fini hep korudu. Hem \u00e7ocuk hem de<span class=\"excerpt-hellip\"> [\u2026]<\/span><\/p>\n","protected":false},"featured_media":0,"template":"","meta":{"_monsterinsights_skip_tracking":false,"_monsterinsights_sitenote_active":false,"_monsterinsights_sitenote_note":"","_monsterinsights_sitenote_category":0},"product_brand":[],"product_cat":[12291,26797],"product_tag":[],"class_list":{"0":"post-709634","1":"product","2":"type-product","3":"status-publish","5":"product_cat-edebiyat","6":"product_cat-modern-klasikler","7":"pa_cilt-ciltsiz","8":"pa_tur-kitap","9":"pa_yayinevi-is-bankasi-kultur-yayinlari","10":"pa_yazar-lewis-carroll","12":"first","13":"instock","14":"sale","15":"shipping-taxable","16":"purchasable","17":"product-type-simple"},"_links":{"self":[{"href":"https:\/\/roveyayinevi.com.tr\/index.php\/wp-json\/wp\/v2\/product\/709634","targetHints":{"allow":["GET"]}}],"collection":[{"href":"https:\/\/roveyayinevi.com.tr\/index.php\/wp-json\/wp\/v2\/product"}],"about":[{"href":"https:\/\/roveyayinevi.com.tr\/index.php\/wp-json\/wp\/v2\/types\/product"}],"wp:attachment":[{"href":"https:\/\/roveyayinevi.com.tr\/index.php\/wp-json\/wp\/v2\/media?parent=709634"}],"wp:term":[{"taxonomy":"product_brand","embeddable":true,"href":"https:\/\/roveyayinevi.com.tr\/index.php\/wp-json\/wp\/v2\/product_brand?post=709634"},{"taxonomy":"product_cat","embeddable":true,"href":"https:\/\/roveyayinevi.com.tr\/index.php\/wp-json\/wp\/v2\/product_cat?post=709634"},{"taxonomy":"product_tag","embeddable":true,"href":"https:\/\/roveyayinevi.com.tr\/index.php\/wp-json\/wp\/v2\/product_tag?post=709634"}],"curies":[{"name":"wp","href":"https:\/\/api.w.org\/{rel}","templated":true}]}}