{"id":709633,"date":"2025-08-27T16:27:05","date_gmt":"2025-08-27T13:27:05","guid":{"rendered":"https:\/\/roveyayinevi.com.tr\/index.php\/urun\/mutlu-prens-11\/"},"modified":"2026-04-16T02:18:09","modified_gmt":"2026-04-15T23:18:09","slug":"mutlu-prens-11","status":"publish","type":"product","link":"https:\/\/roveyayinevi.com.tr\/index.php\/urun\/mutlu-prens-11\/","title":{"rendered":"Mutlu Prens"},"content":{"rendered":"<p>Oscar Wilde\u2019\u0131n 1888\u2019de yay\u0131mlanan Mutlu Prens\u2019teki masallar\u0131 o\u011fullar\u0131 i\u00e7in yazd\u0131\u011f\u0131 d\u00fc\u015f\u00fcn\u00fclse de, yazar hedef kitlesini \u201cyediden yetmi\u015fe \u00e7ocuk ruhlu insanlar, \u015fa\u015f\u0131rma ve sevinme gibi \u00e7ocuksu yetilerini koruyanlar\u201d olarak a\u00e7\u0131klam\u0131\u015ft\u0131r. Wilde bu masallarda bencilli\u011fi ve duyars\u0131zl\u0131\u011f\u0131 g\u00f6zler \u00f6n\u00fcne serer ve ele\u015ftirir. Onun ana masal ki\u015fileri bazen hatalar\u0131n\u0131 anlayarak pi\u015fmanl\u0131k duyarlar ve \u00f6zgecil davran\u0131\u015flar sergilerler. Kimi zaman da g\u00f6zlerini k\u00f6r eden kibirden bir t\u00fcrl\u00fc kurtulamazlar. Mutlu Prens her ne kadar \u00e7\u0131rakl\u0131k d\u00f6neminin \u00fcr\u00fcn\u00fc olsa da, Wilde\u2019\u0131n masal ve alegori alan\u0131ndaki ustal\u0131\u011f\u0131n\u0131 ortaya koyar.<\/p>\n","protected":false},"excerpt":{"rendered":"<p>Oscar Wilde\u2019\u0131n 1888\u2019de yay\u0131mlanan Mutlu Prens\u2019teki masallar\u0131 o\u011fullar\u0131 i\u00e7in yazd\u0131\u011f\u0131 d\u00fc\u015f\u00fcn\u00fclse de, yazar hedef kitlesini \u201cyediden yetmi\u015fe \u00e7ocuk ruhlu insanlar, \u015fa\u015f\u0131rma ve sevinme gibi \u00e7ocuksu yetilerini<span class=\"excerpt-hellip\"> [\u2026]<\/span><\/p>\n","protected":false},"featured_media":0,"template":"","meta":{"_monsterinsights_skip_tracking":false,"_monsterinsights_sitenote_active":false,"_monsterinsights_sitenote_note":"","_monsterinsights_sitenote_category":0},"product_brand":[],"product_cat":[12291,26797],"product_tag":[],"class_list":{"0":"post-709633","1":"product","2":"type-product","3":"status-publish","5":"product_cat-edebiyat","6":"product_cat-modern-klasikler","7":"pa_cilt-ciltsiz","8":"pa_tur-kitap","9":"pa_yayinevi-is-bankasi-kultur-yayinlari","10":"pa_yazar-oscar-wilde","12":"first","13":"instock","14":"sale","15":"shipping-taxable","16":"purchasable","17":"product-type-simple"},"_links":{"self":[{"href":"https:\/\/roveyayinevi.com.tr\/index.php\/wp-json\/wp\/v2\/product\/709633","targetHints":{"allow":["GET"]}}],"collection":[{"href":"https:\/\/roveyayinevi.com.tr\/index.php\/wp-json\/wp\/v2\/product"}],"about":[{"href":"https:\/\/roveyayinevi.com.tr\/index.php\/wp-json\/wp\/v2\/types\/product"}],"wp:attachment":[{"href":"https:\/\/roveyayinevi.com.tr\/index.php\/wp-json\/wp\/v2\/media?parent=709633"}],"wp:term":[{"taxonomy":"product_brand","embeddable":true,"href":"https:\/\/roveyayinevi.com.tr\/index.php\/wp-json\/wp\/v2\/product_brand?post=709633"},{"taxonomy":"product_cat","embeddable":true,"href":"https:\/\/roveyayinevi.com.tr\/index.php\/wp-json\/wp\/v2\/product_cat?post=709633"},{"taxonomy":"product_tag","embeddable":true,"href":"https:\/\/roveyayinevi.com.tr\/index.php\/wp-json\/wp\/v2\/product_tag?post=709633"}],"curies":[{"name":"wp","href":"https:\/\/api.w.org\/{rel}","templated":true}]}}