{"id":709631,"date":"2025-08-27T16:27:04","date_gmt":"2025-08-27T13:27:04","guid":{"rendered":"https:\/\/roveyayinevi.com.tr\/index.php\/urun\/padisahim-cok-yasa-osmanli-devletinin-son-yuzyilinda-merasimler\/"},"modified":"2025-12-30T10:07:43","modified_gmt":"2025-12-30T07:07:43","slug":"padisahim-cok-yasa-osmanli-devletinin-son-yuzyilinda-merasimler","status":"publish","type":"product","link":"https:\/\/roveyayinevi.com.tr\/index.php\/urun\/padisahim-cok-yasa-osmanli-devletinin-son-yuzyilinda-merasimler\/","title":{"rendered":"Padi\u015fah\u0131m \u00c7ok Ya\u015fa : Osmanl\u0131 Devletinin Son Y\u00fczy\u0131l\u0131nda Merasimler"},"content":{"rendered":"<p>Osmanl\u0131 devlet t\u00f6renleri 19. y\u00fczy\u0131lda b\u00fcy\u00fck bir de\u011fi\u015fim ge\u00e7irdi. Bu de\u011fi\u015fimin en belirgin olarak g\u00f6zlemlenebildi\u011fi alan, Avrupa saraylar\u0131nda ge\u00e7erli te\u015frifat kurallar\u0131na uyan diplomatik t\u00f6renlerdi. Daha \u00f6nceleri Osmanl\u0131 saray\u0131nda k\u00fc\u00e7\u00fclt\u00fcc\u00fc muameleye maruz kalan Avrupa el\u00e7ileri art\u0131k b\u00fcy\u00fck sayg\u0131 g\u00f6r\u00fcp y\u00fcksek prestij sahibi olmaya ba\u015flad\u0131lar. Bu y\u00f6nelim yaln\u0131zca diplomatik t\u00f6renlerle de s\u0131n\u0131rl\u0131 kalmad\u0131; ayn\u0131 s\u00fcre\u00e7 i\u00e7erisinde saray hayat\u0131 da h\u0131zla modernle\u015fti ve Avrupa saraylar\u0131na \u00f6yk\u00fcnen bir ya\u015fam tarz\u0131 bir\u00e7ok sultan taraf\u0131ndan desteklendi. II. Mahmud\u2019dan itibaren t\u00fcm padi\u015fahlar saray hayat\u0131n\u0131 ve merasimlerini Bat\u0131l\u0131la\u015ft\u0131rma konusunda bilin\u00e7li bir tav\u0131r sergilediler. Y\u00fczy\u0131l\u0131n ba\u015f\u0131ndan itibaren k\u0131l\u0131k k\u0131yafet ve sofra adab\u0131 gibi g\u00fcnl\u00fck hayat pratiklerinde g\u00f6z\u00fckmeye ba\u015flayan bu de\u011fi\u015fimler, geleneksel Osmanl\u0131 saltanat\u0131n\u0131n timsali olan Topkap\u0131 Saray\u0131\u2019n\u0131n terk edilip modern Dolmabah\u00e7e Saray\u0131\u2019n\u0131n in\u015fa edilmesi ile doruk noktas\u0131na vard\u0131. Osmanl\u0131 Devleti\u2019nin son y\u0131llar\u0131nda ise, dini i\u00e7eri\u011fi olan t\u00f6renlerin de\u011fi\u015ftirilmesindeki isteksizli\u011fe, eski gelenekleri s\u00fcrd\u00fcrme y\u00f6n\u00fcndeki baz\u0131 \u00e7abalara kar\u015f\u0131n, saray hayat\u0131 ve merasimlerini Bat\u0131\u2019dakilerden ay\u0131rt etmek neredeyse imk\u00e2ns\u0131z hale gelmi\u015fti. <\/p>\n","protected":false},"excerpt":{"rendered":"<p>Osmanl\u0131 devlet t\u00f6renleri 19. y\u00fczy\u0131lda b\u00fcy\u00fck bir de\u011fi\u015fim ge\u00e7irdi. Bu de\u011fi\u015fimin en belirgin olarak g\u00f6zlemlenebildi\u011fi alan, Avrupa saraylar\u0131nda ge\u00e7erli te\u015frifat kurallar\u0131na uyan diplomatik t\u00f6renlerdi. Daha \u00f6nceleri<span class=\"excerpt-hellip\"> [\u2026]<\/span><\/p>\n","protected":false},"featured_media":0,"template":"","meta":{"_monsterinsights_skip_tracking":false,"_monsterinsights_sitenote_active":false,"_monsterinsights_sitenote_note":"","_monsterinsights_sitenote_category":0},"product_brand":[],"product_cat":[13517,12304],"product_tag":[],"class_list":{"0":"post-709631","1":"product","2":"type-product","3":"status-publish","5":"product_cat-osmanli-tarihi","6":"product_cat-tarih","7":"pa_cilt-ciltsiz","8":"pa_tur-kitap","9":"pa_yayinevi-is-bankasi-kultur-yayinlari","10":"pa_yazar-hakan-t-karateke","12":"first","13":"instock","14":"sale","15":"shipping-taxable","16":"purchasable","17":"product-type-simple"},"_links":{"self":[{"href":"https:\/\/roveyayinevi.com.tr\/index.php\/wp-json\/wp\/v2\/product\/709631","targetHints":{"allow":["GET"]}}],"collection":[{"href":"https:\/\/roveyayinevi.com.tr\/index.php\/wp-json\/wp\/v2\/product"}],"about":[{"href":"https:\/\/roveyayinevi.com.tr\/index.php\/wp-json\/wp\/v2\/types\/product"}],"wp:attachment":[{"href":"https:\/\/roveyayinevi.com.tr\/index.php\/wp-json\/wp\/v2\/media?parent=709631"}],"wp:term":[{"taxonomy":"product_brand","embeddable":true,"href":"https:\/\/roveyayinevi.com.tr\/index.php\/wp-json\/wp\/v2\/product_brand?post=709631"},{"taxonomy":"product_cat","embeddable":true,"href":"https:\/\/roveyayinevi.com.tr\/index.php\/wp-json\/wp\/v2\/product_cat?post=709631"},{"taxonomy":"product_tag","embeddable":true,"href":"https:\/\/roveyayinevi.com.tr\/index.php\/wp-json\/wp\/v2\/product_tag?post=709631"}],"curies":[{"name":"wp","href":"https:\/\/api.w.org\/{rel}","templated":true}]}}