{"id":709628,"date":"2025-08-27T16:27:02","date_gmt":"2025-08-27T13:27:02","guid":{"rendered":"https:\/\/roveyayinevi.com.tr\/index.php\/urun\/dedemin-bakkali-cirak\/"},"modified":"2026-04-08T02:23:25","modified_gmt":"2026-04-07T23:23:25","slug":"dedemin-bakkali-cirak","status":"publish","type":"product","link":"https:\/\/roveyayinevi.com.tr\/index.php\/urun\/dedemin-bakkali-cirak\/","title":{"rendered":"Dedemin Bakkal\u0131 &#8211; \u00c7\u0131rak"},"content":{"rendered":"<p>Dedemin Bakkal\u0131\u2019n\u0131 okuyanlar bilir!O, tuz ruhu isteyen m\u00fc\u015fteriye yemek tuzu g\u00f6nderip \u201cruhu arkadan gelecek\u201d diyen bir giri\u015fimci\u2026O, fakir m\u00fc\u015fterilere bedava \u00fcr\u00fcnler sat\u0131p \u00fccreti zenginlerin hesab\u0131na yazan bir kahraman\u2026O, bakkaldaki i\u00e7ecekleri birbirine kar\u0131\u015ft\u0131r\u0131p daha g\u00fczelini bulmak ve m\u00fc\u015fterilerine sunmak i\u00e7in u\u011fra\u015fan bir sivri zeka\u2026O, Afrikal\u0131 \u00e7ocuklara yard\u0131m g\u00f6ndermek i\u00e7in arkada\u015flar\u0131n\u0131n ellerinden kandil yiyeceklerini toplayan bir yard\u0131msever\u2026O, att\u0131\u011f\u0131 her ad\u0131m olay olan, a\u015f\u0131r\u0131 e\u011flenceli, cin fikirli, fena halde yenilik\u00e7i bir bakkal \u00e7\u0131ra\u011f\u0131\u2026Ticaret hayat\u0131nda tam gaz ko\u015ftu ama her seferinde yeti\u015fkinlerin d\u00fcnyas\u0131na toslad\u0131. Yeti\u015fkinler y\u00fcz\u00fcnden ba\u015f\u0131na gelmeyen kalmad\u0131\u2026Ama \u015fimdi Bakkal onun eline ge\u00e7ti!\u00c7\u0131rak i\u015f ba\u015f\u0131nda!Dedemin Bakkal\u0131-\u00c7\u0131rak gelece\u011fin giri\u015fimcilerine, kahramanlar\u0131na, yazarlar\u0131na, mucitlerine, yard\u0131mseverlerine incelikli bir \u201c\u00e7\u0131rakl\u0131k\u201d rehberi sunuyor. T\u00fcm cin fikirli \u00e7\u0131raklara; yeti\u015fkinlere ra\u011fmen \u00fcretmenin, d\u00fc\u015f\u00fcnmenin, hayal kurman\u0131n, yazman\u0131n yollar\u0131n\u0131 anlat\u0131yor.Bakkal \u015fimdi senin elinde!Hadi s\u0131n\u0131rs\u0131zca \u00fcret, hayal et, fikirlerini hayata ge\u00e7ir!\u015eermin \u00c7arkac\u0131\u2019n\u0131n kendi hat\u0131ralar\u0131ndan ilhamla kaleme ald\u0131\u011f\u0131 Dedemin Bakkal\u0131\u2019n\u0131n, i\u00e7ine okuyucuyu da katan etkinlikli devam kitab\u0131 olan Dedemin Bakkal\u0131-\u00c7\u0131rak\u2019ta, hayal kurmak, yeni fikirler bulmak, yazmak ve \u00fcretmekle ilgili hikayelerin yan\u0131 s\u0131ra hikayeleri okuyucunun hayat\u0131na uygulama imkan\u0131 veren etkinlikler yer al\u0131yor. <\/p>\n","protected":false},"excerpt":{"rendered":"<p>Dedemin Bakkal\u0131\u2019n\u0131 okuyanlar bilir!O, tuz ruhu isteyen m\u00fc\u015fteriye yemek tuzu g\u00f6nderip \u201cruhu arkadan gelecek\u201d diyen bir giri\u015fimci\u2026O, fakir m\u00fc\u015fterilere bedava \u00fcr\u00fcnler sat\u0131p \u00fccreti zenginlerin hesab\u0131na yazan<span class=\"excerpt-hellip\"> [\u2026]<\/span><\/p>\n","protected":false},"featured_media":0,"template":"","meta":{"_monsterinsights_skip_tracking":false,"_monsterinsights_sitenote_active":false,"_monsterinsights_sitenote_note":"","_monsterinsights_sitenote_category":0},"product_brand":[],"product_cat":[12291,12711],"product_tag":[],"class_list":{"0":"post-709628","1":"product","2":"type-product","3":"status-publish","5":"product_cat-edebiyat","6":"product_cat-roman-oyku","7":"pa_cilt-ciltsiz","8":"pa_tur-kitap","9":"pa_yayinevi-taze-kitap","10":"pa_yazar-sermin-yasar","12":"first","13":"instock","14":"sale","15":"shipping-taxable","16":"purchasable","17":"product-type-simple"},"_links":{"self":[{"href":"https:\/\/roveyayinevi.com.tr\/index.php\/wp-json\/wp\/v2\/product\/709628","targetHints":{"allow":["GET"]}}],"collection":[{"href":"https:\/\/roveyayinevi.com.tr\/index.php\/wp-json\/wp\/v2\/product"}],"about":[{"href":"https:\/\/roveyayinevi.com.tr\/index.php\/wp-json\/wp\/v2\/types\/product"}],"wp:attachment":[{"href":"https:\/\/roveyayinevi.com.tr\/index.php\/wp-json\/wp\/v2\/media?parent=709628"}],"wp:term":[{"taxonomy":"product_brand","embeddable":true,"href":"https:\/\/roveyayinevi.com.tr\/index.php\/wp-json\/wp\/v2\/product_brand?post=709628"},{"taxonomy":"product_cat","embeddable":true,"href":"https:\/\/roveyayinevi.com.tr\/index.php\/wp-json\/wp\/v2\/product_cat?post=709628"},{"taxonomy":"product_tag","embeddable":true,"href":"https:\/\/roveyayinevi.com.tr\/index.php\/wp-json\/wp\/v2\/product_tag?post=709628"}],"curies":[{"name":"wp","href":"https:\/\/api.w.org\/{rel}","templated":true}]}}