{"id":709625,"date":"2025-08-27T16:27:00","date_gmt":"2025-08-27T13:27:00","guid":{"rendered":"https:\/\/roveyayinevi.com.tr\/index.php\/urun\/kurnaz-tilki-2\/"},"modified":"2026-04-16T02:18:09","modified_gmt":"2026-04-15T23:18:09","slug":"kurnaz-tilki-2","status":"publish","type":"product","link":"https:\/\/roveyayinevi.com.tr\/index.php\/urun\/kurnaz-tilki-2\/","title":{"rendered":"Kurnaz Tilki"},"content":{"rendered":"<p>Adaletine g\u00fcvenilen Kral Aslan bir g\u00fcn, h\u00fck\u00fcm s\u00fcrd\u00fc\u011f\u00fc ormanda d\u00f6rt bir yana haber salar, orman halk\u0131n\u0131n dertlerini dinleyece\u011fini bildirerek herkesin toplant\u0131ya kat\u0131lmas\u0131 i\u00e7in \u00e7a\u011fr\u0131 yapar. T\u00fcm orman hayvanlar\u0131 bu \u00e7a\u011fr\u0131ya uyarak saraya gelir ancak b\u00fct\u00fcn hayvanlar\u0131 can\u0131ndan bezdiren, hepsine bir k\u00f6t\u00fcl\u00fc\u011f\u00fc dokunmu\u015f olan Kurnaz Tilki bu buyru\u011fa kulak asmaz bir tek, \u00e7\u00fcnk\u00fc \u015fik\u00e2yet edilmekten ve bunun sonucunda ceza almaktan korkar.Ancak b\u00fcy\u00fck u\u011fra\u015flar sonunda toplant\u0131ya kat\u0131lmak zorunda kalan Kurnaz Tilki\u2019nin yapt\u0131\u011f\u0131 t\u00fcm k\u00f6t\u00fcl\u00fckler bir bir ortaya d\u00f6k\u00fclmesine ve Kral Aslan onu pek \u00e7ok kereler mahk\u00fbm etmesine ra\u011fmen Tilki uydurdu\u011fu yalanlar, hik\u00e2yeler ve dalkavuklu\u011fu sayesinde her seferinde kral\u0131 aldatmay\u0131 ba\u015far\u0131r. Bakal\u0131m Kurnaz Tilki sonunda yap\u0131\u011f\u0131 k\u00f6t\u00fcl\u00fcklerin cezas\u0131n\u0131 \u00e7ekip do\u011fru yolu bulacak m\u0131?B\u00fcy\u00fck Alman yazar d\u00fc\u015f\u00fcn\u00fcr Goethe, bundan tam iki y\u00fcz y\u0131l \u00f6nce yazd\u0131\u011f\u0131 bu kitapta, kendi d\u00f6neminde tan\u0131k oldu\u011fu kimi durum ve olaylar\u0131 hayvanlar\u0131n d\u00fcnyas\u0131na adapte ederek masals\u0131 bir anlat\u0131mla dile getiriyor. Goethe iyilik, k\u00f6t\u00fcl\u00fck, haks\u0131zl\u0131k, adaletsizlik gibi kavramlar\u0131 \u00f6yle derinlemesine i\u015fler ki bug\u00fcn bile \u00e7ocuklar bu kitaptan insan ve topluma dair kendilerine pek \u00e7ok dersler \u00e7\u0131karacaklar.<\/p>\n","protected":false},"excerpt":{"rendered":"<p>Adaletine g\u00fcvenilen Kral Aslan bir g\u00fcn, h\u00fck\u00fcm s\u00fcrd\u00fc\u011f\u00fc ormanda d\u00f6rt bir yana haber salar, orman halk\u0131n\u0131n dertlerini dinleyece\u011fini bildirerek herkesin toplant\u0131ya kat\u0131lmas\u0131 i\u00e7in \u00e7a\u011fr\u0131 yapar. T\u00fcm<span class=\"excerpt-hellip\"> [\u2026]<\/span><\/p>\n","protected":false},"featured_media":0,"template":"","meta":{"_monsterinsights_skip_tracking":false,"_monsterinsights_sitenote_active":false,"_monsterinsights_sitenote_note":"","_monsterinsights_sitenote_category":0},"product_brand":[],"product_cat":[12291,12711],"product_tag":[],"class_list":{"0":"post-709625","1":"product","2":"type-product","3":"status-publish","5":"product_cat-edebiyat","6":"product_cat-roman-oyku","7":"pa_cilt-ciltsiz","8":"pa_tur-kitap","9":"pa_yayinevi-arkadas-yayinlari","10":"pa_yazar-johann-wolfgang-von-goethe","12":"first","13":"instock","14":"sale","15":"shipping-taxable","16":"purchasable","17":"product-type-simple"},"_links":{"self":[{"href":"https:\/\/roveyayinevi.com.tr\/index.php\/wp-json\/wp\/v2\/product\/709625","targetHints":{"allow":["GET"]}}],"collection":[{"href":"https:\/\/roveyayinevi.com.tr\/index.php\/wp-json\/wp\/v2\/product"}],"about":[{"href":"https:\/\/roveyayinevi.com.tr\/index.php\/wp-json\/wp\/v2\/types\/product"}],"wp:attachment":[{"href":"https:\/\/roveyayinevi.com.tr\/index.php\/wp-json\/wp\/v2\/media?parent=709625"}],"wp:term":[{"taxonomy":"product_brand","embeddable":true,"href":"https:\/\/roveyayinevi.com.tr\/index.php\/wp-json\/wp\/v2\/product_brand?post=709625"},{"taxonomy":"product_cat","embeddable":true,"href":"https:\/\/roveyayinevi.com.tr\/index.php\/wp-json\/wp\/v2\/product_cat?post=709625"},{"taxonomy":"product_tag","embeddable":true,"href":"https:\/\/roveyayinevi.com.tr\/index.php\/wp-json\/wp\/v2\/product_tag?post=709625"}],"curies":[{"name":"wp","href":"https:\/\/api.w.org\/{rel}","templated":true}]}}