{"id":709624,"date":"2025-08-27T16:27:00","date_gmt":"2025-08-27T13:27:00","guid":{"rendered":"https:\/\/roveyayinevi.com.tr\/index.php\/urun\/iktidar-odakli-aydinlar\/"},"modified":"2026-04-16T02:18:09","modified_gmt":"2026-04-15T23:18:09","slug":"iktidar-odakli-aydinlar","status":"publish","type":"product","link":"https:\/\/roveyayinevi.com.tr\/index.php\/urun\/iktidar-odakli-aydinlar\/","title":{"rendered":"\u0130ktidar Odakl\u0131 Ayd\u0131nlar"},"content":{"rendered":"<p>Bu topraklarda ayd\u0131n muhiti, okumu\u015f adam olarak kabul edilir ve devletin memuru say\u0131l\u0131r. Memur olan ise \u201ckul\u2019dur&#8221;. Ayd\u0131n, muhafazakar \u00f6nderin veya h\u00fck\u00fcmetin kulu, memuru haline geldi\u011fi zaman ondan devrimci bir hareket beklenemez. Oysa tam da b\u00f6yle olmad\u0131\u011f\u0131 zamanlarda ayd\u0131n ilerici ve devrimcidir. T\u00fcrkiye\u2019de ayd\u0131n gericilikten ziyade ilericilik yan\u0131ndad\u0131r ancak \u00f6nemli bir eksikli\u011fi vard\u0131r: Kendini etkin yapacak g\u00fc\u00e7ten yoksundur.Bu a\u00e7\u0131dan bak\u0131ld\u0131\u011f\u0131nda sosyal ve iktidar ya\u015famda, s\u0131n\u0131fsal olgunun Bat\u0131daki gibi berrak bi\u00e7imde geli\u015fip serpilmedi\u011fi Osmanl\u0131 toplumunda g\u00f6r\u00fclen iktisat ili\u015fkilerinin, ayd\u0131n s\u0131n\u0131f\u0131n\u0131n olu\u015fuma zemin haz\u0131rlayan burjuva s\u0131n\u0131f\u0131n\u0131n tam anlam\u0131yla geli\u015fip serpilmesine m\u00fcsaade etmedi\u011fini g\u00f6r\u00fcyoruz. Bu durum elbette sonraki d\u00f6nemleri derinden etkilemi\u015f, gariptir ki s\u0131n\u0131fs\u0131z bir toplum s\u00f6ylemi bile iktidar odakl\u0131 ayd\u0131nlar\u0131n tekrar ede geldi\u011fi bir kal\u0131p d\u00fc\u015f\u00fcnce olmu\u015ftur.Bu kitap Me\u015frutiyet\u2019ten Cumhuriyet\u2019e uzanan en \u00f6nemli tarihsel kesitin belirli ayd\u0131nlar \u00fczerindeki etkisini tespit ediyor. K\u00fclt\u00fcr ve d\u00fc\u015f\u00fcnce hayat\u0131nda ve siyasal alanda \u00f6nemli de\u011fi\u015fim ve d\u00f6n\u00fc\u015f\u00fcmlerin ya\u015fand\u0131\u011f\u0131 bu tarihsel d\u00f6nem, ayd\u0131nlar\u0131n\u0131n d\u00fc\u015f\u00fcnce d\u00fcnyas\u0131n\u0131n derinlerinde ya\u015fanan izlerini eserlerinde izleyerek anlamland\u0131r\u0131yor.Mustafa Oral\u2019\u0131n yaz\u0131lar\u0131 Me\u015frutiyet\u2019ten Cumhuriyet\u2019e uzanan b\u00fcy\u00fck de\u011fi\u015fim ve d\u00f6n\u00fc\u015f\u00fcm s\u00fcrecinin sanc\u0131l\u0131 g\u00fcnlerini ya\u015fam\u0131\u015f bir ku\u015fa\u011f\u0131n ayd\u0131nlar\u0131n\u0131 mercek alt\u0131na al\u0131yor.Ahmet Hamdi Tanp\u0131nar, Falih R\u0131fk\u0131 Atay, Faruk Nafiz \u00c7aml\u0131bel, Halide Edip Ad\u0131var, \u0130smail Habip Sev\u00fck, M. Fuad K\u00f6pr\u00fcl\u00fc, M\u00fckrimin Halil Yinan\u00e7, O\u011fuz Tansel, Tuncer Baykara, Yakup Kadri Karaosmano\u011flu, Zeki Velidi Togan, Ziya G\u00f6kalpMustafa Oral1971 Burdur\/Bucak do\u011fumlu. Lisans ve y\u00fcksek lisans e\u011fitimini Ankara \u00dcniversitesi Dil ve Tarih-Co\u011frafya Fak\u00fcltesi (DTCF) Tarih B\u00f6l\u00fcm\u00fc\u2019nde, doktora e\u011fitimini Ankara \u00dcniversitesi T\u00fcrk \u0130nk\u0131lap Tarihi Enstit\u00fcs\u00fc\u2019nde tamamlad\u0131. Ekim 2003\u2019te Akdeniz \u00dcniversitesi Edebiyat Fak\u00fcltesi Tarih B\u00f6l\u00fcm\u00fc\u2019ne Yard.Do\u00e7.Dr. olarak atand\u0131. Ekim 2006\u2019da Do\u00e7. Dr. unvan\u0131n\u0131, \u015eubat 2014\u2019te Prof. Dr. unvan\u0131n\u0131 ald\u0131. Halen Giresun \u00dcniversitesi Fen-Edebiyat Fak\u00fcltesi hocas\u0131d\u0131r. Lisans ve lisans\u00fcst\u00fc d\u00fczeyde 20. Y\u00fczy\u0131l T\u00fcrkiyesi k\u00fclt\u00fcr ve d\u00fc\u015f\u00fcnce hayat\u0131 ile tarihte y\u00f6ntem ve tarih anlay\u0131\u015f\u0131 konular\u0131nda ara\u015ft\u0131rmalar yap\u0131yor ve dersler veriyor. KIBATEK T\u00fcrkiye kurucu \u00fcyesidir. T\u00fcrkiye\u2019de Romantik Tarih\u00e7ilik (Ankara, Asil, 2006; 2. Bask\u0131 \u0130stanbul, Yeni \u0130nsan Yay\u0131nevi, 2014), CHP\u2019nin \u00dclk\u00fcs\u00fc (Antalya, 2006), Akdeniz\u2019in Diliyle Antalya Tarihinden Sayfalar (2008), Antalya \u0130skele Hamallar\u0131 (2009), T\u00fcrk Ulusunun\u0130n\u015fas\u0131: Ortak Tarih S\u00f6ylemi (2015), Kemalist Cumhuriyetin \u0130n\u015fas\u0131 (Yeni \u0130nsan Yay\u0131nevi, 2016), Resimli Adalya Kitab\u0131 (Berikan, 2016) ba\u015fl\u0131kl\u0131 kitaplar\u0131 ile \u00e7ok say\u0131da yay\u0131nlanm\u0131\u015f makale ve bildirisi vard\u0131r. <\/p>\n","protected":false},"excerpt":{"rendered":"<p>Bu topraklarda ayd\u0131n muhiti, okumu\u015f adam olarak kabul edilir ve devletin memuru say\u0131l\u0131r. Memur olan ise \u201ckul\u2019dur&#8221;. Ayd\u0131n, muhafazakar \u00f6nderin veya h\u00fck\u00fcmetin kulu, memuru haline geldi\u011fi<span class=\"excerpt-hellip\"> [\u2026]<\/span><\/p>\n","protected":false},"featured_media":0,"template":"","meta":{"_monsterinsights_skip_tracking":false,"_monsterinsights_sitenote_active":false,"_monsterinsights_sitenote_note":"","_monsterinsights_sitenote_category":0},"product_brand":[],"product_cat":[13590,12337],"product_tag":[],"class_list":{"0":"post-709624","1":"product","2":"type-product","3":"status-publish","5":"product_cat-arastirma-inceleme-politika-siyaset","6":"product_cat-politika-siyaset","7":"pa_cilt-ciltsiz","8":"pa_tur-kitap","9":"pa_yayinevi-yeni-insan-yayinlari","10":"pa_yazar-mustafa-oral","12":"first","13":"instock","14":"sale","15":"shipping-taxable","16":"purchasable","17":"product-type-simple"},"_links":{"self":[{"href":"https:\/\/roveyayinevi.com.tr\/index.php\/wp-json\/wp\/v2\/product\/709624","targetHints":{"allow":["GET"]}}],"collection":[{"href":"https:\/\/roveyayinevi.com.tr\/index.php\/wp-json\/wp\/v2\/product"}],"about":[{"href":"https:\/\/roveyayinevi.com.tr\/index.php\/wp-json\/wp\/v2\/types\/product"}],"wp:attachment":[{"href":"https:\/\/roveyayinevi.com.tr\/index.php\/wp-json\/wp\/v2\/media?parent=709624"}],"wp:term":[{"taxonomy":"product_brand","embeddable":true,"href":"https:\/\/roveyayinevi.com.tr\/index.php\/wp-json\/wp\/v2\/product_brand?post=709624"},{"taxonomy":"product_cat","embeddable":true,"href":"https:\/\/roveyayinevi.com.tr\/index.php\/wp-json\/wp\/v2\/product_cat?post=709624"},{"taxonomy":"product_tag","embeddable":true,"href":"https:\/\/roveyayinevi.com.tr\/index.php\/wp-json\/wp\/v2\/product_tag?post=709624"}],"curies":[{"name":"wp","href":"https:\/\/api.w.org\/{rel}","templated":true}]}}