{"id":709623,"date":"2025-08-27T16:26:59","date_gmt":"2025-08-27T13:26:59","guid":{"rendered":"https:\/\/roveyayinevi.com.tr\/index.php\/urun\/gonullu-bekci-mia-4\/"},"modified":"2026-04-16T02:18:09","modified_gmt":"2026-04-15T23:18:09","slug":"gonullu-bekci-mia-4","status":"publish","type":"product","link":"https:\/\/roveyayinevi.com.tr\/index.php\/urun\/gonullu-bekci-mia-4\/","title":{"rendered":"G\u00f6n\u00fcll\u00fc Bek\u00e7i &#8211; Mia 4"},"content":{"rendered":"<p>Manisa, Soma\u2019da d\u00fcnyaya geldi. Edirne K\u0131z \u00d6\u011fretmen Okulundan mezun oldu. \u0130stanbul \u00dcniversitesi Edebiyat Fak\u00fcltesini bitirdi. H\u00fcsnan \u015eeker, \u00e7ocuklar i\u00e7in \u00fc\u00e7 kitap yazd\u0131. \u0130lk kitab\u0131 Ayr\u0131 D\u00fcnyalar 2006 Gen\u00e7lik Roman\u0131 Yar\u0131\u015fmas\u0131\u2019nda J\u00fcri \u00d6zel \u00d6d\u00fcl\u00fc\u2019ne de\u011fer g\u00f6r\u00fcld\u00fc. \u00d6yk\u00fclerden olu\u015fan ikinci kitab\u0131 Kurtar\u0131c\u0131 Melek 2006 Mizah \u00d6yk\u00fcleri Yar\u0131\u015fmas\u0131\u2019nda yay\u0131mlanabilir tek eser se\u00e7ildi. \u00dc\u00e7\u00fcnc\u00fc kitab\u0131 \u00d6yk\u00fclere Gizlenen \u00c7ocuklar 2008 R\u0131fat Ilgaz \u00c7ocuk Edebiyat\u0131 \u00d6yk\u00fc Yar\u0131\u015fmas\u0131\u2019n\u0131 kazand\u0131. Kay\u0131p Anne isimli radyo tiyatrosu, TRT 1\u2019de yay\u0131mland\u0131. \u00d6yk\u00fc ve romanlar d\u0131\u015f\u0131nda senaryo ve radyo oyunlar\u0131 da yaz\u0131yor. <\/p>\n","protected":false},"excerpt":{"rendered":"<p>Manisa, Soma\u2019da d\u00fcnyaya geldi. Edirne K\u0131z \u00d6\u011fretmen Okulundan mezun oldu. \u0130stanbul \u00dcniversitesi Edebiyat Fak\u00fcltesini bitirdi. H\u00fcsnan \u015eeker, \u00e7ocuklar i\u00e7in \u00fc\u00e7 kitap yazd\u0131. \u0130lk kitab\u0131 Ayr\u0131 D\u00fcnyalar<span class=\"excerpt-hellip\"> [\u2026]<\/span><\/p>\n","protected":false},"featured_media":0,"template":"","meta":{"_monsterinsights_skip_tracking":false,"_monsterinsights_sitenote_active":false,"_monsterinsights_sitenote_note":"","_monsterinsights_sitenote_category":0},"product_brand":[],"product_cat":[12274,12284],"product_tag":[],"class_list":{"0":"post-709623","1":"product","2":"type-product","3":"status-publish","5":"product_cat-cocuk-ve-genclik-kitaplari","6":"product_cat-hikayeler","7":"pa_cilt-ciltsiz","8":"pa_tur-kitap","9":"pa_yayinevi-altin-kitaplar","10":"pa_yazar-husnan-seker","12":"first","13":"instock","14":"sale","15":"shipping-taxable","16":"purchasable","17":"product-type-simple"},"_links":{"self":[{"href":"https:\/\/roveyayinevi.com.tr\/index.php\/wp-json\/wp\/v2\/product\/709623","targetHints":{"allow":["GET"]}}],"collection":[{"href":"https:\/\/roveyayinevi.com.tr\/index.php\/wp-json\/wp\/v2\/product"}],"about":[{"href":"https:\/\/roveyayinevi.com.tr\/index.php\/wp-json\/wp\/v2\/types\/product"}],"wp:attachment":[{"href":"https:\/\/roveyayinevi.com.tr\/index.php\/wp-json\/wp\/v2\/media?parent=709623"}],"wp:term":[{"taxonomy":"product_brand","embeddable":true,"href":"https:\/\/roveyayinevi.com.tr\/index.php\/wp-json\/wp\/v2\/product_brand?post=709623"},{"taxonomy":"product_cat","embeddable":true,"href":"https:\/\/roveyayinevi.com.tr\/index.php\/wp-json\/wp\/v2\/product_cat?post=709623"},{"taxonomy":"product_tag","embeddable":true,"href":"https:\/\/roveyayinevi.com.tr\/index.php\/wp-json\/wp\/v2\/product_tag?post=709623"}],"curies":[{"name":"wp","href":"https:\/\/api.w.org\/{rel}","templated":true}]}}