{"id":709621,"date":"2025-08-27T16:26:58","date_gmt":"2025-08-27T13:26:58","guid":{"rendered":"https:\/\/roveyayinevi.com.tr\/index.php\/urun\/johan-cruyff-benim-oyunum\/"},"modified":"2026-04-16T02:18:09","modified_gmt":"2026-04-15T23:18:09","slug":"johan-cruyff-benim-oyunum","status":"publish","type":"product","link":"https:\/\/roveyayinevi.com.tr\/index.php\/urun\/johan-cruyff-benim-oyunum\/","title":{"rendered":"Johan Cruyff: Benim Oyunum"},"content":{"rendered":"<p>\u201c\u0130stese sahadaki her pozisyonun en iyi oyuncusu olabilirdi.\u201dERIC CANTONA\u201cCruyff\u2019\u00fc tan\u0131madan \u00f6nce futbol hakk\u0131nda hi\u00e7bir \u015fey bilmiyordum.\u201dPEP GUARDIOLA\u201cCruyff g\u00fczel oyunu daha da g\u00fczelle\u015ftirmek i\u00e7in herkesten daha faz-las\u0131n\u0131 yapt\u0131.\u201dGARY LINEKER\u201cTop her aya\u011f\u0131na geldi\u011finde heyecanland\u0131\u011f\u0131n\u0131z o muhte\u015fem futbol-culardan biriydi.\u201dBOBBY CHARLTONJohan Cruyyf\u2019\u00fcn gelmi\u015f ge\u00e7mi\u015f en b\u00fcy\u00fck futbolcu olup olmad\u0131\u011f\u0131n\u0131 tart\u0131\u015fabiliriz ama futbolun do\u011fas\u0131n\u0131 tek ba\u015f\u0131na en fazla de\u011fi\u015ftiren oyuncu oldu\u011fu su g\u00f6t\u00fcrmez bir ger\u00e7ektir. Gerek sahada gerek ke-narda, Cruyff futbolun \u00f6d\u00fcn vermeyen dehas\u0131yd\u0131. Onun futbol g\u00f6-r\u00fc\u015f\u00fc \u2013Total Futbol\u2013 oyunun oynan\u0131\u015f\u0131n\u0131 ba\u015ftan a\u015fa\u011f\u0131 de\u011fi\u015ftirdi. Ka-zanmak kadar seyir zevkine de inan\u0131yordu. Ajax ve Barcelona\u2019da yer-le\u015ftirdi\u011fi tarz\u0131n g\u00f6z kama\u015ft\u0131ran ak\u0131c\u0131l\u0131\u011f\u0131, d\u00fcnyan\u0131n en be\u011fenilen ta-k\u0131mlar\u0131n\u0131n oyun tarzlar\u0131n\u0131n temeline d\u00f6n\u00fc\u015ft\u00fc.Yay\u0131mland\u0131\u011f\u0131 pek \u00e7ok \u00fclkede \u00e7oksatanlar listelerine giren BEN\u0130M OYUNUM\u2019da Cruyff, Amsterdam\u2019\u0131n beton sokaklar\u0131nda ba\u015flayan hik\u00e2yesini, oyununu tan\u0131mlayan ve ard\u0131ndan gelen futbolcu ve \u00e7al\u0131\u015f-t\u0131r\u0131c\u0131 nesillerine damga vuran felsefeyi payla\u015f\u0131yor; neredeyse futbolu kadar ak\u0131c\u0131 bir dil ve etkileyici bir d\u00fcr\u00fcstl\u00fckle. <\/p>\n","protected":false},"excerpt":{"rendered":"<p>\u201c\u0130stese sahadaki her pozisyonun en iyi oyuncusu olabilirdi.\u201dERIC CANTONA\u201cCruyff\u2019\u00fc tan\u0131madan \u00f6nce futbol hakk\u0131nda hi\u00e7bir \u015fey bilmiyordum.\u201dPEP GUARDIOLA\u201cCruyff g\u00fczel oyunu daha da g\u00fczelle\u015ftirmek i\u00e7in herkesten daha faz-las\u0131n\u0131<span class=\"excerpt-hellip\"> [\u2026]<\/span><\/p>\n","protected":false},"featured_media":0,"template":"","meta":{"_monsterinsights_skip_tracking":false,"_monsterinsights_sitenote_active":false,"_monsterinsights_sitenote_note":"","_monsterinsights_sitenote_category":0},"product_brand":[],"product_cat":[14009,12291],"product_tag":[],"class_list":{"0":"post-709621","1":"product","2":"type-product","3":"status-publish","5":"product_cat-biyografi-otobiyografi-edebiyat","6":"product_cat-edebiyat","7":"pa_cilt-ciltsiz","8":"pa_tur-kitap","9":"pa_yayinevi-domingo-yayinevi","10":"pa_yazar-johan-cruyff","12":"first","13":"instock","14":"sale","15":"shipping-taxable","16":"purchasable","17":"product-type-simple"},"_links":{"self":[{"href":"https:\/\/roveyayinevi.com.tr\/index.php\/wp-json\/wp\/v2\/product\/709621","targetHints":{"allow":["GET"]}}],"collection":[{"href":"https:\/\/roveyayinevi.com.tr\/index.php\/wp-json\/wp\/v2\/product"}],"about":[{"href":"https:\/\/roveyayinevi.com.tr\/index.php\/wp-json\/wp\/v2\/types\/product"}],"wp:attachment":[{"href":"https:\/\/roveyayinevi.com.tr\/index.php\/wp-json\/wp\/v2\/media?parent=709621"}],"wp:term":[{"taxonomy":"product_brand","embeddable":true,"href":"https:\/\/roveyayinevi.com.tr\/index.php\/wp-json\/wp\/v2\/product_brand?post=709621"},{"taxonomy":"product_cat","embeddable":true,"href":"https:\/\/roveyayinevi.com.tr\/index.php\/wp-json\/wp\/v2\/product_cat?post=709621"},{"taxonomy":"product_tag","embeddable":true,"href":"https:\/\/roveyayinevi.com.tr\/index.php\/wp-json\/wp\/v2\/product_tag?post=709621"}],"curies":[{"name":"wp","href":"https:\/\/api.w.org\/{rel}","templated":true}]}}