{"id":709619,"date":"2025-08-27T16:26:57","date_gmt":"2025-08-27T13:26:57","guid":{"rendered":"https:\/\/roveyayinevi.com.tr\/index.php\/urun\/yabancilarin-gozuyle-bizans-istanbulu\/"},"modified":"2026-04-16T02:18:09","modified_gmt":"2026-04-15T23:18:09","slug":"yabancilarin-gozuyle-bizans-istanbulu","status":"publish","type":"product","link":"https:\/\/roveyayinevi.com.tr\/index.php\/urun\/yabancilarin-gozuyle-bizans-istanbulu\/","title":{"rendered":"Yabanc\u0131lar\u0131n G\u00f6z\u00fcyle Bizans \u0130stanbulu"},"content":{"rendered":"<p>\u015eairlerin g\u00fczelli\u011fini anlatmak i\u00e7in yeterli kelime bulamad\u0131\u011f\u0131, tek ta\u015f\u0131na bile b\u00fct\u00fcn Acem m\u00fclk\u00fcn\u00fc feda ettikleri medeniyetler \u015fehri \u0130stanbul. \u015e\u00fcphesiz her d\u00f6nemde oldu\u011fu gibi Bizans ya da bir ba\u015fka de\u011fimle Do\u011fu Roma \u0130mparatorlu\u011fu\u2019nun h\u00fck\u00fcm s\u00fcrd\u00fc\u011f\u00fc y\u0131llarda da bir\u00e7ok sebeple \u0130stanbul\u2019a gelen yabanc\u0131lar vard\u0131r. Fetihten \u00f6nce \u00e7e\u015fitli \u00fclkelerden de\u011fi\u015fik sebeplerle buraya gelen veya ba\u015fkalar\u0131ndan \u00f6\u011frendiklerini yazan seyyah ve yazarlar\u0131n g\u00fcn\u00fcm\u00fcze kadar ula\u015fabilen hat\u0131ralar\u0131 Orta\u00e7a\u011f d\u00fcnyas\u0131n\u0131n bu \u00f6nemli \u015fehrinin g\u00f6r\u00fcn\u00fcm\u00fcn\u00fc bir dereceye kadar tan\u0131tmaktad\u0131r. 1996 y\u0131l\u0131nda ba\u015flayan bu \u00e7al\u0131\u015fma ile Bizans d\u00f6neminde \u0130stanbul\u2019a gelen Hac\u0131lar, Ha\u00e7l\u0131 askerleri, seyyahlar ve el\u00e7ilerin tarihe tan\u0131kl\u0131klar\u0131 e\u015fli\u011finde 1453\u2019den \u00f6nceki Konstantinopolis\u2019e \u0131\u015f\u0131k tutulmaktad\u0131r. <\/p>\n","protected":false},"excerpt":{"rendered":"<p>\u015eairlerin g\u00fczelli\u011fini anlatmak i\u00e7in yeterli kelime bulamad\u0131\u011f\u0131, tek ta\u015f\u0131na bile b\u00fct\u00fcn Acem m\u00fclk\u00fcn\u00fc feda ettikleri medeniyetler \u015fehri \u0130stanbul. \u015e\u00fcphesiz her d\u00f6nemde oldu\u011fu gibi Bizans ya da<span class=\"excerpt-hellip\"> [\u2026]<\/span><\/p>\n","protected":false},"featured_media":0,"template":"","meta":{"_monsterinsights_skip_tracking":false,"_monsterinsights_sitenote_active":false,"_monsterinsights_sitenote_note":"","_monsterinsights_sitenote_category":0},"product_brand":[],"product_cat":[13072,12291],"product_tag":[],"class_list":{"0":"post-709619","1":"product","2":"type-product","3":"status-publish","5":"product_cat-arastirma-inceleme-referans","6":"product_cat-edebiyat","7":"pa_cilt-ciltsiz","8":"pa_tur-kitap","9":"pa_yayinevi-yeditepe-yayinevi","10":"pa_yazar-semavi-eyice","12":"first","13":"instock","14":"sale","15":"shipping-taxable","16":"purchasable","17":"product-type-simple"},"_links":{"self":[{"href":"https:\/\/roveyayinevi.com.tr\/index.php\/wp-json\/wp\/v2\/product\/709619","targetHints":{"allow":["GET"]}}],"collection":[{"href":"https:\/\/roveyayinevi.com.tr\/index.php\/wp-json\/wp\/v2\/product"}],"about":[{"href":"https:\/\/roveyayinevi.com.tr\/index.php\/wp-json\/wp\/v2\/types\/product"}],"wp:attachment":[{"href":"https:\/\/roveyayinevi.com.tr\/index.php\/wp-json\/wp\/v2\/media?parent=709619"}],"wp:term":[{"taxonomy":"product_brand","embeddable":true,"href":"https:\/\/roveyayinevi.com.tr\/index.php\/wp-json\/wp\/v2\/product_brand?post=709619"},{"taxonomy":"product_cat","embeddable":true,"href":"https:\/\/roveyayinevi.com.tr\/index.php\/wp-json\/wp\/v2\/product_cat?post=709619"},{"taxonomy":"product_tag","embeddable":true,"href":"https:\/\/roveyayinevi.com.tr\/index.php\/wp-json\/wp\/v2\/product_tag?post=709619"}],"curies":[{"name":"wp","href":"https:\/\/api.w.org\/{rel}","templated":true}]}}