{"id":709618,"date":"2025-08-27T16:26:57","date_gmt":"2025-08-27T13:26:57","guid":{"rendered":"https:\/\/roveyayinevi.com.tr\/index.php\/urun\/kediniz-konusuyor\/"},"modified":"2025-11-10T04:18:19","modified_gmt":"2025-11-10T01:18:19","slug":"kediniz-konusuyor","status":"publish","type":"product","link":"https:\/\/roveyayinevi.com.tr\/index.php\/urun\/kediniz-konusuyor\/","title":{"rendered":"Kediniz Konu\u015fuyor"},"content":{"rendered":"<p>Bedensel hastal\u0131klar\u0131n en \u00f6nemli nedeninin duygusal rahats\u0131zl\u0131k ve stres oldu\u011funa dikkat \u00e7eken Dr. G\u00fclay Kabasakal Ert\u00fcrk, kedilerin i\u00e7g\u00fcd\u00fcsel ve fizyolojik davran\u0131\u015f \u00f6zelliklerine de\u011findi\u011fi bu \u00e7al\u0131\u015fmada, mutlu ve sa\u011fl\u0131kl\u0131 kedi bak\u0131m\u0131n\u0131n ipu\u00e7lar\u0131n\u0131 vermektedir. \ufffcTan\u0131t\u0131m Metni<\/p>\n","protected":false},"excerpt":{"rendered":"<p>Bedensel hastal\u0131klar\u0131n en \u00f6nemli nedeninin duygusal rahats\u0131zl\u0131k ve stres oldu\u011funa dikkat \u00e7eken Dr. G\u00fclay Kabasakal Ert\u00fcrk, kedilerin i\u00e7g\u00fcd\u00fcsel ve fizyolojik davran\u0131\u015f \u00f6zelliklerine de\u011findi\u011fi bu \u00e7al\u0131\u015fmada, mutlu<span class=\"excerpt-hellip\"> [\u2026]<\/span><\/p>\n","protected":false},"featured_media":0,"template":"","meta":{"_monsterinsights_skip_tracking":false,"_monsterinsights_sitenote_active":false,"_monsterinsights_sitenote_note":"","_monsterinsights_sitenote_category":0},"product_brand":[],"product_cat":[12364],"product_tag":[],"class_list":{"0":"post-709618","1":"product","2":"type-product","3":"status-publish","5":"product_cat-genel-konular","6":"pa_cilt-ciltsiz","7":"pa_tur-kitap","8":"pa_yayinevi-active-yayinevi","9":"pa_yazar-gulay-kabasakal-erturk","11":"first","12":"instock","13":"sale","14":"shipping-taxable","15":"purchasable","16":"product-type-simple"},"_links":{"self":[{"href":"https:\/\/roveyayinevi.com.tr\/index.php\/wp-json\/wp\/v2\/product\/709618","targetHints":{"allow":["GET"]}}],"collection":[{"href":"https:\/\/roveyayinevi.com.tr\/index.php\/wp-json\/wp\/v2\/product"}],"about":[{"href":"https:\/\/roveyayinevi.com.tr\/index.php\/wp-json\/wp\/v2\/types\/product"}],"wp:attachment":[{"href":"https:\/\/roveyayinevi.com.tr\/index.php\/wp-json\/wp\/v2\/media?parent=709618"}],"wp:term":[{"taxonomy":"product_brand","embeddable":true,"href":"https:\/\/roveyayinevi.com.tr\/index.php\/wp-json\/wp\/v2\/product_brand?post=709618"},{"taxonomy":"product_cat","embeddable":true,"href":"https:\/\/roveyayinevi.com.tr\/index.php\/wp-json\/wp\/v2\/product_cat?post=709618"},{"taxonomy":"product_tag","embeddable":true,"href":"https:\/\/roveyayinevi.com.tr\/index.php\/wp-json\/wp\/v2\/product_tag?post=709618"}],"curies":[{"name":"wp","href":"https:\/\/api.w.org\/{rel}","templated":true}]}}