{"id":709615,"date":"2025-08-27T16:26:55","date_gmt":"2025-08-27T13:26:55","guid":{"rendered":"https:\/\/roveyayinevi.com.tr\/index.php\/urun\/kutsal-ve-kutsal-disi\/"},"modified":"2025-11-20T04:15:37","modified_gmt":"2025-11-20T01:15:37","slug":"kutsal-ve-kutsal-disi","status":"publish","type":"product","link":"https:\/\/roveyayinevi.com.tr\/index.php\/urun\/kutsal-ve-kutsal-disi\/","title":{"rendered":"Kutsal ve Kutsal-D\u0131\u015f\u0131"},"content":{"rendered":"<p>Eliade\u2019ye g\u00f6re, b\u00fct\u00fcn\u00fcyle kutsal-d\u0131\u015f\u0131 bir d\u00fcnyada ya\u015fad\u0131\u011f\u0131n\u0131 iddia eden g\u00fcn\u00fcm\u00fcz insanlar\u0131 bile, h\u00e2l\u00e2 bilin\u00e7d\u0131\u015f\u0131 bir \u015fekilde kutsal\u0131n belle\u011finden beslenmektedir. Eliade elinizdeki kitapta ilkel insandan modern zamanlara dek kutsal\u0131n uzamda, zamanda, do\u011fada ve kozmostaki tezah\u00fcrlerinin izini s\u00fcr\u00fcyor. Bunu yaparken de dinsel insan ile dinsel-olmayan insan\u0131n b\u00fct\u00fcn insani deneyimlerini kar\u015f\u0131la\u015ft\u0131r\u0131yor. Kutsal ve Kutsal-d\u0131\u015f\u0131, dinler tarihine m\u00fckemmel bir giri\u015f kitab\u0131 olmas\u0131n\u0131n yan\u0131 s\u0131ra felsefi antropoloji, fenomenoloji ve psikolojiyi de ku\u015fat\u0131yor. \u0130nsan varolu\u015funun potensiyel boyutlar\u0131n\u0131 ke\u015ffetmek isteyen herkes okumal\u0131. \u201c\u0130nsano\u011flunun dinsel hayat\u0131na heyecan verici bir giri\u015f.\u201d\u2014Journal of Religion <\/p>\n","protected":false},"excerpt":{"rendered":"<p>Eliade\u2019ye g\u00f6re, b\u00fct\u00fcn\u00fcyle kutsal-d\u0131\u015f\u0131 bir d\u00fcnyada ya\u015fad\u0131\u011f\u0131n\u0131 iddia eden g\u00fcn\u00fcm\u00fcz insanlar\u0131 bile, h\u00e2l\u00e2 bilin\u00e7d\u0131\u015f\u0131 bir \u015fekilde kutsal\u0131n belle\u011finden beslenmektedir. Eliade elinizdeki kitapta ilkel insandan modern zamanlara<span class=\"excerpt-hellip\"> [\u2026]<\/span><\/p>\n","protected":false},"featured_media":0,"template":"","meta":{"_monsterinsights_skip_tracking":false,"_monsterinsights_sitenote_active":false,"_monsterinsights_sitenote_note":"","_monsterinsights_sitenote_category":0},"product_brand":[],"product_cat":[12718,12858],"product_tag":[],"class_list":{"0":"post-709615","1":"product","2":"type-product","3":"status-publish","5":"product_cat-din","6":"product_cat-mitolojiler","7":"pa_cilt-ciltsiz","8":"pa_tur-kitap","9":"pa_yayinevi-alfa-yayinlari","10":"pa_yazar-mircea-eliade","12":"first","13":"instock","14":"sale","15":"shipping-taxable","16":"purchasable","17":"product-type-simple"},"_links":{"self":[{"href":"https:\/\/roveyayinevi.com.tr\/index.php\/wp-json\/wp\/v2\/product\/709615","targetHints":{"allow":["GET"]}}],"collection":[{"href":"https:\/\/roveyayinevi.com.tr\/index.php\/wp-json\/wp\/v2\/product"}],"about":[{"href":"https:\/\/roveyayinevi.com.tr\/index.php\/wp-json\/wp\/v2\/types\/product"}],"wp:attachment":[{"href":"https:\/\/roveyayinevi.com.tr\/index.php\/wp-json\/wp\/v2\/media?parent=709615"}],"wp:term":[{"taxonomy":"product_brand","embeddable":true,"href":"https:\/\/roveyayinevi.com.tr\/index.php\/wp-json\/wp\/v2\/product_brand?post=709615"},{"taxonomy":"product_cat","embeddable":true,"href":"https:\/\/roveyayinevi.com.tr\/index.php\/wp-json\/wp\/v2\/product_cat?post=709615"},{"taxonomy":"product_tag","embeddable":true,"href":"https:\/\/roveyayinevi.com.tr\/index.php\/wp-json\/wp\/v2\/product_tag?post=709615"}],"curies":[{"name":"wp","href":"https:\/\/api.w.org\/{rel}","templated":true}]}}