{"id":709613,"date":"2025-08-27T16:26:54","date_gmt":"2025-08-27T13:26:54","guid":{"rendered":"https:\/\/roveyayinevi.com.tr\/index.php\/urun\/rabita\/"},"modified":"2026-04-16T02:18:09","modified_gmt":"2026-04-15T23:18:09","slug":"rabita","status":"publish","type":"product","link":"https:\/\/roveyayinevi.com.tr\/index.php\/urun\/rabita\/","title":{"rendered":"Rab\u0131ta"},"content":{"rendered":"<p>12 Eyl\u00fcl 1980 darbesinin s\u00f6zde &#8220;Atat\u00fcrk\u00e7\u00fc&#8221; generalleri, yeterli fdin hizmeti verilemedi\u011finden, \u015feriat\u00e7\u0131 tarikatlar\u0131n, cematlerin eline d\u00fc\u015ft\u00fc\u011f\u00fcne inand\u0131klar\u0131 Avrupa&#8217;daki T\u00fcrklere,Diyanet i\u015fleri&#8217;nin &#8220;memur&#8221; imamlar\u0131n\u0131 g\u00f6ndermek ister ama d\u00f6viz yoktur! Gizli bir anla\u015fmayla, imam maa\u015flar\u0131n\u0131n, Suudi Arabistan&#8217;\u0131n, yine \u015feriat\u00e7\u0131 Rab\u0131tat\u00fcl Alem\u00fcl \u0130slam (D\u00fcnya \u0130slam Birli\u011fi ) \u00f6rg\u00fct\u00fcnce &#8220;kar\u015f\u0131l\u0131ks\u0131z&#8221; \u00f6denmesi sa\u011flan\u0131r! Gizli Kararname, hepsi de Atat\u00fcrk\u00e7\u00fcl\u00fck iddias\u0131ndaki devlet ba\u015fkan\u0131 general Kenan Evren, ba\u015fbakan amiral B\u00fclend Ulusu ve bakanlarca imzalanm\u0131\u015ft\u0131r. 1980 \u00f6ncesinde Demirel ve Ecevit H\u00fck\u00fcmetleri de bu y\u00f6ntemi kullanm\u0131\u015ft\u0131r. Bu kirli \u00e7ama\u015f\u0131rlar\u0131 sergiledi\u011fi i\u00e7in \u00f6ld\u00fcr\u00fclen U\u011fur Mumcu, Rab\u0131ta&#8217;n\u0131n sonunda, Meclisi bombalanm\u0131\u015f 2016 T\u00fcrkiye tablosu i\u00e7in 30 y\u0131 i\u00e7in \u015f\u00f6yle \u0131uyarm\u0131\u015f: &#8220;Din ve inan\u00e7 \u00f6zg\u00fcrl\u00fc\u011f\u00fcn\u00fcn en sa\u011flam g\u00fcvencesi, laikliktir. Siyasal ama\u00e7l\u0131 dinsel ak\u0131mlar\u0131n devlete egemen olmas\u0131n\u0131 \u00f6nlemek i\u00e7in getirilen nu ilkenin ne kadar \u00f6nemli ve vazge\u00e7ilmez oldu\u011funu, her g\u00fcn ya\u015fad\u0131\u011f\u0131m\u0131z olaylarla \u00e7ok daha iyi anl\u0131yoruz. <\/p>\n","protected":false},"excerpt":{"rendered":"<p>12 Eyl\u00fcl 1980 darbesinin s\u00f6zde &#8220;Atat\u00fcrk\u00e7\u00fc&#8221; generalleri, yeterli fdin hizmeti verilemedi\u011finden, \u015feriat\u00e7\u0131 tarikatlar\u0131n, cematlerin eline d\u00fc\u015ft\u00fc\u011f\u00fcne inand\u0131klar\u0131 Avrupa&#8217;daki T\u00fcrklere,Diyanet i\u015fleri&#8217;nin &#8220;memur&#8221; imamlar\u0131n\u0131 g\u00f6ndermek ister ama d\u00f6viz<span class=\"excerpt-hellip\"> [\u2026]<\/span><\/p>\n","protected":false},"featured_media":0,"template":"","meta":{"_monsterinsights_skip_tracking":false,"_monsterinsights_sitenote_active":false,"_monsterinsights_sitenote_note":"","_monsterinsights_sitenote_category":0},"product_brand":[],"product_cat":[12337,14543],"product_tag":[],"class_list":{"0":"post-709613","1":"product","2":"type-product","3":"status-publish","5":"product_cat-politika-siyaset","6":"product_cat-turkiye-siyaseti-ve-politikasi","7":"pa_cilt-ciltsiz","8":"pa_tur-kitap","9":"pa_yayinevi-umag-yayinevi","10":"pa_yazar-ugur-mumcu","12":"first","13":"instock","14":"sale","15":"shipping-taxable","16":"purchasable","17":"product-type-simple"},"_links":{"self":[{"href":"https:\/\/roveyayinevi.com.tr\/index.php\/wp-json\/wp\/v2\/product\/709613","targetHints":{"allow":["GET"]}}],"collection":[{"href":"https:\/\/roveyayinevi.com.tr\/index.php\/wp-json\/wp\/v2\/product"}],"about":[{"href":"https:\/\/roveyayinevi.com.tr\/index.php\/wp-json\/wp\/v2\/types\/product"}],"wp:attachment":[{"href":"https:\/\/roveyayinevi.com.tr\/index.php\/wp-json\/wp\/v2\/media?parent=709613"}],"wp:term":[{"taxonomy":"product_brand","embeddable":true,"href":"https:\/\/roveyayinevi.com.tr\/index.php\/wp-json\/wp\/v2\/product_brand?post=709613"},{"taxonomy":"product_cat","embeddable":true,"href":"https:\/\/roveyayinevi.com.tr\/index.php\/wp-json\/wp\/v2\/product_cat?post=709613"},{"taxonomy":"product_tag","embeddable":true,"href":"https:\/\/roveyayinevi.com.tr\/index.php\/wp-json\/wp\/v2\/product_tag?post=709613"}],"curies":[{"name":"wp","href":"https:\/\/api.w.org\/{rel}","templated":true}]}}