{"id":709610,"date":"2025-08-27T16:26:53","date_gmt":"2025-08-27T13:26:53","guid":{"rendered":"https:\/\/roveyayinevi.com.tr\/index.php\/urun\/kazim-karabekir-anlatiyor\/"},"modified":"2026-04-16T02:18:09","modified_gmt":"2026-04-15T23:18:09","slug":"kazim-karabekir-anlatiyor","status":"publish","type":"product","link":"https:\/\/roveyayinevi.com.tr\/index.php\/urun\/kazim-karabekir-anlatiyor\/","title":{"rendered":"Kaz\u0131m Karabekir Anlat\u0131yor"},"content":{"rendered":"<p>Karabekir&#8217;e g\u00f6re Atat\u00fcrk, Kurtulu\u015f Sava\u015f\u0131n\u0131 istememi\u015f;  ayn\u0131 anda hem Amerikan mandas\u0131n\u0131 hem de kom\u00fcnizmi d\u00fc\u015f\u00fcnm\u00fc\u015ft\u00fcr. Karabekir Pa\u015fa, Atat\u00fcrk&#8217;\u00fcn Bal\u0131kesir Hutbesini dinlerken &#8221; Pa\u015fa halife mi olmak istiyor&#8221; diye, Kuran&#8217;\u0131 T\u00fcrk\u00e7ele\u015ftirmeye giri\u015fince &#8220;din elden gidiyor&#8221; diye; Cumhuriyet ilan edilince de Atat\u00fcrk&#8217;\u00fcn &#8221; Cumhuriyet g\u00f6r\u00fcn\u00fcml\u00fc diktat\u00f6rl\u00fc\u011f\u00fcnden&#8221; endi\u015felenmi\u015ftir.K\u0131z\u0131n\u0131n anlat\u0131m\u0131yla &#8221; devrimleri onaylayan, sadece halk\u0131 ikna etmeden, tepeden inme yap\u0131lmas\u0131na kar\u015f\u0131 \u00e7\u0131kan &#8221; karabekir, eine i\u015f\u00e7i olarak gelen \u00e7ar\u015fafl\u0131 kad\u0131n\u0131 ikna edip e\u011fitmeden &#8221; bir daha \u00e7ar\u015fafla gelirsen y\u0131rtt\u0131r\u0131r\u0131m&#8221; diyerek, e\u015finin mantosunu &#8220;tepeden inme&#8221; giydirmekte ise hi\u00e7 duraksamam\u0131\u015ft\u0131r. Muhafazakar g\u00f6r\u00fcnen Karabekir, asl\u0131nda Kemanla klasik bat\u0131 m\u00fczi\u011fi par\u00e7alar\u0131 \u00e7alar, k\u0131zlar\u0131 piyano da ona e\u015flik eder. E\u015fi ve k\u0131zlar\u0131n\u0131n ba\u015f\u0131 a\u00e7\u0131kt\u0131r. Namaz k\u0131lmaz, oru\u00e7 tutmaz, ama dine inan\u0131r. Atat\u00fcrk&#8217;le \u00e7at\u0131\u015fmas\u0131, derin ideoloji ayr\u0131l\u0131klardan \u00e7ok ki\u015fisel k\u0131rg\u0131nl\u0131klara ba\u011flanabilir.\u0130deolojik ayr\u0131l\u0131klardan \u00e7ok ki\u015fisel k\u0131rg\u0131nl\u0131klar\u0131n sadece kabu\u011fudur sanki. Mumcu&#8217;nun yorumu \u015f\u00f6yle; &#8221; Uygarl\u0131\u011f\u0131n ka\u00e7\u0131n\u0131lmaz depremleri olan ihtilal, evlatlar\u0131n\u0131 yer. devrim, o ko\u015fullarda zora dayanarak yap\u0131lm\u0131\u015ft\u0131r; ba\u015fka \u00e7\u00f6z\u00fcm yoktu. Mustafa Kemal K\u00f6ktenci &#8216;devrimci&#8217; , Karabekir2se devrimleri demokrosiyle benimsetmek isteyen &#8216;evrimci&#8217;dir. Atat\u00fcrk&#8217;\u00fcn yolu, o g\u00fcnler i\u00e7in ger\u00e7ek\u00e7i, hakl\u0131 ve sa\u011fl\u0131kl\u0131yd\u0131.<\/p>\n","protected":false},"excerpt":{"rendered":"<p>Karabekir&#8217;e g\u00f6re Atat\u00fcrk, Kurtulu\u015f Sava\u015f\u0131n\u0131 istememi\u015f; ayn\u0131 anda hem Amerikan mandas\u0131n\u0131 hem de kom\u00fcnizmi d\u00fc\u015f\u00fcnm\u00fc\u015ft\u00fcr. Karabekir Pa\u015fa, Atat\u00fcrk&#8217;\u00fcn Bal\u0131kesir Hutbesini dinlerken &#8221; Pa\u015fa halife mi olmak<span class=\"excerpt-hellip\"> [\u2026]<\/span><\/p>\n","protected":false},"featured_media":0,"template":"","meta":{"_monsterinsights_skip_tracking":false,"_monsterinsights_sitenote_active":false,"_monsterinsights_sitenote_note":"","_monsterinsights_sitenote_category":0},"product_brand":[],"product_cat":[13946,12304],"product_tag":[],"class_list":{"0":"post-709610","1":"product","2":"type-product","3":"status-publish","5":"product_cat-biyografi-otobiyografi","6":"product_cat-tarih","7":"pa_cilt-ciltsiz","8":"pa_tur-kitap","9":"pa_yayinevi-umag-yayinevi","10":"pa_yazar-ugur-mumcu","12":"first","13":"instock","14":"sale","15":"shipping-taxable","16":"purchasable","17":"product-type-simple"},"_links":{"self":[{"href":"https:\/\/roveyayinevi.com.tr\/index.php\/wp-json\/wp\/v2\/product\/709610","targetHints":{"allow":["GET"]}}],"collection":[{"href":"https:\/\/roveyayinevi.com.tr\/index.php\/wp-json\/wp\/v2\/product"}],"about":[{"href":"https:\/\/roveyayinevi.com.tr\/index.php\/wp-json\/wp\/v2\/types\/product"}],"wp:attachment":[{"href":"https:\/\/roveyayinevi.com.tr\/index.php\/wp-json\/wp\/v2\/media?parent=709610"}],"wp:term":[{"taxonomy":"product_brand","embeddable":true,"href":"https:\/\/roveyayinevi.com.tr\/index.php\/wp-json\/wp\/v2\/product_brand?post=709610"},{"taxonomy":"product_cat","embeddable":true,"href":"https:\/\/roveyayinevi.com.tr\/index.php\/wp-json\/wp\/v2\/product_cat?post=709610"},{"taxonomy":"product_tag","embeddable":true,"href":"https:\/\/roveyayinevi.com.tr\/index.php\/wp-json\/wp\/v2\/product_tag?post=709610"}],"curies":[{"name":"wp","href":"https:\/\/api.w.org\/{rel}","templated":true}]}}